{"id":6485,"date":"2025-06-04T17:51:58","date_gmt":"2025-06-04T17:51:58","guid":{"rendered":"https:\/\/www.faar.edu.br\/sitenovo\/?page_id=6485"},"modified":"2025-06-05T18:59:48","modified_gmt":"2025-06-05T18:59:48","slug":"submissao-revista-olhar-cientifico","status":"publish","type":"page","link":"https:\/\/www.faar.edu.br\/sitenovo\/submissao-revista-olhar-cientifico\/","title":{"rendered":"Submiss\u00e3o"},"content":{"rendered":"\t\t<div data-elementor-type=\"wp-page\" data-elementor-id=\"6485\" class=\"elementor elementor-6485\" data-elementor-post-type=\"page\">\n\t\t\t\t\t\t<section class=\"elementor-section elementor-top-section elementor-element elementor-element-2f5e00f7 elementor-section-height-min-height elementor-section-boxed elementor-section-height-default elementor-section-items-middle wpr-particle-no wpr-jarallax-no wpr-parallax-no wpr-sticky-section-no\" data-id=\"2f5e00f7\" data-element_type=\"section\" data-settings=\"{&quot;background_background&quot;:&quot;classic&quot;}\">\n\t\t\t\t\t\t\t<div class=\"elementor-background-overlay\"><\/div>\n\t\t\t\t\t\t\t<div class=\"elementor-container elementor-column-gap-default\">\n\t\t\t\t\t<div class=\"elementor-column elementor-col-100 elementor-top-column elementor-element elementor-element-13bc5c7d\" data-id=\"13bc5c7d\" data-element_type=\"column\">\n\t\t\t<div class=\"elementor-widget-wrap elementor-element-populated\">\n\t\t\t\t\t\t<div class=\"elementor-element elementor-element-6684e705 elementor-widget elementor-widget-heading\" data-id=\"6684e705\" data-element_type=\"widget\" data-widget_type=\"heading.default\">\n\t\t\t\t<div class=\"elementor-widget-container\">\n\t\t\t\t\t<h1 class=\"elementor-heading-title elementor-size-default\">Revista <b>olhar Cient\u00edfico<\/b><\/h1>\t\t\t\t<\/div>\n\t\t\t\t<\/div>\n\t\t\t\t\t<\/div>\n\t\t<\/div>\n\t\t\t\t\t<\/div>\n\t\t<\/section>\n\t\t\t\t<section class=\"elementor-section elementor-top-section elementor-element elementor-element-1e1f877 elementor-section-boxed elementor-section-height-default elementor-section-height-default wpr-particle-no wpr-jarallax-no wpr-parallax-no wpr-sticky-section-no\" data-id=\"1e1f877\" data-element_type=\"section\">\n\t\t\t\t\t\t<div class=\"elementor-container elementor-column-gap-default\">\n\t\t\t\t\t<div class=\"elementor-column elementor-col-100 elementor-top-column elementor-element elementor-element-e74f487\" data-id=\"e74f487\" data-element_type=\"column\">\n\t\t\t<div class=\"elementor-widget-wrap elementor-element-populated\">\n\t\t\t\t\t\t<div class=\"elementor-element elementor-element-c6884d0 elementor-nav-menu__align-end elementor-nav-menu--dropdown-tablet elementor-nav-menu__text-align-aside elementor-nav-menu--toggle elementor-nav-menu--burger elementor-widget elementor-widget-nav-menu\" data-id=\"c6884d0\" data-element_type=\"widget\" data-settings=\"{&quot;layout&quot;:&quot;horizontal&quot;,&quot;submenu_icon&quot;:{&quot;value&quot;:&quot;&lt;i class=\\&quot;fas fa-caret-down\\&quot;&gt;&lt;\\\/i&gt;&quot;,&quot;library&quot;:&quot;fa-solid&quot;},&quot;toggle&quot;:&quot;burger&quot;}\" data-widget_type=\"nav-menu.default\">\n\t\t\t\t<div class=\"elementor-widget-container\">\n\t\t\t\t\t\t\t\t<nav class=\"elementor-nav-menu--main elementor-nav-menu__container elementor-nav-menu--layout-horizontal e--pointer-underline e--animation-fade\">\n\t\t\t\t<ul id=\"menu-1-c6884d0\" class=\"elementor-nav-menu\"><li class=\"menu-item menu-item-type-custom menu-item-object-custom menu-item-6154\"><a href=\"http:\/\/www.faar.edu.br\/sitenovo\/revista-olhar-cientifico\/\" class=\"elementor-item\">Artigos<\/a><\/li>\n<li class=\"menu-item menu-item-type-custom menu-item-object-custom menu-item-has-children menu-item-6164\"><a href=\"#sobre\" class=\"elementor-item elementor-item-anchor\">Sobre<\/a>\n<ul class=\"sub-menu elementor-nav-menu--dropdown\">\n\t<li class=\"menu-item menu-item-type-post_type menu-item-object-page menu-item-6504\"><a href=\"https:\/\/www.faar.edu.br\/sitenovo\/sobre-a-revista-olhar-cientifico\/\" class=\"elementor-sub-item\">Sobre a Revista<\/a><\/li>\n\t<li class=\"menu-item menu-item-type-post_type menu-item-object-page menu-item-6499\"><a href=\"https:\/\/www.faar.edu.br\/sitenovo\/normas-editoriais-revista-olhar-cientifico\/\" class=\"elementor-sub-item\">Normas Editoriais<\/a><\/li>\n\t<li class=\"menu-item menu-item-type-post_type menu-item-object-page menu-item-6497\"><a href=\"https:\/\/www.faar.edu.br\/sitenovo\/equipe-editorial-revista-olhar-cientifico\/\" class=\"elementor-sub-item\">Equipe Editorial<\/a><\/li>\n<\/ul>\n<\/li>\n<li class=\"menu-item menu-item-type-post_type menu-item-object-page menu-item-6495\"><a href=\"https:\/\/www.faar.edu.br\/sitenovo\/submissao-revista-olhar-cientifico\/\" class=\"elementor-item\">Submiss\u00e3o<\/a><\/li>\n<li class=\"menu-item menu-item-type-post_type menu-item-object-page menu-item-6496\"><a href=\"https:\/\/www.faar.edu.br\/sitenovo\/contato-revista-olhar-cientifico\/\" class=\"elementor-item\">Contato<\/a><\/li>\n<\/ul>\t\t\t<\/nav>\n\t\t\t\t\t<div class=\"elementor-menu-toggle\" role=\"button\" tabindex=\"0\" aria-label=\"Menu Toggle\" aria-expanded=\"false\">\n\t\t\t<i aria-hidden=\"true\" role=\"presentation\" class=\"elementor-menu-toggle__icon--open eicon-menu-bar\"><\/i><i aria-hidden=\"true\" role=\"presentation\" class=\"elementor-menu-toggle__icon--close eicon-close\"><\/i>\t\t\t<span class=\"elementor-screen-only\">Menu<\/span>\n\t\t<\/div>\n\t\t\t\t\t<nav class=\"elementor-nav-menu--dropdown elementor-nav-menu__container\" aria-hidden=\"true\">\n\t\t\t\t<ul id=\"menu-2-c6884d0\" class=\"elementor-nav-menu\"><li class=\"menu-item menu-item-type-custom menu-item-object-custom menu-item-6154\"><a href=\"http:\/\/www.faar.edu.br\/sitenovo\/revista-olhar-cientifico\/\" class=\"elementor-item\" tabindex=\"-1\">Artigos<\/a><\/li>\n<li class=\"menu-item menu-item-type-custom menu-item-object-custom menu-item-has-children menu-item-6164\"><a href=\"#sobre\" class=\"elementor-item elementor-item-anchor\" tabindex=\"-1\">Sobre<\/a>\n<ul class=\"sub-menu elementor-nav-menu--dropdown\">\n\t<li class=\"menu-item menu-item-type-post_type menu-item-object-page menu-item-6504\"><a href=\"https:\/\/www.faar.edu.br\/sitenovo\/sobre-a-revista-olhar-cientifico\/\" class=\"elementor-sub-item\" tabindex=\"-1\">Sobre a Revista<\/a><\/li>\n\t<li class=\"menu-item menu-item-type-post_type menu-item-object-page menu-item-6499\"><a href=\"https:\/\/www.faar.edu.br\/sitenovo\/normas-editoriais-revista-olhar-cientifico\/\" class=\"elementor-sub-item\" tabindex=\"-1\">Normas Editoriais<\/a><\/li>\n\t<li class=\"menu-item menu-item-type-post_type menu-item-object-page menu-item-6497\"><a href=\"https:\/\/www.faar.edu.br\/sitenovo\/equipe-editorial-revista-olhar-cientifico\/\" class=\"elementor-sub-item\" tabindex=\"-1\">Equipe Editorial<\/a><\/li>\n<\/ul>\n<\/li>\n<li class=\"menu-item menu-item-type-post_type menu-item-object-page menu-item-6495\"><a href=\"https:\/\/www.faar.edu.br\/sitenovo\/submissao-revista-olhar-cientifico\/\" class=\"elementor-item\" tabindex=\"-1\">Submiss\u00e3o<\/a><\/li>\n<li class=\"menu-item menu-item-type-post_type menu-item-object-page menu-item-6496\"><a href=\"https:\/\/www.faar.edu.br\/sitenovo\/contato-revista-olhar-cientifico\/\" class=\"elementor-item\" tabindex=\"-1\">Contato<\/a><\/li>\n<\/ul>\t\t\t<\/nav>\n\t\t\t\t\t\t<\/div>\n\t\t\t\t<\/div>\n\t\t\t\t\t<\/div>\n\t\t<\/div>\n\t\t\t\t\t<\/div>\n\t\t<\/section>\n\t\t\t\t<section class=\"elementor-section elementor-top-section elementor-element elementor-element-6dd02a9 elementor-section-boxed elementor-section-height-default elementor-section-height-default wpr-particle-no wpr-jarallax-no wpr-parallax-no wpr-sticky-section-no\" data-id=\"6dd02a9\" data-element_type=\"section\">\n\t\t\t\t\t\t<div class=\"elementor-container elementor-column-gap-default\">\n\t\t\t\t\t<div class=\"elementor-column elementor-col-100 elementor-top-column elementor-element elementor-element-d307994\" data-id=\"d307994\" data-element_type=\"column\">\n\t\t\t<div class=\"elementor-widget-wrap elementor-element-populated\">\n\t\t\t\t\t\t<div class=\"elementor-element elementor-element-7485e39 elementor-widget elementor-widget-heading\" data-id=\"7485e39\" data-element_type=\"widget\" data-widget_type=\"heading.default\">\n\t\t\t\t<div class=\"elementor-widget-container\">\n\t\t\t\t\t<h2 class=\"elementor-heading-title elementor-size-default\">Submiss\u00e3o<\/h2>\t\t\t\t<\/div>\n\t\t\t\t<\/div>\n\t\t\t\t<div class=\"elementor-element elementor-element-312b769 elementor-widget elementor-widget-spacer\" data-id=\"312b769\" data-element_type=\"widget\" data-widget_type=\"spacer.default\">\n\t\t\t\t<div class=\"elementor-widget-container\">\n\t\t\t\t\t\t\t<div class=\"elementor-spacer\">\n\t\t\t<div class=\"elementor-spacer-inner\"><\/div>\n\t\t<\/div>\n\t\t\t\t\t\t<\/div>\n\t\t\t\t<\/div>\n\t\t\t\t<div class=\"elementor-element elementor-element-28c8ef1 elementor-widget elementor-widget-text-editor\" data-id=\"28c8ef1\" data-element_type=\"widget\" data-widget_type=\"text-editor.default\">\n\t\t\t\t<div class=\"elementor-widget-container\">\n\t\t\t\t\t\t\t\t\t<p><strong>PROCESSO DE SUBMISS\u00c3O ONLINE<\/strong><\/p><p>Leia o conte\u00fado das Instru\u00e7\u00f5es aos Autores, baixe os templates e prepare todo o material antes de iniciar o processo de submiss\u00e3o.<\/p><p>O peri\u00f3dico utiliza o sistema de avalia\u00e7\u00e3o por pares, preservando o sigilo, com omiss\u00e3o dos nomes de avaliadores e autores.<\/p><p>Os manuscritos submetidos que se encontram adequados \u00e0s normas de publica\u00e7\u00e3o s\u00e3o avaliados pelo Conselho Editorial quanto \u00e0 adequa\u00e7\u00e3o ao escopo da revista, originalidade e contribui\u00e7\u00e3o com o avan\u00e7o do conhecimento.<\/p><p>Os manuscritos submetidos s\u00e3o de inteira responsabilidade dos autores, n\u00e3o refletindo a opini\u00e3o dos Editores da revista.<\/p>\t\t\t\t\t\t\t\t<\/div>\n\t\t\t\t<\/div>\n\t\t\t\t<div class=\"elementor-element elementor-element-2dd5b5f elementor-widget elementor-widget-heading\" data-id=\"2dd5b5f\" data-element_type=\"widget\" data-widget_type=\"heading.default\">\n\t\t\t\t<div class=\"elementor-widget-container\">\n\t\t\t\t\t<h2 class=\"elementor-heading-title elementor-size-default\">Formul\u00e1rio para Submiss\u00e3o<\/h2>\t\t\t\t<\/div>\n\t\t\t\t<\/div>\n\t\t\t\t\t<\/div>\n\t\t<\/div>\n\t\t\t\t\t<\/div>\n\t\t<\/section>\n\t\t\t\t<section class=\"elementor-section elementor-top-section elementor-element elementor-element-a4d35d9 elementor-section-boxed elementor-section-height-default elementor-section-height-default wpr-particle-no wpr-jarallax-no wpr-parallax-no wpr-sticky-section-no\" data-id=\"a4d35d9\" data-element_type=\"section\">\n\t\t\t\t\t\t<div class=\"elementor-container elementor-column-gap-default\">\n\t\t\t\t\t<div class=\"elementor-column elementor-col-100 elementor-top-column elementor-element elementor-element-fdd5b88\" data-id=\"fdd5b88\" data-element_type=\"column\">\n\t\t\t<div class=\"elementor-widget-wrap elementor-element-populated\">\n\t\t\t\t\t\t<div class=\"elementor-element elementor-element-45e9580 elementor-button-align-stretch elementor-widget elementor-widget-form\" data-id=\"45e9580\" data-element_type=\"widget\" data-settings=\"{&quot;button_width&quot;:&quot;100&quot;,&quot;step_type&quot;:&quot;number_text&quot;,&quot;step_icon_shape&quot;:&quot;circle&quot;}\" data-widget_type=\"form.default\">\n\t\t\t\t<div class=\"elementor-widget-container\">\n\t\t\t\t\t\t\t<form class=\"elementor-form\" method=\"post\" name=\"Submiss\u00e3o Revista Olhar Cientifico\">\n\t\t\t<input type=\"hidden\" name=\"post_id\" value=\"6485\"\/>\n\t\t\t<input type=\"hidden\" name=\"form_id\" value=\"45e9580\"\/>\n\t\t\t<input type=\"hidden\" name=\"referer_title\" value=\"\" \/>\n\n\t\t\t\n\t\t\t<div class=\"elementor-form-fields-wrapper elementor-labels-above\">\n\t\t\t\t\t\t\t\t<div class=\"elementor-field-type-step elementor-field-group elementor-column elementor-field-group-field_19ccf59 elementor-col-100\">\n\t\t\t\t\t\t\t<div class=\"e-field-step elementor-hidden\" data-label=\"\" data-previousButton=\"\" data-nextButton=\"\" data-iconUrl=\"\" data-iconLibrary=\"fas fa-star\" data-icon=\"\" ><\/div>\n\n\t\t\t\t\t\t<\/div>\n\t\t\t\t\t\t\t\t<div class=\"elementor-field-type-text elementor-field-group elementor-column elementor-field-group-name elementor-col-50 elementor-field-required\">\n\t\t\t\t\t\t\t\t\t\t\t\t\t<input size=\"1\" type=\"text\" name=\"form_fields[name]\" id=\"form-field-name\" class=\"elementor-field elementor-size-sm  elementor-field-textual\" placeholder=\"Nome Completo\" required=\"required\" aria-required=\"true\">\n\t\t\t\t\t\t\t\t\t\t\t<\/div>\n\t\t\t\t\t\t\t\t<div class=\"elementor-field-type-email elementor-field-group elementor-column elementor-field-group-email elementor-col-50 elementor-field-required\">\n\t\t\t\t\t\t\t\t\t\t\t\t\t<input size=\"1\" type=\"email\" name=\"form_fields[email]\" id=\"form-field-email\" class=\"elementor-field elementor-size-sm  elementor-field-textual\" placeholder=\"E-mail\" required=\"required\" aria-required=\"true\">\n\t\t\t\t\t\t\t\t\t\t\t<\/div>\n\t\t\t\t\t\t\t\t<div class=\"elementor-field-type-text elementor-field-group elementor-column elementor-field-group-field_86e1d29 elementor-col-70 elementor-field-required\">\n\t\t\t\t\t\t\t\t\t\t\t\t\t<input size=\"1\" type=\"text\" name=\"form_fields[field_86e1d29]\" id=\"form-field-field_86e1d29\" class=\"elementor-field elementor-size-sm  elementor-field-textual\" placeholder=\"Endere\u00e7o Completo\" required=\"required\" aria-required=\"true\">\n\t\t\t\t\t\t\t\t\t\t\t<\/div>\n\t\t\t\t\t\t\t\t<div class=\"elementor-field-type-text elementor-field-group elementor-column elementor-field-group-field_42f1f29 elementor-col-30 elementor-field-required\">\n\t\t\t\t\t\t\t\t\t\t\t\t\t<input size=\"1\" type=\"text\" name=\"form_fields[field_42f1f29]\" id=\"form-field-field_42f1f29\" class=\"elementor-field elementor-size-sm  elementor-field-textual\" placeholder=\"Telefone (Whatsapp)\" required=\"required\" aria-required=\"true\">\n\t\t\t\t\t\t\t\t\t\t\t<\/div>\n\t\t\t\t\t\t\t\t<div class=\"elementor-field-type-text elementor-field-group elementor-column elementor-field-group-field_9eab3eb elementor-col-50 elementor-field-required\">\n\t\t\t\t\t\t\t\t\t\t\t\t\t<input size=\"1\" type=\"text\" name=\"form_fields[field_9eab3eb]\" id=\"form-field-field_9eab3eb\" class=\"elementor-field elementor-size-sm  elementor-field-textual\" placeholder=\"Orcid\" required=\"required\" aria-required=\"true\">\n\t\t\t\t\t\t\t\t\t\t\t<\/div>\n\t\t\t\t\t\t\t\t<div class=\"elementor-field-type-select elementor-field-group elementor-column elementor-field-group-field_d4ace41 elementor-col-50 elementor-field-required\">\n\t\t\t\t\t\t\t\t\t\t\t\t<label for=\"form-field-field_d4ace41\" class=\"elementor-field-label\">\n\t\t\t\t\t\t\t\tTitula\u00e7\u00e3o\t\t\t\t\t\t\t<\/label>\n\t\t\t\t\t\t\t\t<div class=\"elementor-field elementor-select-wrapper remove-before \">\n\t\t\t<div class=\"select-caret-down-wrapper\">\n\t\t\t\t<i aria-hidden=\"true\" class=\"eicon-caret-down\"><\/i>\t\t\t<\/div>\n\t\t\t<select name=\"form_fields[field_d4ace41]\" id=\"form-field-field_d4ace41\" class=\"elementor-field-textual elementor-size-sm\" required=\"required\" aria-required=\"true\">\n\t\t\t\t\t\t\t\t\t<option value=\"Gradua\u00e7\u00e3o\">Gradua\u00e7\u00e3o<\/option>\n\t\t\t\t\t\t\t\t\t<option value=\"Especialista\">Especialista<\/option>\n\t\t\t\t\t\t\t\t\t<option value=\"Mestrado\">Mestrado<\/option>\n\t\t\t\t\t\t\t\t\t<option value=\"Doutorado\">Doutorado<\/option>\n\t\t\t\t\t\t\t\t\t<option value=\"P\u00f3s-Doutorado \">P\u00f3s-Doutorado <\/option>\n\t\t\t\t\t\t\t<\/select>\n\t\t<\/div>\n\t\t\t\t\t\t<\/div>\n\t\t\t\t\t\t\t\t<div class=\"elementor-field-type-text elementor-field-group elementor-column elementor-field-group-field_44a504a elementor-col-50 elementor-field-required\">\n\t\t\t\t\t\t\t\t\t\t\t\t\t<input size=\"1\" type=\"text\" name=\"form_fields[field_44a504a]\" id=\"form-field-field_44a504a\" class=\"elementor-field elementor-size-sm  elementor-field-textual\" placeholder=\"Vinculo Institucional\" required=\"required\" aria-required=\"true\">\n\t\t\t\t\t\t\t\t\t\t\t<\/div>\n\t\t\t\t\t\t\t\t<div class=\"elementor-field-type-text elementor-field-group elementor-column elementor-field-group-field_c6e2bd1 elementor-col-50 elementor-field-required\">\n\t\t\t\t\t\t\t\t\t\t\t\t\t<input size=\"1\" type=\"text\" name=\"form_fields[field_c6e2bd1]\" id=\"form-field-field_c6e2bd1\" class=\"elementor-field elementor-size-sm  elementor-field-textual\" placeholder=\"Departamento\" required=\"required\" aria-required=\"true\">\n\t\t\t\t\t\t\t\t\t\t\t<\/div>\n\t\t\t\t\t\t\t\t<div class=\"elementor-field-type-text elementor-field-group elementor-column elementor-field-group-field_4ea9ef9 elementor-col-100 elementor-field-required\">\n\t\t\t\t\t\t\t\t\t\t\t\t\t<input size=\"1\" type=\"text\" name=\"form_fields[field_4ea9ef9]\" id=\"form-field-field_4ea9ef9\" class=\"elementor-field elementor-size-sm  elementor-field-textual\" placeholder=\"Endere\u00e7o Completo\" required=\"required\" aria-required=\"true\">\n\t\t\t\t\t\t\t\t\t\t\t<\/div>\n\t\t\t\t\t\t\t\t<div class=\"elementor-field-type-upload elementor-field-group elementor-column elementor-field-group-field_1348458 elementor-col-70\">\n\t\t\t\t\t\t\t\t\t\t\t\t<label for=\"form-field-field_1348458\" class=\"elementor-field-label\">\n\t\t\t\t\t\t\t\tAnexo - Declara\u00e7\u00e3o de direitos autorais\t\t\t\t\t\t\t<\/label>\n\t\t\t\t\t\t\t\t<input type=\"file\" name=\"form_fields[field_1348458]\" id=\"form-field-field_1348458\" class=\"elementor-field elementor-size-sm  elementor-upload-field\">\n\n\t\t\t\t\t\t<\/div>\n\t\t\t\t\t\t\t\t<div class=\"elementor-field-type-select elementor-field-group elementor-column elementor-field-group-field_881b73f elementor-col-40\">\n\t\t\t\t\t\t\t\t\t\t\t\t<label for=\"form-field-field_881b73f\" class=\"elementor-field-label\">\n\t\t\t\t\t\t\t\tTipo de Submiss\u00e3o do Manuscrito:\t\t\t\t\t\t\t<\/label>\n\t\t\t\t\t\t\t\t<div class=\"elementor-field elementor-select-wrapper remove-before \">\n\t\t\t<div class=\"select-caret-down-wrapper\">\n\t\t\t\t<i aria-hidden=\"true\" class=\"eicon-caret-down\"><\/i>\t\t\t<\/div>\n\t\t\t<select name=\"form_fields[field_881b73f]\" id=\"form-field-field_881b73f\" class=\"elementor-field-textual elementor-size-sm\">\n\t\t\t\t\t\t\t\t\t<option value=\"Artigos de revis\u00e3o\">Artigos de revis\u00e3o<\/option>\n\t\t\t\t\t\t\t\t\t<option value=\"Artigos de Opini\u00e3o\">Artigos de Opini\u00e3o<\/option>\n\t\t\t\t\t\t\t\t\t<option value=\"Artigos de Reflex\u00e3o\">Artigos de Reflex\u00e3o<\/option>\n\t\t\t\t\t\t\t\t\t<option value=\"Relato de Experi\u00eancia\">Relato de Experi\u00eancia<\/option>\n\t\t\t\t\t\t\t\t\t<option value=\"Relato de Experi\u00eancia de Inova\u00e7\u00e3o Tecnol\u00f3gica\">Relato de Experi\u00eancia de Inova\u00e7\u00e3o Tecnol\u00f3gica<\/option>\n\t\t\t\t\t\t\t\t\t<option value=\"Se\u00e7\u00e3o Cofen\/Conselhos Regionais em Foco\">Se\u00e7\u00e3o Cofen\/Conselhos Regionais em Foco<\/option>\n\t\t\t\t\t\t\t\t\t<option value=\"Resenhas de Livros\">Resenhas de Livros<\/option>\n\t\t\t\t\t\t\t\t\t<option value=\"Carta ao Editor\">Carta ao Editor<\/option>\n\t\t\t\t\t\t\t\t\t<option value=\"Resposta do autor\">Resposta do autor<\/option>\n\t\t\t\t\t\t\t<\/select>\n\t\t<\/div>\n\t\t\t\t\t\t<\/div>\n\t\t\t\t\t\t\t\t<div class=\"elementor-field-type-textarea elementor-field-group elementor-column elementor-field-group-field_da22564 elementor-col-100\">\n\t\t\t\t\t<textarea class=\"elementor-field-textual elementor-field  elementor-size-sm\" name=\"form_fields[field_da22564]\" id=\"form-field-field_da22564\" rows=\"4\" placeholder=\"Resumo\"><\/textarea>\t\t\t\t<\/div>\n\t\t\t\t\t\t\t\t<div class=\"elementor-field-type-text elementor-field-group elementor-column elementor-field-group-field_c69a640 elementor-col-100\">\n\t\t\t\t\t\t\t\t\t\t\t\t\t<input size=\"1\" type=\"text\" name=\"form_fields[field_c69a640]\" id=\"form-field-field_c69a640\" class=\"elementor-field elementor-size-sm  elementor-field-textual\" placeholder=\"Titulo\">\n\t\t\t\t\t\t\t\t\t\t\t<\/div>\n\t\t\t\t\t\t\t\t<div class=\"elementor-field-type-textarea elementor-field-group elementor-column elementor-field-group-field_4f8dc52 elementor-col-100\">\n\t\t\t\t\t<textarea class=\"elementor-field-textual elementor-field  elementor-size-sm\" name=\"form_fields[field_4f8dc52]\" id=\"form-field-field_4f8dc52\" rows=\"4\" placeholder=\"Carta de Apresenta\u00e7\u00e3o\"><\/textarea>\t\t\t\t<\/div>\n\t\t\t\t\t\t\t\t<div class=\"elementor-field-type-checkbox elementor-field-group elementor-column elementor-field-group-field_eeceacc elementor-col-100\">\n\t\t\t\t\t<div class=\"elementor-field-subgroup  \"><span class=\"elementor-field-option\"><input type=\"checkbox\" value=\"Confirme se toda a pesquisa atende \u00e0s diretrizes \u00e9ticas, incluindo a ades\u00e3o aos requisitos legais do pa\u00eds do estudo.\" id=\"form-field-field_eeceacc-0\" name=\"form_fields[field_eeceacc]\"> <label for=\"form-field-field_eeceacc-0\">Confirme se toda a pesquisa atende \u00e0s diretrizes \u00e9ticas, incluindo a ades\u00e3o aos requisitos legais do pa\u00eds do estudo.<\/label><\/span><\/div>\t\t\t\t<\/div>\n\t\t\t\t\t\t\t\t<div class=\"elementor-field-type-checkbox elementor-field-group elementor-column elementor-field-group-field_78be83b elementor-col-100\">\n\t\t\t\t\t<div class=\"elementor-field-subgroup  \"><span class=\"elementor-field-option\"><input type=\"checkbox\" value=\"Confirme que o manuscrito foi submetido exclusivamente a esta revista e n\u00e3o foi publicado, no prelo ou submetido a outro lugar\" id=\"form-field-field_78be83b-0\" name=\"form_fields[field_78be83b]\"> <label for=\"form-field-field_78be83b-0\">Confirme que o manuscrito foi submetido exclusivamente a esta revista e n\u00e3o foi publicado, no prelo ou submetido a outro lugar<\/label><\/span><\/div>\t\t\t\t<\/div>\n\t\t\t\t\t\t\t\t<div class=\"elementor-field-type-upload elementor-field-group elementor-column elementor-field-group-field_177ed10 elementor-col-100\">\n\t\t\t\t\t\t\t\t\t\t\t\t<label for=\"form-field-field_177ed10\" class=\"elementor-field-label\">\n\t\t\t\t\t\t\t\tANEXE SEU MANUSCRITO\t\t\t\t\t\t\t<\/label>\n\t\t\t\t\t\t\t\t<input type=\"file\" name=\"form_fields[field_177ed10]\" id=\"form-field-field_177ed10\" class=\"elementor-field elementor-size-sm  elementor-upload-field\">\n\n\t\t\t\t\t\t<\/div>\n\t\t\t\t\t\t\t\t<div class=\"elementor-field-group elementor-column elementor-field-type-submit elementor-col-100 e-form__buttons\">\n\t\t\t\t\t<button type=\"submit\" class=\"elementor-button elementor-size-sm\">\n\t\t\t\t\t\t<span >\n\t\t\t\t\t\t\t\t\t\t\t\t\t\t\t<span class=\"elementor-align-icon-left elementor-button-icon\">\n\t\t\t\t\t\t\t\t\t<i aria-hidden=\"true\" class=\"fas fa-paper-plane\"><\/i>\t\t\t\t\t\t\t\t\t\t\t\t\t\t\t\t\t<\/span>\n\t\t\t\t\t\t\t\t\t\t\t\t\t\t\t\t\t\t\t\t\t\t<span class=\"elementor-button-text\">Enviar<\/span>\n\t\t\t\t\t\t\t\t\t\t\t\t\t<\/span>\n\t\t\t\t\t<\/button>\n\t\t\t\t<\/div>\n\t\t\t<\/div>\n\t\t<\/form>\n\t\t\t\t\t\t<\/div>\n\t\t\t\t<\/div>\n\t\t\t\t\t<\/div>\n\t\t<\/div>\n\t\t\t\t\t<\/div>\n\t\t<\/section>\n\t\t\t\t<\/div>\n\t\t","protected":false},"excerpt":{"rendered":"<p>Revista olhar Cient\u00edfico Submiss\u00e3o PROCESSO DE SUBMISS\u00c3O ONLINE Leia o conte\u00fado das Instru\u00e7\u00f5es aos Autores, baixe os templates e prepare todo o material antes de iniciar o processo de submiss\u00e3o. O peri\u00f3dico utiliza o sistema de avalia\u00e7\u00e3o por pares, preservando o sigilo, com omiss\u00e3o dos nomes de avaliadores e autores. Os manuscritos submetidos que se encontram adequados \u00e0s normas de publica\u00e7\u00e3o s\u00e3o avaliados pelo Conselho Editorial quanto \u00e0 adequa\u00e7\u00e3o ao escopo da revista, originalidade e contribui\u00e7\u00e3o com o avan\u00e7o do conhecimento. Os manuscritos submetidos s\u00e3o de inteira responsabilidade dos autores, n\u00e3o refletindo a opini\u00e3o dos Editores da revista. Formul\u00e1rio para Submiss\u00e3o<\/p>\n","protected":false},"author":1,"featured_media":0,"parent":0,"menu_order":0,"comment_status":"closed","ping_status":"closed","template":"","meta":{"_acf_changed":false,"_uag_custom_page_level_css":"","footnotes":""},"class_list":["post-6485","page","type-page","status-publish","hentry"],"acf":[],"uagb_featured_image_src":{"full":false,"thumbnail":false,"medium":false,"medium_large":false,"large":false,"1536x1536":false,"2048x2048":false},"uagb_author_info":{"display_name":"admin","author_link":"https:\/\/www.faar.edu.br\/sitenovo\/author\/admin\/"},"uagb_comment_info":0,"uagb_excerpt":"Revista olhar Cient\u00edfico Submiss\u00e3o PROCESSO DE SUBMISS\u00c3O ONLINE Leia o conte\u00fado das Instru\u00e7\u00f5es aos Autores, baixe os templates e prepare todo o material antes de iniciar o processo de submiss\u00e3o. O peri\u00f3dico utiliza o sistema de avalia\u00e7\u00e3o por pares, preservando o sigilo, com omiss\u00e3o dos nomes de avaliadores e autores. Os manuscritos submetidos que se&hellip;","_links":{"self":[{"href":"https:\/\/www.faar.edu.br\/sitenovo\/wp-json\/wp\/v2\/pages\/6485","targetHints":{"allow":["GET"]}}],"collection":[{"href":"https:\/\/www.faar.edu.br\/sitenovo\/wp-json\/wp\/v2\/pages"}],"about":[{"href":"https:\/\/www.faar.edu.br\/sitenovo\/wp-json\/wp\/v2\/types\/page"}],"author":[{"embeddable":true,"href":"https:\/\/www.faar.edu.br\/sitenovo\/wp-json\/wp\/v2\/users\/1"}],"replies":[{"embeddable":true,"href":"https:\/\/www.faar.edu.br\/sitenovo\/wp-json\/wp\/v2\/comments?post=6485"}],"version-history":[{"count":13,"href":"https:\/\/www.faar.edu.br\/sitenovo\/wp-json\/wp\/v2\/pages\/6485\/revisions"}],"predecessor-version":[{"id":6535,"href":"https:\/\/www.faar.edu.br\/sitenovo\/wp-json\/wp\/v2\/pages\/6485\/revisions\/6535"}],"wp:attachment":[{"href":"https:\/\/www.faar.edu.br\/sitenovo\/wp-json\/wp\/v2\/media?parent=6485"}],"curies":[{"name":"wp","href":"https:\/\/api.w.org\/{rel}","templated":true}]}}