{"id":6478,"date":"2025-06-04T17:46:28","date_gmt":"2025-06-04T17:46:28","guid":{"rendered":"https:\/\/www.faar.edu.br\/sitenovo\/?page_id=6478"},"modified":"2025-06-04T17:49:46","modified_gmt":"2025-06-04T17:49:46","slug":"equipe-editorial-revista-olhar-cientifico","status":"publish","type":"page","link":"https:\/\/www.faar.edu.br\/sitenovo\/equipe-editorial-revista-olhar-cientifico\/","title":{"rendered":"Equipe Editorial"},"content":{"rendered":"\t\t<div data-elementor-type=\"wp-page\" data-elementor-id=\"6478\" class=\"elementor elementor-6478\" data-elementor-post-type=\"page\">\n\t\t\t\t\t\t<section class=\"elementor-section elementor-top-section elementor-element elementor-element-2f5e00f7 elementor-section-height-min-height elementor-section-boxed elementor-section-height-default elementor-section-items-middle wpr-particle-no wpr-jarallax-no wpr-parallax-no wpr-sticky-section-no\" data-id=\"2f5e00f7\" data-element_type=\"section\" data-settings=\"{&quot;background_background&quot;:&quot;classic&quot;}\">\n\t\t\t\t\t\t\t<div class=\"elementor-background-overlay\"><\/div>\n\t\t\t\t\t\t\t<div class=\"elementor-container elementor-column-gap-default\">\n\t\t\t\t\t<div class=\"elementor-column elementor-col-100 elementor-top-column elementor-element elementor-element-13bc5c7d\" data-id=\"13bc5c7d\" data-element_type=\"column\">\n\t\t\t<div class=\"elementor-widget-wrap elementor-element-populated\">\n\t\t\t\t\t\t<div class=\"elementor-element elementor-element-6684e705 elementor-widget elementor-widget-heading\" data-id=\"6684e705\" data-element_type=\"widget\" data-widget_type=\"heading.default\">\n\t\t\t\t<div class=\"elementor-widget-container\">\n\t\t\t\t\t<h1 class=\"elementor-heading-title elementor-size-default\">Revista <b>olhar Cient\u00edfico<\/b><\/h1>\t\t\t\t<\/div>\n\t\t\t\t<\/div>\n\t\t\t\t\t<\/div>\n\t\t<\/div>\n\t\t\t\t\t<\/div>\n\t\t<\/section>\n\t\t\t\t<section class=\"elementor-section elementor-top-section elementor-element elementor-element-1e1f877 elementor-section-boxed elementor-section-height-default elementor-section-height-default wpr-particle-no wpr-jarallax-no wpr-parallax-no wpr-sticky-section-no\" data-id=\"1e1f877\" data-element_type=\"section\">\n\t\t\t\t\t\t<div class=\"elementor-container elementor-column-gap-default\">\n\t\t\t\t\t<div class=\"elementor-column elementor-col-100 elementor-top-column elementor-element elementor-element-e74f487\" data-id=\"e74f487\" data-element_type=\"column\">\n\t\t\t<div class=\"elementor-widget-wrap elementor-element-populated\">\n\t\t\t\t\t\t<div class=\"elementor-element elementor-element-c6884d0 elementor-nav-menu__align-end elementor-nav-menu--dropdown-tablet elementor-nav-menu__text-align-aside elementor-nav-menu--toggle elementor-nav-menu--burger elementor-widget elementor-widget-nav-menu\" data-id=\"c6884d0\" data-element_type=\"widget\" data-settings=\"{&quot;layout&quot;:&quot;horizontal&quot;,&quot;submenu_icon&quot;:{&quot;value&quot;:&quot;&lt;i class=\\&quot;fas fa-caret-down\\&quot;&gt;&lt;\\\/i&gt;&quot;,&quot;library&quot;:&quot;fa-solid&quot;},&quot;toggle&quot;:&quot;burger&quot;}\" data-widget_type=\"nav-menu.default\">\n\t\t\t\t<div class=\"elementor-widget-container\">\n\t\t\t\t\t\t\t\t<nav class=\"elementor-nav-menu--main elementor-nav-menu__container elementor-nav-menu--layout-horizontal e--pointer-underline e--animation-fade\">\n\t\t\t\t<ul id=\"menu-1-c6884d0\" class=\"elementor-nav-menu\"><li class=\"menu-item menu-item-type-custom menu-item-object-custom menu-item-6154\"><a href=\"http:\/\/www.faar.edu.br\/sitenovo\/revista-olhar-cientifico\/\" class=\"elementor-item\">Artigos<\/a><\/li>\n<li class=\"menu-item menu-item-type-custom menu-item-object-custom menu-item-has-children menu-item-6164\"><a href=\"#sobre\" class=\"elementor-item elementor-item-anchor\">Sobre<\/a>\n<ul class=\"sub-menu elementor-nav-menu--dropdown\">\n\t<li class=\"menu-item menu-item-type-post_type menu-item-object-page menu-item-6504\"><a href=\"https:\/\/www.faar.edu.br\/sitenovo\/sobre-a-revista-olhar-cientifico\/\" class=\"elementor-sub-item\">Sobre a Revista<\/a><\/li>\n\t<li class=\"menu-item menu-item-type-post_type menu-item-object-page menu-item-6499\"><a href=\"https:\/\/www.faar.edu.br\/sitenovo\/normas-editoriais-revista-olhar-cientifico\/\" class=\"elementor-sub-item\">Normas Editoriais<\/a><\/li>\n\t<li class=\"menu-item menu-item-type-post_type menu-item-object-page menu-item-6497\"><a href=\"https:\/\/www.faar.edu.br\/sitenovo\/equipe-editorial-revista-olhar-cientifico\/\" class=\"elementor-sub-item\">Equipe Editorial<\/a><\/li>\n<\/ul>\n<\/li>\n<li class=\"menu-item menu-item-type-post_type menu-item-object-page menu-item-6495\"><a href=\"https:\/\/www.faar.edu.br\/sitenovo\/submissao-revista-olhar-cientifico\/\" class=\"elementor-item\">Submiss\u00e3o<\/a><\/li>\n<li class=\"menu-item menu-item-type-post_type menu-item-object-page menu-item-6496\"><a href=\"https:\/\/www.faar.edu.br\/sitenovo\/contato-revista-olhar-cientifico\/\" class=\"elementor-item\">Contato<\/a><\/li>\n<\/ul>\t\t\t<\/nav>\n\t\t\t\t\t<div class=\"elementor-menu-toggle\" role=\"button\" tabindex=\"0\" aria-label=\"Menu Toggle\" aria-expanded=\"false\">\n\t\t\t<i aria-hidden=\"true\" role=\"presentation\" class=\"elementor-menu-toggle__icon--open eicon-menu-bar\"><\/i><i aria-hidden=\"true\" role=\"presentation\" class=\"elementor-menu-toggle__icon--close eicon-close\"><\/i>\t\t\t<span class=\"elementor-screen-only\">Menu<\/span>\n\t\t<\/div>\n\t\t\t\t\t<nav class=\"elementor-nav-menu--dropdown elementor-nav-menu__container\" aria-hidden=\"true\">\n\t\t\t\t<ul id=\"menu-2-c6884d0\" class=\"elementor-nav-menu\"><li class=\"menu-item menu-item-type-custom menu-item-object-custom menu-item-6154\"><a href=\"http:\/\/www.faar.edu.br\/sitenovo\/revista-olhar-cientifico\/\" class=\"elementor-item\" tabindex=\"-1\">Artigos<\/a><\/li>\n<li class=\"menu-item menu-item-type-custom menu-item-object-custom menu-item-has-children menu-item-6164\"><a href=\"#sobre\" class=\"elementor-item elementor-item-anchor\" tabindex=\"-1\">Sobre<\/a>\n<ul class=\"sub-menu elementor-nav-menu--dropdown\">\n\t<li class=\"menu-item menu-item-type-post_type menu-item-object-page menu-item-6504\"><a href=\"https:\/\/www.faar.edu.br\/sitenovo\/sobre-a-revista-olhar-cientifico\/\" class=\"elementor-sub-item\" tabindex=\"-1\">Sobre a Revista<\/a><\/li>\n\t<li class=\"menu-item menu-item-type-post_type menu-item-object-page menu-item-6499\"><a href=\"https:\/\/www.faar.edu.br\/sitenovo\/normas-editoriais-revista-olhar-cientifico\/\" class=\"elementor-sub-item\" tabindex=\"-1\">Normas Editoriais<\/a><\/li>\n\t<li class=\"menu-item menu-item-type-post_type menu-item-object-page menu-item-6497\"><a href=\"https:\/\/www.faar.edu.br\/sitenovo\/equipe-editorial-revista-olhar-cientifico\/\" class=\"elementor-sub-item\" tabindex=\"-1\">Equipe Editorial<\/a><\/li>\n<\/ul>\n<\/li>\n<li class=\"menu-item menu-item-type-post_type menu-item-object-page menu-item-6495\"><a href=\"https:\/\/www.faar.edu.br\/sitenovo\/submissao-revista-olhar-cientifico\/\" class=\"elementor-item\" tabindex=\"-1\">Submiss\u00e3o<\/a><\/li>\n<li class=\"menu-item menu-item-type-post_type menu-item-object-page menu-item-6496\"><a href=\"https:\/\/www.faar.edu.br\/sitenovo\/contato-revista-olhar-cientifico\/\" class=\"elementor-item\" tabindex=\"-1\">Contato<\/a><\/li>\n<\/ul>\t\t\t<\/nav>\n\t\t\t\t\t\t<\/div>\n\t\t\t\t<\/div>\n\t\t\t\t\t<\/div>\n\t\t<\/div>\n\t\t\t\t\t<\/div>\n\t\t<\/section>\n\t\t\t\t<section class=\"elementor-section elementor-top-section elementor-element elementor-element-0b0456e elementor-section-boxed elementor-section-height-default elementor-section-height-default wpr-particle-no wpr-jarallax-no wpr-parallax-no wpr-sticky-section-no\" data-id=\"0b0456e\" data-element_type=\"section\">\n\t\t\t\t\t\t<div class=\"elementor-container elementor-column-gap-default\">\n\t\t\t\t\t<div class=\"elementor-column elementor-col-100 elementor-top-column elementor-element elementor-element-027c33b\" data-id=\"027c33b\" data-element_type=\"column\">\n\t\t\t<div class=\"elementor-widget-wrap elementor-element-populated\">\n\t\t\t\t\t\t<div class=\"elementor-element elementor-element-be4fa56 elementor-widget elementor-widget-heading\" data-id=\"be4fa56\" data-element_type=\"widget\" data-widget_type=\"heading.default\">\n\t\t\t\t<div class=\"elementor-widget-container\">\n\t\t\t\t\t<h2 class=\"elementor-heading-title elementor-size-default\">Equipe Editorial<\/h2>\t\t\t\t<\/div>\n\t\t\t\t<\/div>\n\t\t\t\t<div class=\"elementor-element elementor-element-ad098e5 elementor-widget elementor-widget-spacer\" data-id=\"ad098e5\" data-element_type=\"widget\" data-widget_type=\"spacer.default\">\n\t\t\t\t<div class=\"elementor-widget-container\">\n\t\t\t\t\t\t\t<div class=\"elementor-spacer\">\n\t\t\t<div class=\"elementor-spacer-inner\"><\/div>\n\t\t<\/div>\n\t\t\t\t\t\t<\/div>\n\t\t\t\t<\/div>\n\t\t\t\t\t<\/div>\n\t\t<\/div>\n\t\t\t\t\t<\/div>\n\t\t<\/section>\n\t\t\t\t<section class=\"elementor-section elementor-top-section elementor-element elementor-element-4bc8dbf elementor-section-boxed elementor-section-height-default elementor-section-height-default wpr-particle-no wpr-jarallax-no wpr-parallax-no wpr-sticky-section-no\" data-id=\"4bc8dbf\" data-element_type=\"section\">\n\t\t\t\t\t\t<div class=\"elementor-container elementor-column-gap-default\">\n\t\t\t\t\t<div class=\"elementor-column elementor-col-100 elementor-top-column elementor-element elementor-element-54a0914\" data-id=\"54a0914\" data-element_type=\"column\">\n\t\t\t<div class=\"elementor-widget-wrap elementor-element-populated\">\n\t\t\t\t\t\t<div class=\"elementor-element elementor-element-ae351ae elementor-widget elementor-widget-text-editor\" data-id=\"ae351ae\" data-element_type=\"widget\" data-widget_type=\"text-editor.default\">\n\t\t\t\t<div class=\"elementor-widget-container\">\n\t\t\t\t\t\t\t\t\t<p style=\"text-align: center;\"><strong><span style=\"color: #000000;\">Editora<\/span> Chefe:<\/strong><\/p><p style=\"text-align: center;\">Ma. Viviane Pereira Bacarin<\/p><hr \/><p style=\"text-align: center;\"><strong>Editor Cient\u00edfico:<\/strong><\/p><p style=\"text-align: center;\">Me. Ivanilde Jose Rosique<\/p><hr \/><p style=\"text-align: center;\"><strong>Editores Associados:<\/strong> <br \/>Dra. Fabia Maria Pereira S\u00e1<\/p><p style=\"text-align: center;\">Dr. Roberto Nicolete<\/p><p style=\"text-align: center;\">Dr. William C. Silva Pizzaia<\/p><p style=\"text-align: center;\">Dr. Luciano Garcia Louren\u00e7\u00e3o<\/p><p style=\"text-align: center;\">Dr. Andreimar Martins Soares<\/p><p style=\"text-align: center;\">Me. Flavio Estev\u00e3o<\/p><p style=\"text-align: center;\">Ma. Elenice Cristina da Rocha<\/p><p style=\"text-align: center;\">Ma. Jakline Brandhuber de Moura<\/p>\t\t\t\t\t\t\t\t<\/div>\n\t\t\t\t<\/div>\n\t\t\t\t<div class=\"elementor-element elementor-element-de51b5a elementor-widget-divider--view-line elementor-widget elementor-widget-divider\" data-id=\"de51b5a\" data-element_type=\"widget\" data-widget_type=\"divider.default\">\n\t\t\t\t<div class=\"elementor-widget-container\">\n\t\t\t\t\t\t\t<div class=\"elementor-divider\">\n\t\t\t<span class=\"elementor-divider-separator\">\n\t\t\t\t\t\t<\/span>\n\t\t<\/div>\n\t\t\t\t\t\t<\/div>\n\t\t\t\t<\/div>\n\t\t\t\t\t<\/div>\n\t\t<\/div>\n\t\t\t\t\t<\/div>\n\t\t<\/section>\n\t\t\t\t<section class=\"elementor-section elementor-top-section elementor-element elementor-element-374e61e elementor-section-boxed elementor-section-height-default elementor-section-height-default wpr-particle-no wpr-jarallax-no wpr-parallax-no wpr-sticky-section-no\" data-id=\"374e61e\" data-element_type=\"section\">\n\t\t\t\t\t\t<div class=\"elementor-container elementor-column-gap-default\">\n\t\t\t\t\t<div class=\"elementor-column elementor-col-100 elementor-top-column elementor-element elementor-element-72ed3d3\" data-id=\"72ed3d3\" data-element_type=\"column\">\n\t\t\t<div class=\"elementor-widget-wrap elementor-element-populated\">\n\t\t\t\t\t\t<div class=\"elementor-element elementor-element-54feb8a elementor-widget elementor-widget-spacer\" data-id=\"54feb8a\" data-element_type=\"widget\" data-widget_type=\"spacer.default\">\n\t\t\t\t<div class=\"elementor-widget-container\">\n\t\t\t\t\t\t\t<div class=\"elementor-spacer\">\n\t\t\t<div class=\"elementor-spacer-inner\"><\/div>\n\t\t<\/div>\n\t\t\t\t\t\t<\/div>\n\t\t\t\t<\/div>\n\t\t\t\t\t<\/div>\n\t\t<\/div>\n\t\t\t\t\t<\/div>\n\t\t<\/section>\n\t\t\t\t<\/div>\n\t\t","protected":false},"excerpt":{"rendered":"<p>Revista olhar Cient\u00edfico Equipe Editorial Editora Chefe: Ma. Viviane Pereira Bacarin Editor Cient\u00edfico: Me. Ivanilde Jose Rosique Editores Associados: Dra. Fabia Maria Pereira S\u00e1 Dr. Roberto Nicolete Dr. William C. Silva Pizzaia Dr. Luciano Garcia Louren\u00e7\u00e3o Dr. Andreimar Martins Soares Me. Flavio Estev\u00e3o Ma. Elenice Cristina da Rocha Ma. Jakline Brandhuber de Moura<\/p>\n","protected":false},"author":1,"featured_media":0,"parent":0,"menu_order":0,"comment_status":"closed","ping_status":"closed","template":"","meta":{"_acf_changed":false,"_uag_custom_page_level_css":"","footnotes":""},"class_list":["post-6478","page","type-page","status-publish","hentry"],"acf":[],"uagb_featured_image_src":{"full":false,"thumbnail":false,"medium":false,"medium_large":false,"large":false,"1536x1536":false,"2048x2048":false},"uagb_author_info":{"display_name":"admin","author_link":"https:\/\/www.faar.edu.br\/sitenovo\/author\/admin\/"},"uagb_comment_info":0,"uagb_excerpt":"Revista olhar Cient\u00edfico Equipe Editorial Editora Chefe: Ma. Viviane Pereira Bacarin Editor Cient\u00edfico: Me. Ivanilde Jose Rosique Editores Associados: Dra. Fabia Maria Pereira S\u00e1 Dr. Roberto Nicolete Dr. William C. Silva Pizzaia Dr. Luciano Garcia Louren\u00e7\u00e3o Dr. Andreimar Martins Soares Me. Flavio Estev\u00e3o Ma. Elenice Cristina da Rocha Ma. Jakline Brandhuber de Moura","_links":{"self":[{"href":"https:\/\/www.faar.edu.br\/sitenovo\/wp-json\/wp\/v2\/pages\/6478","targetHints":{"allow":["GET"]}}],"collection":[{"href":"https:\/\/www.faar.edu.br\/sitenovo\/wp-json\/wp\/v2\/pages"}],"about":[{"href":"https:\/\/www.faar.edu.br\/sitenovo\/wp-json\/wp\/v2\/types\/page"}],"author":[{"embeddable":true,"href":"https:\/\/www.faar.edu.br\/sitenovo\/wp-json\/wp\/v2\/users\/1"}],"replies":[{"embeddable":true,"href":"https:\/\/www.faar.edu.br\/sitenovo\/wp-json\/wp\/v2\/comments?post=6478"}],"version-history":[{"count":4,"href":"https:\/\/www.faar.edu.br\/sitenovo\/wp-json\/wp\/v2\/pages\/6478\/revisions"}],"predecessor-version":[{"id":6483,"href":"https:\/\/www.faar.edu.br\/sitenovo\/wp-json\/wp\/v2\/pages\/6478\/revisions\/6483"}],"wp:attachment":[{"href":"https:\/\/www.faar.edu.br\/sitenovo\/wp-json\/wp\/v2\/media?parent=6478"}],"curies":[{"name":"wp","href":"https:\/\/api.w.org\/{rel}","templated":true}]}}