{"id":426,"date":"2021-09-19T02:41:33","date_gmt":"2021-09-19T02:41:33","guid":{"rendered":"http:\/\/faar.edu.br\/sitenovo\/?page_id=426"},"modified":"2022-04-20T19:34:00","modified_gmt":"2022-04-20T19:34:00","slug":"diretoria","status":"publish","type":"page","link":"https:\/\/www.faar.edu.br\/sitenovo\/diretoria\/","title":{"rendered":"Diretoria"},"content":{"rendered":"\t\t<div data-elementor-type=\"wp-page\" data-elementor-id=\"426\" class=\"elementor elementor-426\" data-elementor-post-type=\"page\">\n\t\t\t\t\t\t<section class=\"elementor-section elementor-top-section elementor-element elementor-element-24ec71ad elementor-section-stretched elementor-section-height-min-height elementor-section-boxed elementor-section-height-default elementor-section-items-middle wpr-particle-no wpr-jarallax-no wpr-parallax-no wpr-sticky-section-no\" data-id=\"24ec71ad\" data-element_type=\"section\" data-settings=\"{&quot;stretch_section&quot;:&quot;section-stretched&quot;,&quot;background_background&quot;:&quot;gradient&quot;}\">\n\t\t\t\t\t\t\t<div class=\"elementor-background-overlay\"><\/div>\n\t\t\t\t\t\t\t<div class=\"elementor-container elementor-column-gap-default\">\n\t\t\t\t\t<div class=\"elementor-column elementor-col-100 elementor-top-column elementor-element elementor-element-191d8490\" data-id=\"191d8490\" data-element_type=\"column\">\n\t\t\t<div class=\"elementor-widget-wrap elementor-element-populated\">\n\t\t\t\t\t\t<div class=\"elementor-element elementor-element-3b339509 elementor-invisible elementor-widget elementor-widget-heading\" data-id=\"3b339509\" data-element_type=\"widget\" data-settings=\"{&quot;_animation&quot;:&quot;fadeIn&quot;}\" data-widget_type=\"heading.default\">\n\t\t\t\t<div class=\"elementor-widget-container\">\n\t\t\t\t\t<h1 class=\"elementor-heading-title elementor-size-default\">Diretoria<\/h1>\t\t\t\t<\/div>\n\t\t\t\t<\/div>\n\t\t\t\t<div class=\"elementor-element elementor-element-8ac9ed5 elementor-widget-divider--view-line elementor-widget elementor-widget-divider\" data-id=\"8ac9ed5\" data-element_type=\"widget\" data-widget_type=\"divider.default\">\n\t\t\t\t<div class=\"elementor-widget-container\">\n\t\t\t\t\t\t\t<div class=\"elementor-divider\">\n\t\t\t<span class=\"elementor-divider-separator\">\n\t\t\t\t\t\t<\/span>\n\t\t<\/div>\n\t\t\t\t\t\t<\/div>\n\t\t\t\t<\/div>\n\t\t\t\t<div class=\"elementor-element elementor-element-54cb0fd6 elementor-view-default elementor-invisible elementor-widget elementor-widget-icon\" data-id=\"54cb0fd6\" data-element_type=\"widget\" data-settings=\"{&quot;_animation&quot;:&quot;fadeInLeft&quot;}\" data-widget_type=\"icon.default\">\n\t\t\t\t<div class=\"elementor-widget-container\">\n\t\t\t\t\t\t\t<div class=\"elementor-icon-wrapper\">\n\t\t\t<div class=\"elementor-icon\">\n\t\t\t<i aria-hidden=\"true\" class=\"fas fa-angle-down\"><\/i>\t\t\t<\/div>\n\t\t<\/div>\n\t\t\t\t\t\t<\/div>\n\t\t\t\t<\/div>\n\t\t\t\t\t<\/div>\n\t\t<\/div>\n\t\t\t\t\t<\/div>\n\t\t<\/section>\n\t\t\t\t<section class=\"elementor-section elementor-top-section elementor-element elementor-element-6906d3d9 elementor-section-boxed elementor-section-height-default elementor-section-height-default wpr-particle-no wpr-jarallax-no wpr-parallax-no wpr-sticky-section-no\" data-id=\"6906d3d9\" data-element_type=\"section\" data-settings=\"{&quot;background_background&quot;:&quot;classic&quot;}\">\n\t\t\t\t\t\t<div class=\"elementor-container elementor-column-gap-no\">\n\t\t\t\t\t<div class=\"elementor-column elementor-col-100 elementor-top-column elementor-element elementor-element-4a9ee066\" data-id=\"4a9ee066\" data-element_type=\"column\">\n\t\t\t<div class=\"elementor-widget-wrap elementor-element-populated\">\n\t\t\t\t\t\t<section class=\"elementor-section elementor-inner-section elementor-element elementor-element-35b0c2e8 elementor-section-boxed elementor-section-height-default elementor-section-height-default wpr-particle-no wpr-jarallax-no wpr-parallax-no wpr-sticky-section-no\" data-id=\"35b0c2e8\" data-element_type=\"section\">\n\t\t\t\t\t\t<div class=\"elementor-container elementor-column-gap-default\">\n\t\t\t\t\t<div class=\"elementor-column elementor-col-100 elementor-inner-column elementor-element elementor-element-2f937372\" data-id=\"2f937372\" data-element_type=\"column\">\n\t\t\t<div class=\"elementor-widget-wrap elementor-element-populated\">\n\t\t\t\t\t\t<div class=\"elementor-element elementor-element-3c8be0f elementor-invisible elementor-widget elementor-widget-heading\" data-id=\"3c8be0f\" data-element_type=\"widget\" data-settings=\"{&quot;_animation&quot;:&quot;fadeIn&quot;}\" data-widget_type=\"heading.default\">\n\t\t\t\t<div class=\"elementor-widget-container\">\n\t\t\t\t\t<h3 class=\"elementor-heading-title elementor-size-default\">Diretor-Presidente<\/h3>\t\t\t\t<\/div>\n\t\t\t\t<\/div>\n\t\t\t\t<div class=\"elementor-element elementor-element-34d98e8c elementor-widget-divider--view-line elementor-widget elementor-widget-divider\" data-id=\"34d98e8c\" data-element_type=\"widget\" data-widget_type=\"divider.default\">\n\t\t\t\t<div class=\"elementor-widget-container\">\n\t\t\t\t\t\t\t<div class=\"elementor-divider\">\n\t\t\t<span class=\"elementor-divider-separator\">\n\t\t\t\t\t\t<\/span>\n\t\t<\/div>\n\t\t\t\t\t\t<\/div>\n\t\t\t\t<\/div>\n\t\t\t\t<div class=\"elementor-element elementor-element-5bb60ba8 elementor-widget elementor-widget-text-editor\" data-id=\"5bb60ba8\" data-element_type=\"widget\" data-widget_type=\"text-editor.default\">\n\t\t\t\t<div class=\"elementor-widget-container\">\n\t\t\t\t\t\t\t\t\t<h3>Ivanilde Jos\u00e9 Rozique<\/h3>\t\t\t\t\t\t\t\t<\/div>\n\t\t\t\t<\/div>\n\t\t\t\t<div class=\"elementor-element elementor-element-0e1e57d elementor-widget elementor-widget-text-editor\" data-id=\"0e1e57d\" data-element_type=\"widget\" data-widget_type=\"text-editor.default\">\n\t\t\t\t<div class=\"elementor-widget-container\">\n\t\t\t\t\t\t\t\t\t<p><strong>Forma\u00e7\u00e3o Acad\u00eamica<\/strong><\/p><p>&#8211; Graduado em Direito. Faculdade Anhanguera de Ci\u00eancias Humanas, 1985, Goi\u00e2nia \u2013 GO.<br \/>&#8211; Especialista em Metodologia e Did\u00e1tica do Ensino Superior.<br \/>&#8211; Especialista em Direito do Trabalho e Processo. Associa\u00e7\u00e3o Goi\u00e2nia de Ensino &#8211; GO.<br \/>&#8211; Especialista em Psicopedagogia. UNIR\/RIOMAR\/FIAR.<br \/>&#8211; Mestrado Profissional em Teologia.<br \/>&#8211; EST \u2013 Programa: P\u00f3s-Gradua\u00e7\u00e3o em Teologia.<br \/>&#8211; Curso: Mestrado Profissional em Teologia.<br \/>&#8211; T\u00edtulo da Pesquisa: Paulo: Trajet\u00f3ria e Aspectos Teol\u00f3gico.<br \/>&#8211; Orientador: Prof. Dr. Fl\u00e1vio Schmitt.<br \/>&#8211; Doutorando em Diagn\u00f3stico e Avalia\u00e7\u00e3o Educativa. Conv\u00eanio FULP &#8211; ULBRA &#8211; Universidade da Coru\u00f1a, Espanha.<br \/>&#8211; Experi\u00eancia Profissional<br \/>&#8211; Escrit\u00f3rio de Advocacia (Particular &#8211; desde fevereiro de 1987)<\/p><p><strong>CV: <\/strong><a href=\"http:\/\/lattes.cnpq.br\/2912965454044010\"><strong>http:\/\/lattes.cnpq.br\/2912965454044010<\/strong><\/a><\/p>\t\t\t\t\t\t\t\t<\/div>\n\t\t\t\t<\/div>\n\t\t\t\t\t<\/div>\n\t\t<\/div>\n\t\t\t\t\t<\/div>\n\t\t<\/section>\n\t\t\t\t<section class=\"elementor-section elementor-inner-section elementor-element elementor-element-3a58403c elementor-section-boxed elementor-section-height-default elementor-section-height-default wpr-particle-no wpr-jarallax-no wpr-parallax-no wpr-sticky-section-no\" data-id=\"3a58403c\" data-element_type=\"section\">\n\t\t\t\t\t\t<div class=\"elementor-container elementor-column-gap-default\">\n\t\t\t\t\t<div class=\"elementor-column elementor-col-100 elementor-inner-column elementor-element elementor-element-7c007e79\" data-id=\"7c007e79\" data-element_type=\"column\">\n\t\t\t<div class=\"elementor-widget-wrap elementor-element-populated\">\n\t\t\t\t\t\t<div class=\"elementor-element elementor-element-39d061e6 elementor-invisible elementor-widget elementor-widget-heading\" data-id=\"39d061e6\" data-element_type=\"widget\" data-settings=\"{&quot;_animation&quot;:&quot;fadeIn&quot;}\" data-widget_type=\"heading.default\">\n\t\t\t\t<div class=\"elementor-widget-container\">\n\t\t\t\t\t<h3 class=\"elementor-heading-title elementor-size-default\">Diretor Geral Adjunto<\/h3>\t\t\t\t<\/div>\n\t\t\t\t<\/div>\n\t\t\t\t<div class=\"elementor-element elementor-element-6611715b elementor-widget-divider--view-line elementor-widget elementor-widget-divider\" data-id=\"6611715b\" data-element_type=\"widget\" data-widget_type=\"divider.default\">\n\t\t\t\t<div class=\"elementor-widget-container\">\n\t\t\t\t\t\t\t<div class=\"elementor-divider\">\n\t\t\t<span class=\"elementor-divider-separator\">\n\t\t\t\t\t\t<\/span>\n\t\t<\/div>\n\t\t\t\t\t\t<\/div>\n\t\t\t\t<\/div>\n\t\t\t\t<div class=\"elementor-element elementor-element-19672fd elementor-widget elementor-widget-text-editor\" data-id=\"19672fd\" data-element_type=\"widget\" data-widget_type=\"text-editor.default\">\n\t\t\t\t<div class=\"elementor-widget-container\">\n\t\t\t\t\t\t\t\t\t<h3>Filipe Rassen Rozique<\/h3>\t\t\t\t\t\t\t\t<\/div>\n\t\t\t\t<\/div>\n\t\t\t\t<div class=\"elementor-element elementor-element-14b25720 elementor-widget elementor-widget-text-editor\" data-id=\"14b25720\" data-element_type=\"widget\" data-widget_type=\"text-editor.default\">\n\t\t\t\t<div class=\"elementor-widget-container\">\n\t\t\t\t\t\t\t\t\t<p><strong>Forma\u00e7\u00e3o Acad\u00eamica<\/strong><\/p><p>Possui gradua\u00e7\u00e3o em Direito pela Pontif\u00edcia Universidade Cat\u00f3lica de Goi\u00e1s (2013) e mestrado-profissionalizante em Teologia pela Faculdade EST (2018). Tem experi\u00eancia na \u00e1rea de Direito.<\/p><p style=\"text-align: justify;\"><strong>CV: <\/strong><a href=\"http:\/\/lattes.cnpq.br\/6674249986460656\"><strong>http:\/\/lattes.cnpq.br\/6674249986460656<\/strong><\/a><\/p>\t\t\t\t\t\t\t\t<\/div>\n\t\t\t\t<\/div>\n\t\t\t\t\t<\/div>\n\t\t<\/div>\n\t\t\t\t\t<\/div>\n\t\t<\/section>\n\t\t\t\t<section class=\"elementor-section elementor-inner-section elementor-element elementor-element-d13f35d elementor-section-boxed elementor-section-height-default elementor-section-height-default wpr-particle-no wpr-jarallax-no wpr-parallax-no wpr-sticky-section-no\" data-id=\"d13f35d\" data-element_type=\"section\">\n\t\t\t\t\t\t<div class=\"elementor-container elementor-column-gap-default\">\n\t\t\t\t\t<div class=\"elementor-column elementor-col-100 elementor-inner-column elementor-element elementor-element-cc3a968\" data-id=\"cc3a968\" data-element_type=\"column\">\n\t\t\t<div class=\"elementor-widget-wrap elementor-element-populated\">\n\t\t\t\t\t\t<div class=\"elementor-element elementor-element-28e806a elementor-invisible elementor-widget elementor-widget-heading\" data-id=\"28e806a\" data-element_type=\"widget\" data-settings=\"{&quot;_animation&quot;:&quot;fadeIn&quot;}\" data-widget_type=\"heading.default\">\n\t\t\t\t<div class=\"elementor-widget-container\">\n\t\t\t\t\t<h3 class=\"elementor-heading-title elementor-size-default\">Vice-Diretora e Diretora Acad\u00eamica<\/h3>\t\t\t\t<\/div>\n\t\t\t\t<\/div>\n\t\t\t\t<div class=\"elementor-element elementor-element-1f075fa elementor-widget-divider--view-line elementor-widget elementor-widget-divider\" data-id=\"1f075fa\" data-element_type=\"widget\" data-widget_type=\"divider.default\">\n\t\t\t\t<div class=\"elementor-widget-container\">\n\t\t\t\t\t\t\t<div class=\"elementor-divider\">\n\t\t\t<span class=\"elementor-divider-separator\">\n\t\t\t\t\t\t<\/span>\n\t\t<\/div>\n\t\t\t\t\t\t<\/div>\n\t\t\t\t<\/div>\n\t\t\t\t<div class=\"elementor-element elementor-element-e1b1ae6 elementor-widget elementor-widget-text-editor\" data-id=\"e1b1ae6\" data-element_type=\"widget\" data-widget_type=\"text-editor.default\">\n\t\t\t\t<div class=\"elementor-widget-container\">\n\t\t\t\t\t\t\t\t\t<h3>Elenice Cristina da Rocha<\/h3>\t\t\t\t\t\t\t\t<\/div>\n\t\t\t\t<\/div>\n\t\t\t\t<div class=\"elementor-element elementor-element-b04add2 elementor-widget elementor-widget-text-editor\" data-id=\"b04add2\" data-element_type=\"widget\" data-widget_type=\"text-editor.default\">\n\t\t\t\t<div class=\"elementor-widget-container\">\n\t\t\t\t\t\t\t\t\t<p><strong>Forma\u00e7\u00e3o Acad\u00eamica<\/strong><\/p><p>&#8211; Graduada em Letras e Respectivas Literaturas Unir &#8211; Universidade Federal de Rond\u00f4nia, 1999.<br \/>&#8211; Especialista em L&amp;iGest\u00e3o Escolar Integrada: Orienta\u00e7\u00e3o, Supervis\u00e3o e Gest\u00e3o Escolar \u2013 Faculdade Santo Andr\u00e9- 2017.<br \/>&#8211; Educa\u00e7\u00e3o a Dist\u00e2ncia \u2013 COC- 2009.<br \/>&#8211; L\u00edngua Portuguesa \u2013 Vis\u00e3o Discursiva- UFRJ-2002.<br \/>&#8211; Graduada em Letras\/ Portugu\u00eas-Literatura-UNIR-1999.<br \/>&#8211; Mestra em Educa\u00e7\u00e3o \u2013 UNIR-2016.<br \/>&#8211; Linha de Pesquisa: Pol\u00edticas e Gest\u00e3o Educacional<\/p><p><strong>CV: <\/strong><a href=\"http:\/\/lattes.cnpq.br\/0172368655137318\"><strong>http:\/\/lattes.cnpq.br\/0172368655137318<\/strong><\/a><\/p>\t\t\t\t\t\t\t\t<\/div>\n\t\t\t\t<\/div>\n\t\t\t\t\t<\/div>\n\t\t<\/div>\n\t\t\t\t\t<\/div>\n\t\t<\/section>\n\t\t\t\t<section class=\"elementor-section elementor-inner-section elementor-element elementor-element-c61096b elementor-section-boxed elementor-section-height-default elementor-section-height-default wpr-particle-no wpr-jarallax-no wpr-parallax-no wpr-sticky-section-no\" data-id=\"c61096b\" data-element_type=\"section\">\n\t\t\t\t\t\t<div class=\"elementor-container elementor-column-gap-default\">\n\t\t\t\t\t<div class=\"elementor-column elementor-col-100 elementor-inner-column elementor-element elementor-element-3ed6c45\" data-id=\"3ed6c45\" data-element_type=\"column\">\n\t\t\t<div class=\"elementor-widget-wrap elementor-element-populated\">\n\t\t\t\t\t\t<div class=\"elementor-element elementor-element-d5b0e72 elementor-invisible elementor-widget elementor-widget-heading\" data-id=\"d5b0e72\" data-element_type=\"widget\" data-settings=\"{&quot;_animation&quot;:&quot;fadeIn&quot;}\" data-widget_type=\"heading.default\">\n\t\t\t\t<div class=\"elementor-widget-container\">\n\t\t\t\t\t<h3 class=\"elementor-heading-title elementor-size-default\">Coordenadora Pedag\u00f3gica e<br>Procuradora Educacional Institucional - PI<\/h3>\t\t\t\t<\/div>\n\t\t\t\t<\/div>\n\t\t\t\t<div class=\"elementor-element elementor-element-11c4505 elementor-widget-divider--view-line elementor-widget elementor-widget-divider\" data-id=\"11c4505\" data-element_type=\"widget\" data-widget_type=\"divider.default\">\n\t\t\t\t<div class=\"elementor-widget-container\">\n\t\t\t\t\t\t\t<div class=\"elementor-divider\">\n\t\t\t<span class=\"elementor-divider-separator\">\n\t\t\t\t\t\t<\/span>\n\t\t<\/div>\n\t\t\t\t\t\t<\/div>\n\t\t\t\t<\/div>\n\t\t\t\t<div class=\"elementor-element elementor-element-f2e1da5 elementor-widget elementor-widget-text-editor\" data-id=\"f2e1da5\" data-element_type=\"widget\" data-widget_type=\"text-editor.default\">\n\t\t\t\t<div class=\"elementor-widget-container\">\n\t\t\t\t\t\t\t\t\t<h3><strong>Valdenice Henrique da Cunha <\/strong><\/h3>\t\t\t\t\t\t\t\t<\/div>\n\t\t\t\t<\/div>\n\t\t\t\t<div class=\"elementor-element elementor-element-5dd0934 elementor-widget elementor-widget-text-editor\" data-id=\"5dd0934\" data-element_type=\"widget\" data-widget_type=\"text-editor.default\">\n\t\t\t\t<div class=\"elementor-widget-container\">\n\t\t\t\t\t\t\t\t\t<p><strong>Forma\u00e7\u00e3o Acad\u00eamica<\/strong><\/p><p>Mestra em Sociedade e Cultura na Amaz\u00f4nia pela Universidade Federal do Amazonas (2012). Especialista em Doc\u00eancia Superior (2009; Ci\u00eancias da Religi\u00e3o e Ensino Religioso (2014); Graduada em PEDAGOGIA pelo Centro Universit\u00e1rio do Norte (2008), e em Ci\u00eancias Teol\u00f3gicas pela Faculdade Boas Novas de Ci\u00eancias Teol\u00f3gicas, Sociais e Biotecnol\u00f3gicas (2009). Procuradora Educacional Institucional e professora das Faculdades Associadas de Ariquemes &#8211; FAAR; Comp\u00f5e o Banco de Avaliadores do Sistema Nacional de Avalia\u00e7\u00e3o da Educa\u00e7\u00e3o Superior &#8211; BASIs (Portaria N\u00b0 604, de 12 de julho de 2018).<\/p><p><strong>CV: <\/strong><a href=\"http:\/\/lattes.cnpq.br\/1392670176563798\"><strong>http:\/\/lattes.cnpq.br\/1392670176563798<\/strong><\/a><\/p>\t\t\t\t\t\t\t\t<\/div>\n\t\t\t\t<\/div>\n\t\t\t\t\t<\/div>\n\t\t<\/div>\n\t\t\t\t\t<\/div>\n\t\t<\/section>\n\t\t\t\t<section class=\"elementor-section elementor-inner-section elementor-element elementor-element-a2c9669 elementor-section-boxed elementor-section-height-default elementor-section-height-default wpr-particle-no wpr-jarallax-no wpr-parallax-no wpr-sticky-section-no\" data-id=\"a2c9669\" data-element_type=\"section\">\n\t\t\t\t\t\t<div class=\"elementor-container elementor-column-gap-default\">\n\t\t\t\t\t<div class=\"elementor-column elementor-col-100 elementor-inner-column elementor-element elementor-element-1dafaa8\" data-id=\"1dafaa8\" data-element_type=\"column\">\n\t\t\t<div class=\"elementor-widget-wrap elementor-element-populated\">\n\t\t\t\t\t\t<div class=\"elementor-element elementor-element-b455541 elementor-invisible elementor-widget elementor-widget-heading\" data-id=\"b455541\" data-element_type=\"widget\" data-settings=\"{&quot;_animation&quot;:&quot;fadeIn&quot;}\" data-widget_type=\"heading.default\">\n\t\t\t\t<div class=\"elementor-widget-container\">\n\t\t\t\t\t<h3 class=\"elementor-heading-title elementor-size-default\">Secret\u00e1ria Geral<\/h3>\t\t\t\t<\/div>\n\t\t\t\t<\/div>\n\t\t\t\t<div class=\"elementor-element elementor-element-cb18770 elementor-widget-divider--view-line elementor-widget elementor-widget-divider\" data-id=\"cb18770\" data-element_type=\"widget\" data-widget_type=\"divider.default\">\n\t\t\t\t<div class=\"elementor-widget-container\">\n\t\t\t\t\t\t\t<div class=\"elementor-divider\">\n\t\t\t<span class=\"elementor-divider-separator\">\n\t\t\t\t\t\t<\/span>\n\t\t<\/div>\n\t\t\t\t\t\t<\/div>\n\t\t\t\t<\/div>\n\t\t\t\t<div class=\"elementor-element elementor-element-29d9069 elementor-widget elementor-widget-text-editor\" data-id=\"29d9069\" data-element_type=\"widget\" data-widget_type=\"text-editor.default\">\n\t\t\t\t<div class=\"elementor-widget-container\">\n\t\t\t\t\t\t\t\t\t<h3>Carla Ang\u00e9lica Batista Quint\u00e3o<\/h3>\t\t\t\t\t\t\t\t<\/div>\n\t\t\t\t<\/div>\n\t\t\t\t<div class=\"elementor-element elementor-element-e1bfcb8 elementor-widget elementor-widget-text-editor\" data-id=\"e1bfcb8\" data-element_type=\"widget\" data-widget_type=\"text-editor.default\">\n\t\t\t\t<div class=\"elementor-widget-container\">\n\t\t\t\t\t\t\t\t\t<p><strong>CV: <\/strong><a href=\"http:\/\/lattes.cnpq.br\/9371806860335164\"><strong>http:\/\/lattes.cnpq.br\/9371806860335164<\/strong><\/a><\/p>\t\t\t\t\t\t\t\t<\/div>\n\t\t\t\t<\/div>\n\t\t\t\t\t<\/div>\n\t\t<\/div>\n\t\t\t\t\t<\/div>\n\t\t<\/section>\n\t\t\t\t<section class=\"elementor-section elementor-inner-section elementor-element elementor-element-ccf9bbe elementor-section-boxed elementor-section-height-default elementor-section-height-default wpr-particle-no wpr-jarallax-no wpr-parallax-no wpr-sticky-section-no\" data-id=\"ccf9bbe\" data-element_type=\"section\">\n\t\t\t\t\t\t<div class=\"elementor-container elementor-column-gap-default\">\n\t\t\t\t\t<div class=\"elementor-column elementor-col-100 elementor-inner-column elementor-element elementor-element-d121447\" data-id=\"d121447\" data-element_type=\"column\">\n\t\t\t<div class=\"elementor-widget-wrap elementor-element-populated\">\n\t\t\t\t\t\t<div class=\"elementor-element elementor-element-fad17f5 elementor-invisible elementor-widget elementor-widget-heading\" data-id=\"fad17f5\" data-element_type=\"widget\" data-settings=\"{&quot;_animation&quot;:&quot;fadeIn&quot;}\" data-widget_type=\"heading.default\">\n\t\t\t\t<div class=\"elementor-widget-container\">\n\t\t\t\t\t<h3 class=\"elementor-heading-title elementor-size-default\">Coordena\u00e7\u00e3o de Pesquisa e Extens\u00e3o \u2013 COOPEX<\/h3>\t\t\t\t<\/div>\n\t\t\t\t<\/div>\n\t\t\t\t<div class=\"elementor-element elementor-element-e5951cc elementor-widget-divider--view-line elementor-widget elementor-widget-divider\" data-id=\"e5951cc\" data-element_type=\"widget\" data-widget_type=\"divider.default\">\n\t\t\t\t<div class=\"elementor-widget-container\">\n\t\t\t\t\t\t\t<div class=\"elementor-divider\">\n\t\t\t<span class=\"elementor-divider-separator\">\n\t\t\t\t\t\t<\/span>\n\t\t<\/div>\n\t\t\t\t\t\t<\/div>\n\t\t\t\t<\/div>\n\t\t\t\t<div class=\"elementor-element elementor-element-593dd1f elementor-widget elementor-widget-text-editor\" data-id=\"593dd1f\" data-element_type=\"widget\" data-widget_type=\"text-editor.default\">\n\t\t\t\t<div class=\"elementor-widget-container\">\n\t\t\t\t\t\t\t\t\t<h3><strong>Jakline Brandhuber de Moura <\/strong><\/h3>\t\t\t\t\t\t\t\t<\/div>\n\t\t\t\t<\/div>\n\t\t\t\t<div class=\"elementor-element elementor-element-3acbc65 elementor-widget elementor-widget-text-editor\" data-id=\"3acbc65\" data-element_type=\"widget\" data-widget_type=\"text-editor.default\">\n\t\t\t\t<div class=\"elementor-widget-container\">\n\t\t\t\t\t\t\t\t\t<p><strong>CV: <\/strong><a href=\"http:\/\/lattes.cnpq.br\/1627040749276470\"><strong>http:\/\/lattes.cnpq.br\/1627040749276470<\/strong><\/a><\/p>\t\t\t\t\t\t\t\t<\/div>\n\t\t\t\t<\/div>\n\t\t\t\t\t<\/div>\n\t\t<\/div>\n\t\t\t\t\t<\/div>\n\t\t<\/section>\n\t\t\t\t\t<\/div>\n\t\t<\/div>\n\t\t\t\t\t<\/div>\n\t\t<\/section>\n\t\t\t\t<\/div>\n\t\t","protected":false},"excerpt":{"rendered":"<p>Diretoria Diretor-Presidente Ivanilde Jos\u00e9 Rozique Forma\u00e7\u00e3o Acad\u00eamica &#8211; Graduado em Direito. Faculdade Anhanguera de Ci\u00eancias Humanas, 1985, Goi\u00e2nia \u2013 GO.&#8211; Especialista em Metodologia e Did\u00e1tica do Ensino Superior.&#8211; Especialista em Direito do Trabalho e Processo. Associa\u00e7\u00e3o Goi\u00e2nia de Ensino &#8211; GO.&#8211; Especialista em Psicopedagogia. UNIR\/RIOMAR\/FIAR.&#8211; Mestrado Profissional em Teologia.&#8211; EST \u2013 Programa: P\u00f3s-Gradua\u00e7\u00e3o em Teologia.&#8211; Curso: Mestrado Profissional em Teologia.&#8211; T\u00edtulo da Pesquisa: Paulo: Trajet\u00f3ria e Aspectos Teol\u00f3gico.&#8211; Orientador: Prof. Dr. Fl\u00e1vio Schmitt.&#8211; Doutorando em Diagn\u00f3stico e Avalia\u00e7\u00e3o Educativa. Conv\u00eanio FULP &#8211; ULBRA &#8211; Universidade da Coru\u00f1a, Espanha.&#8211; Experi\u00eancia Profissional&#8211; Escrit\u00f3rio de Advocacia (Particular &#8211; desde fevereiro de 1987) CV: http:\/\/lattes.cnpq.br\/2912965454044010 Diretor Geral Adjunto Filipe Rassen Rozique Forma\u00e7\u00e3o Acad\u00eamica Possui gradua\u00e7\u00e3o em Direito pela Pontif\u00edcia Universidade Cat\u00f3lica de Goi\u00e1s (2013) e mestrado-profissionalizante em Teologia pela Faculdade EST (2018). Tem experi\u00eancia na \u00e1rea de Direito. CV: http:\/\/lattes.cnpq.br\/6674249986460656 Vice-Diretora e Diretora Acad\u00eamica Elenice Cristina da Rocha Forma\u00e7\u00e3o Acad\u00eamica &#8211; Graduada em Letras e Respectivas Literaturas Unir &#8211; Universidade Federal de Rond\u00f4nia, 1999.&#8211; Especialista em L&amp;iGest\u00e3o Escolar Integrada: Orienta\u00e7\u00e3o, Supervis\u00e3o e Gest\u00e3o Escolar \u2013 Faculdade Santo Andr\u00e9- 2017.&#8211; Educa\u00e7\u00e3o a Dist\u00e2ncia \u2013 COC- 2009.&#8211; L\u00edngua Portuguesa \u2013 Vis\u00e3o Discursiva- UFRJ-2002.&#8211; Graduada em Letras\/ Portugu\u00eas-Literatura-UNIR-1999.&#8211; Mestra em Educa\u00e7\u00e3o \u2013 UNIR-2016.&#8211; Linha de Pesquisa: Pol\u00edticas e Gest\u00e3o Educacional CV: http:\/\/lattes.cnpq.br\/0172368655137318 Coordenadora Pedag\u00f3gica eProcuradora Educacional Institucional &#8211; PI Valdenice Henrique da Cunha Forma\u00e7\u00e3o Acad\u00eamica Mestra em Sociedade e Cultura na Amaz\u00f4nia pela Universidade Federal do Amazonas (2012). Especialista em Doc\u00eancia Superior (2009; Ci\u00eancias da Religi\u00e3o e Ensino Religioso (2014); Graduada em PEDAGOGIA pelo Centro Universit\u00e1rio do Norte (2008), e em Ci\u00eancias Teol\u00f3gicas pela Faculdade Boas Novas de Ci\u00eancias Teol\u00f3gicas, Sociais e Biotecnol\u00f3gicas (2009). Procuradora Educacional Institucional e professora das Faculdades Associadas de Ariquemes &#8211; FAAR; Comp\u00f5e o Banco de Avaliadores do Sistema Nacional de Avalia\u00e7\u00e3o da Educa\u00e7\u00e3o Superior &#8211; BASIs (Portaria N\u00b0 604, de 12 de julho de 2018). CV: http:\/\/lattes.cnpq.br\/1392670176563798 Secret\u00e1ria Geral Carla Ang\u00e9lica Batista Quint\u00e3o CV: http:\/\/lattes.cnpq.br\/9371806860335164 Coordena\u00e7\u00e3o de Pesquisa e Extens\u00e3o \u2013 COOPEX Jakline Brandhuber de Moura CV: http:\/\/lattes.cnpq.br\/1627040749276470<\/p>\n","protected":false},"author":1,"featured_media":0,"parent":0,"menu_order":0,"comment_status":"closed","ping_status":"closed","template":"elementor_header_footer","meta":{"_acf_changed":false,"_uag_custom_page_level_css":"","footnotes":""},"class_list":["post-426","page","type-page","status-publish","hentry"],"acf":[],"uagb_featured_image_src":{"full":false,"thumbnail":false,"medium":false,"medium_large":false,"large":false,"1536x1536":false,"2048x2048":false},"uagb_author_info":{"display_name":"admin","author_link":"https:\/\/www.faar.edu.br\/sitenovo\/author\/admin\/"},"uagb_comment_info":0,"uagb_excerpt":"Diretoria Diretor-Presidente Ivanilde Jos\u00e9 Rozique Forma\u00e7\u00e3o Acad\u00eamica &#8211; Graduado em Direito. Faculdade Anhanguera de Ci\u00eancias Humanas, 1985, Goi\u00e2nia \u2013 GO.&#8211; Especialista em Metodologia e Did\u00e1tica do Ensino Superior.&#8211; Especialista em Direito do Trabalho e Processo. Associa\u00e7\u00e3o Goi\u00e2nia de Ensino &#8211; GO.&#8211; Especialista em Psicopedagogia. UNIR\/RIOMAR\/FIAR.&#8211; Mestrado Profissional em Teologia.&#8211; EST \u2013 Programa: P\u00f3s-Gradua\u00e7\u00e3o em Teologia.&#8211;&hellip;","_links":{"self":[{"href":"https:\/\/www.faar.edu.br\/sitenovo\/wp-json\/wp\/v2\/pages\/426","targetHints":{"allow":["GET"]}}],"collection":[{"href":"https:\/\/www.faar.edu.br\/sitenovo\/wp-json\/wp\/v2\/pages"}],"about":[{"href":"https:\/\/www.faar.edu.br\/sitenovo\/wp-json\/wp\/v2\/types\/page"}],"author":[{"embeddable":true,"href":"https:\/\/www.faar.edu.br\/sitenovo\/wp-json\/wp\/v2\/users\/1"}],"replies":[{"embeddable":true,"href":"https:\/\/www.faar.edu.br\/sitenovo\/wp-json\/wp\/v2\/comments?post=426"}],"version-history":[{"count":49,"href":"https:\/\/www.faar.edu.br\/sitenovo\/wp-json\/wp\/v2\/pages\/426\/revisions"}],"predecessor-version":[{"id":3636,"href":"https:\/\/www.faar.edu.br\/sitenovo\/wp-json\/wp\/v2\/pages\/426\/revisions\/3636"}],"wp:attachment":[{"href":"https:\/\/www.faar.edu.br\/sitenovo\/wp-json\/wp\/v2\/media?parent=426"}],"curies":[{"name":"wp","href":"https:\/\/api.w.org\/{rel}","templated":true}]}}