{"id":3728,"date":"2022-07-04T19:31:48","date_gmt":"2022-07-04T19:31:48","guid":{"rendered":"https:\/\/www.faar.edu.br\/sitenovo\/?page_id=3728"},"modified":"2026-02-14T15:42:16","modified_gmt":"2026-02-14T15:42:16","slug":"pos-graduacao-enfermagem-em-unidade-de-terapia-intensiva","status":"publish","type":"page","link":"https:\/\/www.faar.edu.br\/sitenovo\/pos-graduacao-enfermagem-em-unidade-de-terapia-intensiva\/","title":{"rendered":"Enfermagem em Unidade de Terapia Intensiva"},"content":{"rendered":"\t\t<div data-elementor-type=\"wp-page\" data-elementor-id=\"3728\" class=\"elementor elementor-3728\" data-elementor-post-type=\"page\">\n\t\t\t\t\t\t<section class=\"elementor-section elementor-top-section elementor-element elementor-element-174fce83 elementor-section-stretched elementor-section-content-middle elementor-section-boxed elementor-section-height-default elementor-section-height-default wpr-particle-no wpr-jarallax-no wpr-parallax-no wpr-sticky-section-no\" data-id=\"174fce83\" data-element_type=\"section\" data-settings=\"{&quot;stretch_section&quot;:&quot;section-stretched&quot;,&quot;background_background&quot;:&quot;classic&quot;}\">\n\t\t\t\t\t\t\t<div class=\"elementor-background-overlay\"><\/div>\n\t\t\t\t\t\t\t<div class=\"elementor-container elementor-column-gap-default\">\n\t\t\t\t\t<div class=\"elementor-column elementor-col-100 elementor-top-column elementor-element elementor-element-4b5bbde6\" data-id=\"4b5bbde6\" data-element_type=\"column\">\n\t\t\t<div class=\"elementor-widget-wrap elementor-element-populated\">\n\t\t\t\t\t\t<div class=\"elementor-element elementor-element-73b9a886 elementor-invisible elementor-widget elementor-widget-heading\" data-id=\"73b9a886\" data-element_type=\"widget\" data-settings=\"{&quot;_animation&quot;:&quot;fadeIn&quot;}\" data-widget_type=\"heading.default\">\n\t\t\t\t<div class=\"elementor-widget-container\">\n\t\t\t\t\t<h3 class=\"elementor-heading-title elementor-size-default\">P\u00d3S-GRADUA\u00c7\u00c3O  \u2013 Enfermagem em Unidade de terapia intensiva \n<\/h3>\t\t\t\t<\/div>\n\t\t\t\t<\/div>\n\t\t\t\t<div class=\"elementor-element elementor-element-14710ab4 elementor-widget-divider--view-line elementor-widget elementor-widget-divider\" data-id=\"14710ab4\" data-element_type=\"widget\" data-widget_type=\"divider.default\">\n\t\t\t\t<div class=\"elementor-widget-container\">\n\t\t\t\t\t\t\t<div class=\"elementor-divider\">\n\t\t\t<span class=\"elementor-divider-separator\">\n\t\t\t\t\t\t<\/span>\n\t\t<\/div>\n\t\t\t\t\t\t<\/div>\n\t\t\t\t<\/div>\n\t\t\t\t<div class=\"elementor-element elementor-element-523b8e7c elementor-widget elementor-widget-spacer\" data-id=\"523b8e7c\" data-element_type=\"widget\" data-widget_type=\"spacer.default\">\n\t\t\t\t<div class=\"elementor-widget-container\">\n\t\t\t\t\t\t\t<div class=\"elementor-spacer\">\n\t\t\t<div class=\"elementor-spacer-inner\"><\/div>\n\t\t<\/div>\n\t\t\t\t\t\t<\/div>\n\t\t\t\t<\/div>\n\t\t\t\t\t<\/div>\n\t\t<\/div>\n\t\t\t\t\t<\/div>\n\t\t<\/section>\n\t\t\t\t<section class=\"elementor-section elementor-top-section elementor-element elementor-element-74762232 elementor-section-boxed elementor-section-height-default elementor-section-height-default wpr-particle-no wpr-jarallax-no wpr-parallax-no wpr-sticky-section-no\" data-id=\"74762232\" data-element_type=\"section\" data-settings=\"{&quot;background_background&quot;:&quot;classic&quot;}\">\n\t\t\t\t\t\t<div class=\"elementor-container elementor-column-gap-no\">\n\t\t\t\t\t<div class=\"elementor-column elementor-col-50 elementor-top-column elementor-element elementor-element-3c90f2e9\" data-id=\"3c90f2e9\" data-element_type=\"column\">\n\t\t\t<div class=\"elementor-widget-wrap elementor-element-populated\">\n\t\t\t\t\t\t<div class=\"elementor-element elementor-element-73489980 elementor-pagination-type-progressbar elementor-pagination-position-inside elementor-skin-carousel elementor-arrows-yes elementor-widget elementor-widget-media-carousel\" data-id=\"73489980\" data-element_type=\"widget\" data-settings=\"{&quot;slides_per_view&quot;:&quot;1&quot;,&quot;pagination&quot;:&quot;progressbar&quot;,&quot;space_between&quot;:{&quot;unit&quot;:&quot;px&quot;,&quot;size&quot;:0,&quot;sizes&quot;:[]},&quot;skin&quot;:&quot;carousel&quot;,&quot;effect&quot;:&quot;slide&quot;,&quot;show_arrows&quot;:&quot;yes&quot;,&quot;speed&quot;:500,&quot;autoplay&quot;:&quot;yes&quot;,&quot;autoplay_speed&quot;:5000,&quot;loop&quot;:&quot;yes&quot;,&quot;pause_on_hover&quot;:&quot;yes&quot;,&quot;pause_on_interaction&quot;:&quot;yes&quot;,&quot;space_between_tablet&quot;:{&quot;unit&quot;:&quot;px&quot;,&quot;size&quot;:10,&quot;sizes&quot;:[]},&quot;space_between_mobile&quot;:{&quot;unit&quot;:&quot;px&quot;,&quot;size&quot;:10,&quot;sizes&quot;:[]}}\" data-widget_type=\"media-carousel.default\">\n\t\t\t\t<div class=\"elementor-widget-container\">\n\t\t\t\t\t\t\t<div class=\"elementor-swiper\">\n\t\t\t<div class=\"elementor-main-swiper swiper-container\">\n\t\t\t\t<div class=\"swiper-wrapper\">\n\t\t\t\t\t\t\t\t\t\t\t<div class=\"swiper-slide\">\n\t\t\t\t\t\t\t\t\t<div class=\"elementor-carousel-image\" role=\"img\" aria-label=\"WhatsApp Image 2026-01-29 at 15.08.47\" style=\"background-image: url(&#039;https:\/\/www.faar.edu.br\/sitenovo\/wp-content\/uploads\/2026\/01\/WhatsApp-Image-2026-01-29-at-15.08.47.jpeg&#039;)\">\n\n\t\t\t\n\t\t\t\t\t<\/div>\n\t\t\t\t\t\t\t\t<\/div>\n\t\t\t\t\t\t\t\t\t<\/div>\n\t\t\t\t\t\t\t<\/div>\n\t\t<\/div>\n\t\t\t\t\t\t<\/div>\n\t\t\t\t<\/div>\n\t\t\t\t<section class=\"elementor-section elementor-inner-section elementor-element elementor-element-2c5faaaf elementor-section-boxed elementor-section-height-default elementor-section-height-default wpr-particle-no wpr-jarallax-no wpr-parallax-no wpr-sticky-section-no\" data-id=\"2c5faaaf\" data-element_type=\"section\">\n\t\t\t\t\t\t<div class=\"elementor-container elementor-column-gap-default\">\n\t\t\t\t\t<div class=\"elementor-column elementor-col-100 elementor-inner-column elementor-element elementor-element-776df60\" data-id=\"776df60\" data-element_type=\"column\">\n\t\t\t<div class=\"elementor-widget-wrap elementor-element-populated\">\n\t\t\t\t\t\t<div class=\"elementor-element elementor-element-3433b3c6 elementor-invisible elementor-widget elementor-widget-heading\" data-id=\"3433b3c6\" data-element_type=\"widget\" data-settings=\"{&quot;_animation&quot;:&quot;fadeIn&quot;}\" data-widget_type=\"heading.default\">\n\t\t\t\t<div class=\"elementor-widget-container\">\n\t\t\t\t\t<h3 class=\"elementor-heading-title elementor-size-default\">APRESENTA\u00c7\u00c3O<\/h3>\t\t\t\t<\/div>\n\t\t\t\t<\/div>\n\t\t\t\t<div class=\"elementor-element elementor-element-5b71b391 elementor-widget-divider--view-line elementor-widget elementor-widget-divider\" data-id=\"5b71b391\" data-element_type=\"widget\" data-widget_type=\"divider.default\">\n\t\t\t\t<div class=\"elementor-widget-container\">\n\t\t\t\t\t\t\t<div class=\"elementor-divider\">\n\t\t\t<span class=\"elementor-divider-separator\">\n\t\t\t\t\t\t<\/span>\n\t\t<\/div>\n\t\t\t\t\t\t<\/div>\n\t\t\t\t<\/div>\n\t\t\t\t<div class=\"elementor-element elementor-element-3349e32 elementor-widget elementor-widget-text-editor\" data-id=\"3349e32\" data-element_type=\"widget\" data-widget_type=\"text-editor.default\">\n\t\t\t\t<div class=\"elementor-widget-container\">\n\t\t\t\t\t\t\t\t\t<p>A Enfermagem em Terapia Intensiva \u00e9 uma especialidade que visa prestar assist\u00eancia ao paciente em terapia intensiva com embasamento te\u00f3rico-cient\u00edfico, desenvolvendo racioc\u00ednio cl\u00ednico, reflexivo e cr\u00edtico com aptid\u00e3o de desenvolvimento de atividades administrativas no gerenciamento da assist\u00eancia ao paciente grave com \u00eanfase no processo assistencial, privilegiando o enfoque human\u00edstico e demonstrando comportamento \u00e9tico e human\u00edstico nas rela\u00e7\u00f5es interpessoais com paciente, fam\u00edlia e equipe multidisciplinar<\/p>\t\t\t\t\t\t\t\t<\/div>\n\t\t\t\t<\/div>\n\t\t\t\t\t<\/div>\n\t\t<\/div>\n\t\t\t\t\t<\/div>\n\t\t<\/section>\n\t\t\t\t<section class=\"elementor-section elementor-inner-section elementor-element elementor-element-2b65253c elementor-section-boxed elementor-section-height-default elementor-section-height-default wpr-particle-no wpr-jarallax-no wpr-parallax-no wpr-sticky-section-no\" data-id=\"2b65253c\" data-element_type=\"section\">\n\t\t\t\t\t\t<div class=\"elementor-container elementor-column-gap-default\">\n\t\t\t\t\t<div class=\"elementor-column elementor-col-100 elementor-inner-column elementor-element elementor-element-e9a1300\" data-id=\"e9a1300\" data-element_type=\"column\">\n\t\t\t<div class=\"elementor-widget-wrap elementor-element-populated\">\n\t\t\t\t\t\t<div class=\"elementor-element elementor-element-2814ca4a elementor-invisible elementor-widget elementor-widget-heading\" data-id=\"2814ca4a\" data-element_type=\"widget\" data-settings=\"{&quot;_animation&quot;:&quot;fadeIn&quot;}\" data-widget_type=\"heading.default\">\n\t\t\t\t<div class=\"elementor-widget-container\">\n\t\t\t\t\t<h3 class=\"elementor-heading-title elementor-size-default\">P\u00daBLICO ALVO<\/h3>\t\t\t\t<\/div>\n\t\t\t\t<\/div>\n\t\t\t\t<div class=\"elementor-element elementor-element-1c9a033b elementor-widget-divider--view-line elementor-widget elementor-widget-divider\" data-id=\"1c9a033b\" data-element_type=\"widget\" data-widget_type=\"divider.default\">\n\t\t\t\t<div class=\"elementor-widget-container\">\n\t\t\t\t\t\t\t<div class=\"elementor-divider\">\n\t\t\t<span class=\"elementor-divider-separator\">\n\t\t\t\t\t\t<\/span>\n\t\t<\/div>\n\t\t\t\t\t\t<\/div>\n\t\t\t\t<\/div>\n\t\t\t\t<div class=\"elementor-element elementor-element-41f7177c elementor-widget elementor-widget-text-editor\" data-id=\"41f7177c\" data-element_type=\"widget\" data-widget_type=\"text-editor.default\">\n\t\t\t\t<div class=\"elementor-widget-container\">\n\t\t\t\t\t\t\t\t\t<p>Destina-se \u00e0 profissionais de Enfermagem.<\/p>\t\t\t\t\t\t\t\t<\/div>\n\t\t\t\t<\/div>\n\t\t\t\t\t<\/div>\n\t\t<\/div>\n\t\t\t\t\t<\/div>\n\t\t<\/section>\n\t\t\t\t<section class=\"elementor-section elementor-inner-section elementor-element elementor-element-ba94ebd elementor-section-boxed elementor-section-height-default elementor-section-height-default wpr-particle-no wpr-jarallax-no wpr-parallax-no wpr-sticky-section-no\" data-id=\"ba94ebd\" data-element_type=\"section\">\n\t\t\t\t\t\t<div class=\"elementor-container elementor-column-gap-default\">\n\t\t\t\t\t<div class=\"elementor-column elementor-col-100 elementor-inner-column elementor-element elementor-element-cfc3fa0\" data-id=\"cfc3fa0\" data-element_type=\"column\">\n\t\t\t<div class=\"elementor-widget-wrap elementor-element-populated\">\n\t\t\t\t\t\t<div class=\"elementor-element elementor-element-eafc62e elementor-invisible elementor-widget elementor-widget-heading\" data-id=\"eafc62e\" data-element_type=\"widget\" data-settings=\"{&quot;_animation&quot;:&quot;fadeIn&quot;}\" data-widget_type=\"heading.default\">\n\t\t\t\t<div class=\"elementor-widget-container\">\n\t\t\t\t\t<h3 class=\"elementor-heading-title elementor-size-default\">OBJETIVO<\/h3>\t\t\t\t<\/div>\n\t\t\t\t<\/div>\n\t\t\t\t<div class=\"elementor-element elementor-element-1f007f4 elementor-widget-divider--view-line elementor-widget elementor-widget-divider\" data-id=\"1f007f4\" data-element_type=\"widget\" data-widget_type=\"divider.default\">\n\t\t\t\t<div class=\"elementor-widget-container\">\n\t\t\t\t\t\t\t<div class=\"elementor-divider\">\n\t\t\t<span class=\"elementor-divider-separator\">\n\t\t\t\t\t\t<\/span>\n\t\t<\/div>\n\t\t\t\t\t\t<\/div>\n\t\t\t\t<\/div>\n\t\t\t\t<div class=\"elementor-element elementor-element-7b480b2 elementor-widget elementor-widget-text-editor\" data-id=\"7b480b2\" data-element_type=\"widget\" data-widget_type=\"text-editor.default\">\n\t\t\t\t<div class=\"elementor-widget-container\">\n\t\t\t\t\t\t\t\t\t<p>Promover a capacita\u00e7\u00e3o os profissionais da \u00e1rea de Enfermagem para realiza\u00e7\u00e3o de assist\u00eancia, gest\u00e3o, ensino e pesquisa, no \u00e2mbito de Unidades de Terapia Intensiva Adulto, pediatra e neonatal; capacitando-o e permitindo-lhe uma forma\u00e7\u00e3o como multiprofissional, especializado e com condi\u00e7\u00f5es t\u00e9cnicas de interven\u00e7\u00e3o nesta \u00e1rea.<\/p>\t\t\t\t\t\t\t\t<\/div>\n\t\t\t\t<\/div>\n\t\t\t\t\t<\/div>\n\t\t<\/div>\n\t\t\t\t\t<\/div>\n\t\t<\/section>\n\t\t\t\t\t<\/div>\n\t\t<\/div>\n\t\t\t\t<div class=\"elementor-column elementor-col-50 elementor-top-column elementor-element elementor-element-6e0665f\" data-id=\"6e0665f\" data-element_type=\"column\">\n\t\t\t<div class=\"elementor-widget-wrap elementor-element-populated\">\n\t\t\t\t\t\t<div class=\"elementor-element elementor-element-5925756 elementor-button-success elementor-widget elementor-widget-button\" data-id=\"5925756\" data-element_type=\"widget\" data-widget_type=\"button.default\">\n\t\t\t\t<div class=\"elementor-widget-container\">\n\t\t\t\t\t\t\t\t\t<div class=\"elementor-button-wrapper\">\n\t\t\t\t\t<a class=\"elementor-button elementor-button-link elementor-size-sm\" href=\"https:\/\/enrollment.gennera.com.br\/public\/#!\/campaigns\/728de15407f08f27eb5ee6d848aef41a4aef1b9f\/enrollments\/new\">\n\t\t\t\t\t\t<span class=\"elementor-button-content-wrapper\">\n\t\t\t\t\t\t\t\t\t<span class=\"elementor-button-text\">CLIQUE E FA\u00c7A SUA PR\u00c9 INSCRI\u00c7\u00c3O<\/span>\n\t\t\t\t\t<\/span>\n\t\t\t\t\t<\/a>\n\t\t\t\t<\/div>\n\t\t\t\t\t\t\t\t<\/div>\n\t\t\t\t<\/div>\n\t\t\t\t<div class=\"elementor-element elementor-element-f030966 elementor-invisible elementor-widget elementor-widget-heading\" data-id=\"f030966\" data-element_type=\"widget\" data-settings=\"{&quot;_animation&quot;:&quot;fadeIn&quot;}\" data-widget_type=\"heading.default\">\n\t\t\t\t<div class=\"elementor-widget-container\">\n\t\t\t\t\t<h3 class=\"elementor-heading-title elementor-size-default\">Coordenador(a)<\/h3>\t\t\t\t<\/div>\n\t\t\t\t<\/div>\n\t\t\t\t<div class=\"elementor-element elementor-element-04da636 elementor-widget-divider--view-line elementor-widget elementor-widget-divider\" data-id=\"04da636\" data-element_type=\"widget\" data-widget_type=\"divider.default\">\n\t\t\t\t<div class=\"elementor-widget-container\">\n\t\t\t\t\t\t\t<div class=\"elementor-divider\">\n\t\t\t<span class=\"elementor-divider-separator\">\n\t\t\t\t\t\t<\/span>\n\t\t<\/div>\n\t\t\t\t\t\t<\/div>\n\t\t\t\t<\/div>\n\t\t\t\t<div class=\"elementor-element elementor-element-e42af13 elementor-widget elementor-widget-text-editor\" data-id=\"e42af13\" data-element_type=\"widget\" data-widget_type=\"text-editor.default\">\n\t\t\t\t<div class=\"elementor-widget-container\">\n\t\t\t\t\t\t\t\t\t<p>Prof. Ma. Viviane Pereira Bacarin<\/p>\t\t\t\t\t\t\t\t<\/div>\n\t\t\t\t<\/div>\n\t\t\t\t<div class=\"elementor-element elementor-element-73e5b8b elementor-invisible elementor-widget elementor-widget-heading\" data-id=\"73e5b8b\" data-element_type=\"widget\" data-settings=\"{&quot;_animation&quot;:&quot;fadeIn&quot;}\" data-widget_type=\"heading.default\">\n\t\t\t\t<div class=\"elementor-widget-container\">\n\t\t\t\t\t<h3 class=\"elementor-heading-title elementor-size-default\">Informa\u00e7\u00f5es<\/h3>\t\t\t\t<\/div>\n\t\t\t\t<\/div>\n\t\t\t\t<div class=\"elementor-element elementor-element-1dcf662 elementor-widget-divider--view-line elementor-widget elementor-widget-divider\" data-id=\"1dcf662\" data-element_type=\"widget\" data-widget_type=\"divider.default\">\n\t\t\t\t<div class=\"elementor-widget-container\">\n\t\t\t\t\t\t\t<div class=\"elementor-divider\">\n\t\t\t<span class=\"elementor-divider-separator\">\n\t\t\t\t\t\t<\/span>\n\t\t<\/div>\n\t\t\t\t\t\t<\/div>\n\t\t\t\t<\/div>\n\t\t\t\t<div class=\"elementor-element elementor-element-e466998 elementor-align-left elementor-icon-list--layout-traditional elementor-list-item-link-full_width elementor-widget elementor-widget-icon-list\" data-id=\"e466998\" data-element_type=\"widget\" data-widget_type=\"icon-list.default\">\n\t\t\t\t<div class=\"elementor-widget-container\">\n\t\t\t\t\t\t\t<ul class=\"elementor-icon-list-items\">\n\t\t\t\t\t\t\t<li class=\"elementor-icon-list-item\">\n\t\t\t\t\t\t\t\t\t\t\t<span class=\"elementor-icon-list-icon\">\n\t\t\t\t\t\t\t<i aria-hidden=\"true\" class=\"far fa-calendar-check\"><\/i>\t\t\t\t\t\t<\/span>\n\t\t\t\t\t\t\t\t\t\t<span class=\"elementor-icon-list-text\">12 meses<\/span>\n\t\t\t\t\t\t\t\t\t<\/li>\n\t\t\t\t\t\t\t\t<li class=\"elementor-icon-list-item\">\n\t\t\t\t\t\t\t\t\t\t\t<span class=\"elementor-icon-list-icon\">\n\t\t\t\t\t\t\t<i aria-hidden=\"true\" class=\"far fa-clock\"><\/i>\t\t\t\t\t\t<\/span>\n\t\t\t\t\t\t\t\t\t\t<span class=\"elementor-icon-list-text\">440 Horas<\/span>\n\t\t\t\t\t\t\t\t\t<\/li>\n\t\t\t\t\t\t\t\t<li class=\"elementor-icon-list-item\">\n\t\t\t\t\t\t\t\t\t\t\t<span class=\"elementor-icon-list-icon\">\n\t\t\t\t\t\t\t<i aria-hidden=\"true\" class=\"far fa-address-card\"><\/i>\t\t\t\t\t\t<\/span>\n\t\t\t\t\t\t\t\t\t\t<span class=\"elementor-icon-list-text\">P\u00f3s-Gradua\u00e7\u00e3o Lato Sensu<\/span>\n\t\t\t\t\t\t\t\t\t<\/li>\n\t\t\t\t\t\t\t\t<li class=\"elementor-icon-list-item\">\n\t\t\t\t\t\t\t\t\t\t\t<span class=\"elementor-icon-list-icon\">\n\t\t\t\t\t\t\t<i aria-hidden=\"true\" class=\"fas fa-calendar-day\"><\/i>\t\t\t\t\t\t<\/span>\n\t\t\t\t\t\t\t\t\t\t<span class=\"elementor-icon-list-text\">S\u00c1BADO - das 8h ao 12h e das 14h \u00e0s 18h \/ DOMINGO - das 8h ao 12h <\/span>\n\t\t\t\t\t\t\t\t\t<\/li>\n\t\t\t\t\t\t\t\t<li class=\"elementor-icon-list-item\">\n\t\t\t\t\t\t\t\t\t\t\t<span class=\"elementor-icon-list-icon\">\n\t\t\t\t\t\t\t<i aria-hidden=\"true\" class=\"fas fa-phone-alt\"><\/i>\t\t\t\t\t\t<\/span>\n\t\t\t\t\t\t\t\t\t\t<span class=\"elementor-icon-list-text\">0800 042 0659<\/span>\n\t\t\t\t\t\t\t\t\t<\/li>\n\t\t\t\t\t\t<\/ul>\n\t\t\t\t\t\t<\/div>\n\t\t\t\t<\/div>\n\t\t\t\t<div class=\"elementor-element elementor-element-b922e7a elementor-invisible elementor-widget elementor-widget-heading\" data-id=\"b922e7a\" data-element_type=\"widget\" data-settings=\"{&quot;_animation&quot;:&quot;fadeIn&quot;}\" data-widget_type=\"heading.default\">\n\t\t\t\t<div class=\"elementor-widget-container\">\n\t\t\t\t\t<h3 class=\"elementor-heading-title elementor-size-default\">Confira os m\u00f3dulos do curso\n<\/h3>\t\t\t\t<\/div>\n\t\t\t\t<\/div>\n\t\t\t\t<div class=\"elementor-element elementor-element-952a770 elementor-widget-divider--view-line elementor-widget elementor-widget-divider\" data-id=\"952a770\" data-element_type=\"widget\" data-widget_type=\"divider.default\">\n\t\t\t\t<div class=\"elementor-widget-container\">\n\t\t\t\t\t\t\t<div class=\"elementor-divider\">\n\t\t\t<span class=\"elementor-divider-separator\">\n\t\t\t\t\t\t<\/span>\n\t\t<\/div>\n\t\t\t\t\t\t<\/div>\n\t\t\t\t<\/div>\n\t\t\t\t<div class=\"elementor-element elementor-element-f018083 elementor-widget elementor-widget-text-editor\" data-id=\"f018083\" data-element_type=\"widget\" data-widget_type=\"text-editor.default\">\n\t\t\t\t<div class=\"elementor-widget-container\">\n\t\t\t\t\t\t\t\t\t<p>\u00a0<\/p><table style=\"height: 856px;\" width=\"604\"><tbody><tr><td width=\"108\"><p><strong>M\u00f3dulo\u00a0\u00a0 01<\/strong><\/p><\/td><td width=\"490\"><p>Introdu\u00e7\u00e3o \u00e0 Unidade de Terapia Intensiva e recursos tecnol\u00f3gicos envolvidos no contexto do cuidado.<\/p><\/td><td width=\"50\"><p>20h<\/p><\/td><\/tr><tr><td width=\"108\"><p><strong>M\u00f3dulo 02<\/strong><\/p><\/td><td width=\"490\"><p>Sistematiza\u00e7\u00e3o da Assist\u00eancia de Enfermagem em Cuidados Intensivos<\/p><\/td><td width=\"50\"><p>20h<\/p><\/td><\/tr><tr><td width=\"108\"><p><strong>M\u00f3dulo 03<\/strong><\/p><\/td><td width=\"490\"><p>Cuidados Intensivos em Dist\u00farbios Neurol\u00f3gicos<\/p><\/td><td width=\"50\"><p>20h<\/p><\/td><\/tr><tr><td width=\"108\"><p><strong>M\u00f3dulo 04<\/strong><\/p><\/td><td width=\"490\"><p>Cuidados Intensivos em Dist\u00farbios Cardiovasculares<\/p><\/td><td width=\"50\"><p>20h<\/p><\/td><\/tr><tr><td width=\"108\"><p><strong>M\u00f3dulo 05<\/strong><\/p><\/td><td width=\"490\"><p>Cuidados Intensivos em Dist\u00farbios Renais<\/p><\/td><td width=\"50\"><p>20h<\/p><\/td><\/tr><tr><td width=\"108\"><p><strong>M\u00f3dulo 06<\/strong><\/p><\/td><td width=\"490\"><p>Cuidado Intensivos em Dist\u00farbios Pulmonares<\/p><\/td><td width=\"50\"><p>20h<\/p><\/td><\/tr><tr><td width=\"108\"><p><strong>M\u00f3dulo 07<\/strong><\/p><\/td><td width=\"490\"><p>Assist\u00eancia de Enfermagem em procedimentos invasivos e n\u00e3o invasivos<\/p><\/td><td width=\"50\"><p>20h<\/p><\/td><\/tr><tr><td width=\"108\"><p><strong>M\u00f3dulo 08<\/strong><\/p><\/td><td width=\"490\"><p>Enfermagem em Terapia Intensiva ao Adulto e Idoso<\/p><\/td><td width=\"50\"><p>20h<\/p><\/td><\/tr><tr><td width=\"108\"><p><strong>M\u00f3dulo 09<\/strong><\/p><\/td><td width=\"490\"><p>Enfermagem em Terapia Intensiva em Pediatria e Neonatologia<\/p><\/td><td width=\"50\"><p>20h<\/p><\/td><\/tr><tr><td width=\"108\"><p><strong>M\u00f3dulo 10<\/strong><\/p><\/td><td width=\"490\"><p>Gest\u00e3o e Planejamento da Assist\u00eancia de enfermagem em UTI<\/p><\/td><td width=\"50\"><p>20h<\/p><\/td><\/tr><tr><td width=\"108\"><p><strong>M\u00f3dulo 11<\/strong><\/p><\/td><td width=\"490\"><p>Terapia Medicamentosa Aplicada ao paciente em UTI<\/p><\/td><td width=\"50\"><p>20h<\/p><\/td><\/tr><tr><td width=\"108\"><p><strong>M\u00f3dulo 12<\/strong><\/p><\/td><td width=\"490\"><p>Metodologia da Pesquisa e Trabalho de Conclus\u00e3o de Curso<\/p><\/td><td width=\"50\"><p>20h<\/p><\/td><\/tr><tr><td width=\"108\">\u00a0<\/td><td width=\"490\"><p>Pr\u00e1tica Assistencial na Terapia Intensiva<\/p><\/td><td width=\"50\"><p>200h<\/p><\/td><\/tr><tr><td width=\"108\"><p><strong>TOTAL<\/strong><\/p><\/td><td width=\"490\">\u00a0<\/td><td width=\"50\"><p>440h<\/p><\/td><\/tr><\/tbody><\/table><p><br \/>Curso de P\u00f3s-Gradua\u00e7\u00e3o \u201cLato Sensu\u201d \u2013 Especializa\u00e7\u00e3o \u2013 <strong>Enfermagem em Terapia<\/strong><\/p><p><strong>Intensiva\/ Atualiza\u00e7\u00e3o 2021<\/strong><\/p>\t\t\t\t\t\t\t\t<\/div>\n\t\t\t\t<\/div>\n\t\t\t\t\t<\/div>\n\t\t<\/div>\n\t\t\t\t\t<\/div>\n\t\t<\/section>\n\t\t\t\t<\/div>\n\t\t","protected":false},"excerpt":{"rendered":"<p>P\u00d3S-GRADUA\u00c7\u00c3O \u2013 Enfermagem em Unidade de terapia intensiva APRESENTA\u00c7\u00c3O A Enfermagem em Terapia Intensiva \u00e9 uma especialidade que visa prestar assist\u00eancia ao paciente em terapia intensiva com embasamento te\u00f3rico-cient\u00edfico, desenvolvendo racioc\u00ednio cl\u00ednico, reflexivo e cr\u00edtico com aptid\u00e3o de desenvolvimento de atividades administrativas no gerenciamento da assist\u00eancia ao paciente grave com \u00eanfase no processo assistencial, privilegiando o enfoque human\u00edstico e demonstrando comportamento \u00e9tico e human\u00edstico nas rela\u00e7\u00f5es interpessoais com paciente, fam\u00edlia e equipe multidisciplinar P\u00daBLICO ALVO Destina-se \u00e0 profissionais de Enfermagem. OBJETIVO Promover a capacita\u00e7\u00e3o os profissionais da \u00e1rea de Enfermagem para realiza\u00e7\u00e3o de assist\u00eancia, gest\u00e3o, ensino e pesquisa, no \u00e2mbito de Unidades de Terapia Intensiva Adulto, pediatra e neonatal; capacitando-o e permitindo-lhe uma forma\u00e7\u00e3o como multiprofissional, especializado e com condi\u00e7\u00f5es t\u00e9cnicas de interven\u00e7\u00e3o nesta \u00e1rea. CLIQUE E FA\u00c7A SUA PR\u00c9 INSCRI\u00c7\u00c3O Coordenador(a) Prof. Ma. Viviane Pereira Bacarin Informa\u00e7\u00f5es 12 meses 440 Horas P\u00f3s-Gradua\u00e7\u00e3o Lato Sensu S\u00c1BADO &#8211; das 8h ao 12h e das 14h \u00e0s 18h \/ DOMINGO &#8211; das 8h ao 12h 0800 042 0659 Confira os m\u00f3dulos do curso \u00a0 M\u00f3dulo\u00a0\u00a0 01 Introdu\u00e7\u00e3o \u00e0 Unidade de Terapia Intensiva e recursos tecnol\u00f3gicos envolvidos no contexto do cuidado. 20h M\u00f3dulo 02 Sistematiza\u00e7\u00e3o da Assist\u00eancia de Enfermagem em Cuidados Intensivos 20h M\u00f3dulo 03 Cuidados Intensivos em Dist\u00farbios Neurol\u00f3gicos 20h M\u00f3dulo 04 Cuidados Intensivos em Dist\u00farbios Cardiovasculares 20h M\u00f3dulo 05 Cuidados Intensivos em Dist\u00farbios Renais 20h M\u00f3dulo 06 Cuidado Intensivos em Dist\u00farbios Pulmonares 20h M\u00f3dulo 07 Assist\u00eancia de Enfermagem em procedimentos invasivos e n\u00e3o invasivos 20h M\u00f3dulo 08 Enfermagem em Terapia Intensiva ao Adulto e Idoso 20h M\u00f3dulo 09 Enfermagem em Terapia Intensiva em Pediatria e Neonatologia 20h M\u00f3dulo 10 Gest\u00e3o e Planejamento da Assist\u00eancia de enfermagem em UTI 20h M\u00f3dulo 11 Terapia Medicamentosa Aplicada ao paciente em UTI 20h M\u00f3dulo 12 Metodologia da Pesquisa e Trabalho de Conclus\u00e3o de Curso 20h \u00a0 Pr\u00e1tica Assistencial na Terapia Intensiva 200h TOTAL \u00a0 440h Curso de P\u00f3s-Gradua\u00e7\u00e3o \u201cLato Sensu\u201d \u2013 Especializa\u00e7\u00e3o \u2013 Enfermagem em Terapia Intensiva\/ Atualiza\u00e7\u00e3o 2021<\/p>\n","protected":false},"author":1,"featured_media":0,"parent":0,"menu_order":0,"comment_status":"closed","ping_status":"closed","template":"elementor_header_footer","meta":{"_acf_changed":false,"_uag_custom_page_level_css":"","footnotes":""},"class_list":["post-3728","page","type-page","status-publish","hentry"],"acf":[],"uagb_featured_image_src":{"full":false,"thumbnail":false,"medium":false,"medium_large":false,"large":false,"1536x1536":false,"2048x2048":false},"uagb_author_info":{"display_name":"admin","author_link":"https:\/\/www.faar.edu.br\/sitenovo\/author\/admin\/"},"uagb_comment_info":0,"uagb_excerpt":"P\u00d3S-GRADUA\u00c7\u00c3O \u2013 Enfermagem em Unidade de terapia intensiva APRESENTA\u00c7\u00c3O A Enfermagem em Terapia Intensiva \u00e9 uma especialidade que visa prestar assist\u00eancia ao paciente em terapia intensiva com embasamento te\u00f3rico-cient\u00edfico, desenvolvendo racioc\u00ednio cl\u00ednico, reflexivo e cr\u00edtico com aptid\u00e3o de desenvolvimento de atividades administrativas no gerenciamento da assist\u00eancia ao paciente grave com \u00eanfase no processo assistencial, privilegiando&hellip;","_links":{"self":[{"href":"https:\/\/www.faar.edu.br\/sitenovo\/wp-json\/wp\/v2\/pages\/3728","targetHints":{"allow":["GET"]}}],"collection":[{"href":"https:\/\/www.faar.edu.br\/sitenovo\/wp-json\/wp\/v2\/pages"}],"about":[{"href":"https:\/\/www.faar.edu.br\/sitenovo\/wp-json\/wp\/v2\/types\/page"}],"author":[{"embeddable":true,"href":"https:\/\/www.faar.edu.br\/sitenovo\/wp-json\/wp\/v2\/users\/1"}],"replies":[{"embeddable":true,"href":"https:\/\/www.faar.edu.br\/sitenovo\/wp-json\/wp\/v2\/comments?post=3728"}],"version-history":[{"count":34,"href":"https:\/\/www.faar.edu.br\/sitenovo\/wp-json\/wp\/v2\/pages\/3728\/revisions"}],"predecessor-version":[{"id":6769,"href":"https:\/\/www.faar.edu.br\/sitenovo\/wp-json\/wp\/v2\/pages\/3728\/revisions\/6769"}],"wp:attachment":[{"href":"https:\/\/www.faar.edu.br\/sitenovo\/wp-json\/wp\/v2\/media?parent=3728"}],"curies":[{"name":"wp","href":"https:\/\/api.w.org\/{rel}","templated":true}]}}