{"id":360,"date":"2021-09-19T01:04:10","date_gmt":"2021-09-19T01:04:10","guid":{"rendered":"http:\/\/faar.edu.br\/sitenovo\/?page_id=360"},"modified":"2022-04-20T19:27:15","modified_gmt":"2022-04-20T19:27:15","slug":"sobre-a-faar","status":"publish","type":"page","link":"https:\/\/www.faar.edu.br\/sitenovo\/sobre-a-faar\/","title":{"rendered":"Sobre a FAAr"},"content":{"rendered":"\t\t<div data-elementor-type=\"wp-page\" data-elementor-id=\"360\" class=\"elementor elementor-360\" data-elementor-post-type=\"page\">\n\t\t\t\t\t\t<section class=\"elementor-section elementor-top-section elementor-element elementor-element-3a3c5488 elementor-section-stretched elementor-section-height-min-height elementor-section-boxed elementor-section-height-default elementor-section-items-middle wpr-particle-no wpr-jarallax-no wpr-parallax-no wpr-sticky-section-no\" data-id=\"3a3c5488\" data-element_type=\"section\" data-settings=\"{&quot;stretch_section&quot;:&quot;section-stretched&quot;,&quot;background_background&quot;:&quot;gradient&quot;}\">\n\t\t\t\t\t\t\t<div class=\"elementor-background-overlay\"><\/div>\n\t\t\t\t\t\t\t<div class=\"elementor-container elementor-column-gap-default\">\n\t\t\t\t\t<div class=\"elementor-column elementor-col-100 elementor-top-column elementor-element elementor-element-7fda4a37\" data-id=\"7fda4a37\" data-element_type=\"column\">\n\t\t\t<div class=\"elementor-widget-wrap elementor-element-populated\">\n\t\t\t\t\t\t<div class=\"elementor-element elementor-element-6b083216 elementor-invisible elementor-widget elementor-widget-heading\" data-id=\"6b083216\" data-element_type=\"widget\" data-settings=\"{&quot;_animation&quot;:&quot;fadeIn&quot;}\" data-widget_type=\"heading.default\">\n\t\t\t\t<div class=\"elementor-widget-container\">\n\t\t\t\t\t<h1 class=\"elementor-heading-title elementor-size-default\">Sobre a FAAr<\/h1>\t\t\t\t<\/div>\n\t\t\t\t<\/div>\n\t\t\t\t<div class=\"elementor-element elementor-element-40328c8d elementor-widget-divider--view-line elementor-widget elementor-widget-divider\" data-id=\"40328c8d\" data-element_type=\"widget\" data-widget_type=\"divider.default\">\n\t\t\t\t<div class=\"elementor-widget-container\">\n\t\t\t\t\t\t\t<div class=\"elementor-divider\">\n\t\t\t<span class=\"elementor-divider-separator\">\n\t\t\t\t\t\t<\/span>\n\t\t<\/div>\n\t\t\t\t\t\t<\/div>\n\t\t\t\t<\/div>\n\t\t\t\t<div class=\"elementor-element elementor-element-83e93e8 elementor-view-default elementor-invisible elementor-widget elementor-widget-icon\" data-id=\"83e93e8\" data-element_type=\"widget\" data-settings=\"{&quot;_animation&quot;:&quot;fadeInLeft&quot;}\" data-widget_type=\"icon.default\">\n\t\t\t\t<div class=\"elementor-widget-container\">\n\t\t\t\t\t\t\t<div class=\"elementor-icon-wrapper\">\n\t\t\t<div class=\"elementor-icon\">\n\t\t\t<i aria-hidden=\"true\" class=\"fas fa-angle-down\"><\/i>\t\t\t<\/div>\n\t\t<\/div>\n\t\t\t\t\t\t<\/div>\n\t\t\t\t<\/div>\n\t\t\t\t\t<\/div>\n\t\t<\/div>\n\t\t\t\t\t<\/div>\n\t\t<\/section>\n\t\t\t\t<section class=\"elementor-section elementor-top-section elementor-element elementor-element-4a2f2a52 elementor-section-content-top elementor-section-boxed elementor-section-height-default elementor-section-height-default wpr-particle-no wpr-jarallax-no wpr-parallax-no wpr-sticky-section-no\" data-id=\"4a2f2a52\" data-element_type=\"section\" data-settings=\"{&quot;background_background&quot;:&quot;classic&quot;}\">\n\t\t\t\t\t\t\t<div class=\"elementor-background-overlay\"><\/div>\n\t\t\t\t\t\t\t<div class=\"elementor-container elementor-column-gap-no\">\n\t\t\t\t\t<div class=\"elementor-column elementor-col-100 elementor-top-column elementor-element elementor-element-2e77aac\" data-id=\"2e77aac\" data-element_type=\"column\">\n\t\t\t<div class=\"elementor-widget-wrap elementor-element-populated\">\n\t\t\t\t\t\t<section class=\"elementor-section elementor-inner-section elementor-element elementor-element-35449933 elementor-section-boxed elementor-section-height-default elementor-section-height-default wpr-particle-no wpr-jarallax-no wpr-parallax-no wpr-sticky-section-no\" data-id=\"35449933\" data-element_type=\"section\">\n\t\t\t\t\t\t<div class=\"elementor-container elementor-column-gap-default\">\n\t\t\t\t\t<div class=\"elementor-column elementor-col-50 elementor-inner-column elementor-element elementor-element-6e2a608\" data-id=\"6e2a608\" data-element_type=\"column\">\n\t\t\t<div class=\"elementor-widget-wrap elementor-element-populated\">\n\t\t\t\t\t\t<div class=\"elementor-element elementor-element-537049df elementor-widget elementor-widget-heading\" data-id=\"537049df\" data-element_type=\"widget\" data-widget_type=\"heading.default\">\n\t\t\t\t<div class=\"elementor-widget-container\">\n\t\t\t\t\t<span class=\"elementor-heading-title elementor-size-default\">Ensino de excel\u00eancia + Novas experi\u00eancias.\u2026<\/span>\t\t\t\t<\/div>\n\t\t\t\t<\/div>\n\t\t\t\t\t<\/div>\n\t\t<\/div>\n\t\t\t\t<div class=\"elementor-column elementor-col-50 elementor-inner-column elementor-element elementor-element-b152e1\" data-id=\"b152e1\" data-element_type=\"column\">\n\t\t\t<div class=\"elementor-widget-wrap elementor-element-populated\">\n\t\t\t\t\t\t<div class=\"elementor-element elementor-element-5357a424 elementor-widget elementor-widget-video\" data-id=\"5357a424\" data-element_type=\"widget\" data-settings=\"{&quot;youtube_url&quot;:&quot;http:\\\/\\\/faar.edu.br\\\/sitenovo\\\/wp-content\\\/uploads\\\/2021\\\/09\\\/Faar-Ariquemes-video-institucional.mp4&quot;,&quot;show_image_overlay&quot;:&quot;yes&quot;,&quot;image_overlay&quot;:{&quot;url&quot;:&quot;http:\\\/\\\/faar.edu.br\\\/sitenovo\\\/wp-content\\\/uploads\\\/2021\\\/09\\\/Faar-Ariquemes-fachada-alta.jpg&quot;,&quot;id&quot;:172,&quot;size&quot;:&quot;&quot;,&quot;alt&quot;:&quot;Faar Ariquemes fachada-alta&quot;,&quot;source&quot;:&quot;library&quot;},&quot;video_type&quot;:&quot;youtube&quot;,&quot;controls&quot;:&quot;yes&quot;}\" data-widget_type=\"video.default\">\n\t\t\t\t<div class=\"elementor-widget-container\">\n\t\t\t\t\t\t\t<div class=\"elementor-wrapper elementor-open-inline\">\n\t\t\t<div class=\"elementor-video\"><\/div>\t\t\t\t<div class=\"elementor-custom-embed-image-overlay\" style=\"background-image: url(https:\/\/www.faar.edu.br\/sitenovo\/wp-content\/uploads\/2021\/09\/Faar-Ariquemes-fachada-alta.jpg);\">\n\t\t\t\t\t\t\t\t\t\t\t\t\t\t\t\t<div class=\"elementor-custom-embed-play\" role=\"button\" aria-label=\"Play Video about Faar Ariquemes fachada-alta\" tabindex=\"0\">\n\t\t\t\t\t\t\t<i aria-hidden=\"true\" class=\"eicon-play\"><\/i>\t\t\t\t\t\t<\/div>\n\t\t\t\t\t\t\t\t\t<\/div>\n\t\t\t\t\t<\/div>\n\t\t\t\t\t\t<\/div>\n\t\t\t\t<\/div>\n\t\t\t\t\t<\/div>\n\t\t<\/div>\n\t\t\t\t\t<\/div>\n\t\t<\/section>\n\t\t\t\t\t<\/div>\n\t\t<\/div>\n\t\t\t\t\t<\/div>\n\t\t<\/section>\n\t\t\t\t<section class=\"elementor-section elementor-top-section elementor-element elementor-element-745ca4e6 elementor-section-stretched elementor-section-full_width elementor-section-height-default elementor-section-height-default wpr-particle-no wpr-jarallax-no wpr-parallax-no wpr-sticky-section-no\" data-id=\"745ca4e6\" data-element_type=\"section\" data-settings=\"{&quot;stretch_section&quot;:&quot;section-stretched&quot;}\">\n\t\t\t\t\t\t<div class=\"elementor-container elementor-column-gap-default\">\n\t\t\t\t\t<div class=\"elementor-column elementor-col-50 elementor-top-column elementor-element elementor-element-6ba1dfb7\" data-id=\"6ba1dfb7\" data-element_type=\"column\" data-settings=\"{&quot;background_background&quot;:&quot;classic&quot;}\">\n\t\t\t<div class=\"elementor-widget-wrap elementor-element-populated\">\n\t\t\t\t\t\t<div class=\"elementor-element elementor-element-9d1831f elementor-widget elementor-widget-spacer\" data-id=\"9d1831f\" data-element_type=\"widget\" data-widget_type=\"spacer.default\">\n\t\t\t\t<div class=\"elementor-widget-container\">\n\t\t\t\t\t\t\t<div class=\"elementor-spacer\">\n\t\t\t<div class=\"elementor-spacer-inner\"><\/div>\n\t\t<\/div>\n\t\t\t\t\t\t<\/div>\n\t\t\t\t<\/div>\n\t\t\t\t<div class=\"elementor-element elementor-element-b982465 elementor-widget elementor-widget-spacer\" data-id=\"b982465\" data-element_type=\"widget\" data-widget_type=\"spacer.default\">\n\t\t\t\t<div class=\"elementor-widget-container\">\n\t\t\t\t\t\t\t<div class=\"elementor-spacer\">\n\t\t\t<div class=\"elementor-spacer-inner\"><\/div>\n\t\t<\/div>\n\t\t\t\t\t\t<\/div>\n\t\t\t\t<\/div>\n\t\t\t\t\t<\/div>\n\t\t<\/div>\n\t\t\t\t<div class=\"elementor-column elementor-col-50 elementor-top-column elementor-element elementor-element-6197ffc3\" data-id=\"6197ffc3\" data-element_type=\"column\">\n\t\t\t<div class=\"elementor-widget-wrap elementor-element-populated\">\n\t\t\t\t\t\t<section class=\"elementor-section elementor-inner-section elementor-element elementor-element-50d8e87f elementor-section-boxed elementor-section-height-default elementor-section-height-default wpr-particle-no wpr-jarallax-no wpr-parallax-no wpr-sticky-section-no\" data-id=\"50d8e87f\" data-element_type=\"section\">\n\t\t\t\t\t\t<div class=\"elementor-container elementor-column-gap-default\">\n\t\t\t\t\t<div class=\"elementor-column elementor-col-100 elementor-inner-column elementor-element elementor-element-7c76c73b\" data-id=\"7c76c73b\" data-element_type=\"column\">\n\t\t\t<div class=\"elementor-widget-wrap elementor-element-populated\">\n\t\t\t\t\t\t<div class=\"elementor-element elementor-element-710ec010 elementor-invisible elementor-widget elementor-widget-heading\" data-id=\"710ec010\" data-element_type=\"widget\" data-settings=\"{&quot;_animation&quot;:&quot;fadeIn&quot;}\" data-widget_type=\"heading.default\">\n\t\t\t\t<div class=\"elementor-widget-container\">\n\t\t\t\t\t<h3 class=\"elementor-heading-title elementor-size-default\">IESUR<\/h3>\t\t\t\t<\/div>\n\t\t\t\t<\/div>\n\t\t\t\t<div class=\"elementor-element elementor-element-188b7518 elementor-widget-divider--view-line elementor-widget elementor-widget-divider\" data-id=\"188b7518\" data-element_type=\"widget\" data-widget_type=\"divider.default\">\n\t\t\t\t<div class=\"elementor-widget-container\">\n\t\t\t\t\t\t\t<div class=\"elementor-divider\">\n\t\t\t<span class=\"elementor-divider-separator\">\n\t\t\t\t\t\t<\/span>\n\t\t<\/div>\n\t\t\t\t\t\t<\/div>\n\t\t\t\t<\/div>\n\t\t\t\t<div class=\"elementor-element elementor-element-23854cca elementor-widget elementor-widget-heading\" data-id=\"23854cca\" data-element_type=\"widget\" data-widget_type=\"heading.default\">\n\t\t\t\t<div class=\"elementor-widget-container\">\n\t\t\t\t\t<h2 class=\"elementor-heading-title elementor-size-default\">O Instituto<\/h2>\t\t\t\t<\/div>\n\t\t\t\t<\/div>\n\t\t\t\t<div class=\"elementor-element elementor-element-740ab12b elementor-widget elementor-widget-text-editor\" data-id=\"740ab12b\" data-element_type=\"widget\" data-widget_type=\"text-editor.default\">\n\t\t\t\t<div class=\"elementor-widget-container\">\n\t\t\t\t\t\t\t\t\t<div class=\"sec-title\">O Instituto de Ensino Superior de Rond\u00f4nia &#8211; IESUR, com limite territorial de atua\u00e7\u00e3o circunscrito ao munic\u00edpio de Ariquemes \u2013 RO, \u00e9 uma institui\u00e7\u00e3o particular de ensino superior, mantida pela Funda\u00e7\u00e3o Assistencial e Educativa Crist\u00e3 de Ariquemes-FAECA, pessoa jur\u00eddica de direito privado, sem fins lucrativos, CNPJ n\u00ba. 84.580.943\/0001-20, cujo Contrato Social encontra-se devidamente registrado no Cart\u00f3rio de Registro de T\u00edtulos e Documentos e Pessoas Jur\u00eddicas, \u00e0s fls. 143 v, do livro pr\u00f3prio n\u00ba A-3, sob o n\u00ba 0186.<\/div>\t\t\t\t\t\t\t\t<\/div>\n\t\t\t\t<\/div>\n\t\t\t\t<div class=\"elementor-element elementor-element-db5f2a4 elementor-widget elementor-widget-spacer\" data-id=\"db5f2a4\" data-element_type=\"widget\" data-widget_type=\"spacer.default\">\n\t\t\t\t<div class=\"elementor-widget-container\">\n\t\t\t\t\t\t\t<div class=\"elementor-spacer\">\n\t\t\t<div class=\"elementor-spacer-inner\"><\/div>\n\t\t<\/div>\n\t\t\t\t\t\t<\/div>\n\t\t\t\t<\/div>\n\t\t\t\t<div class=\"elementor-element elementor-element-8f8fe08 elementor-widget elementor-widget-heading\" data-id=\"8f8fe08\" data-element_type=\"widget\" data-widget_type=\"heading.default\">\n\t\t\t\t<div class=\"elementor-widget-container\">\n\t\t\t\t\t<h2 class=\"elementor-heading-title elementor-size-default\">DOCUMENTOS INSTITUCIONAIS<\/h2>\t\t\t\t<\/div>\n\t\t\t\t<\/div>\n\t\t\t\t<div class=\"elementor-element elementor-element-07c84a1 elementor-widget elementor-widget-text-editor\" data-id=\"07c84a1\" data-element_type=\"widget\" data-widget_type=\"text-editor.default\">\n\t\t\t\t<div class=\"elementor-widget-container\">\n\t\t\t\t\t\t\t\t\t<p><a href=\"http:\/\/faar.edu.br\/sitenovo\/regimento-geral\/\" target=\"_blank\" rel=\"noopener\">Regimento Geral &#8211; Clique e Acesse.<\/a><\/p><p><a href=\"https:\/\/drive.google.com\/file\/d\/1RFC2aQZHRJIJA_wmO9uZxfKyJU-_i3vU\/view\">Plano de Desenvolvimento Institucional &#8211; PDI &#8211; Clique e acesse.<\/a><\/p><p><a href=\"http:\/\/faar.edu.br\/sitenovo\/politica-de-comunicacao-interna-e-externa\">Pol\u00edtica de Comunica\u00e7\u00e3o Interna e Externa &#8211; Clique e acesse.<\/a><\/p><p><a href=\"http:\/\/faar.edu.br\/sitenovo\/programa-de-responsabilidade-social\">Programa de Responsabilidade Social &#8211; Clique e acesse<\/a>.<\/p><p><a href=\"http:\/\/faar.edu.br\/sitenovo\/programa-de-atendimento-aos-portadores-de-necessidades-especiais\/\">Programa de Atendimento aos Portadores de Necessidades Especiais &#8211; Clique e Acesse.<\/a><\/p><p><a href=\"http:\/\/www.faar.edu.br\/portal\/arquivos\/pdf\/regulamento-faar-2019-provas-frequencia-a-aulas-realizadas-em-dia-de-guarda-religiosa.pdf\"><span id=\"page3R_mcid4\" class=\"markedContent\"><span dir=\"ltr\">Regulamento <\/span><span dir=\"ltr\">Institucional de<\/span><\/span> <span id=\"page3R_mcid6\" class=\"markedContent\"><\/span><span id=\"page3R_mcid7\" class=\"markedContent\"><\/span><span id=\"page3R_mcid8\" class=\"markedContent\"><span dir=\"ltr\">Presta\u00e7\u00f5es Alternativas \u00e0 Aplica\u00e7\u00e3o de Provas e \u00e0 Frequ\u00eancia de Aulas em Dia de Guarda Religiosa<\/span> &#8211; Clique e Acesse.<\/span><\/a><span id=\"page3R_mcid9\" class=\"markedContent\"><\/span><\/p>\t\t\t\t\t\t\t\t<\/div>\n\t\t\t\t<\/div>\n\t\t\t\t\t<\/div>\n\t\t<\/div>\n\t\t\t\t\t<\/div>\n\t\t<\/section>\n\t\t\t\t\t<\/div>\n\t\t<\/div>\n\t\t\t\t\t<\/div>\n\t\t<\/section>\n\t\t\t\t<section class=\"elementor-section elementor-top-section elementor-element elementor-element-5bb0ea8 elementor-section-boxed elementor-section-height-default elementor-section-height-default wpr-particle-no wpr-jarallax-no wpr-parallax-no wpr-sticky-section-no\" data-id=\"5bb0ea8\" data-element_type=\"section\">\n\t\t\t\t\t\t<div class=\"elementor-container elementor-column-gap-default\">\n\t\t\t\t\t<div class=\"elementor-column elementor-col-100 elementor-top-column elementor-element elementor-element-bf35e7d\" data-id=\"bf35e7d\" data-element_type=\"column\">\n\t\t\t<div class=\"elementor-widget-wrap elementor-element-populated\">\n\t\t\t\t\t\t<section class=\"elementor-section elementor-inner-section elementor-element elementor-element-bc22e98 elementor-section-boxed elementor-section-height-default elementor-section-height-default wpr-particle-no wpr-jarallax-no wpr-parallax-no wpr-sticky-section-no\" data-id=\"bc22e98\" data-element_type=\"section\">\n\t\t\t\t\t\t<div class=\"elementor-container elementor-column-gap-default\">\n\t\t\t\t\t<div class=\"elementor-column elementor-col-100 elementor-inner-column elementor-element elementor-element-794d1ef\" data-id=\"794d1ef\" data-element_type=\"column\">\n\t\t\t<div class=\"elementor-widget-wrap elementor-element-populated\">\n\t\t\t\t\t\t<div class=\"elementor-element elementor-element-2a8b1f58 elementor-invisible elementor-widget elementor-widget-heading\" data-id=\"2a8b1f58\" data-element_type=\"widget\" data-settings=\"{&quot;_animation&quot;:&quot;fadeIn&quot;}\" data-widget_type=\"heading.default\">\n\t\t\t\t<div class=\"elementor-widget-container\">\n\t\t\t\t\t<h2 class=\"elementor-heading-title elementor-size-default\"><strong>Hist\u00f3ria<\/strong><\/h2>\t\t\t\t<\/div>\n\t\t\t\t<\/div>\n\t\t\t\t<div class=\"elementor-element elementor-element-cb2c24d elementor-widget-divider--view-line elementor-widget elementor-widget-divider\" data-id=\"cb2c24d\" data-element_type=\"widget\" data-widget_type=\"divider.default\">\n\t\t\t\t<div class=\"elementor-widget-container\">\n\t\t\t\t\t\t\t<div class=\"elementor-divider\">\n\t\t\t<span class=\"elementor-divider-separator\">\n\t\t\t\t\t\t<\/span>\n\t\t<\/div>\n\t\t\t\t\t\t<\/div>\n\t\t\t\t<\/div>\n\t\t\t\t\t<\/div>\n\t\t<\/div>\n\t\t\t\t\t<\/div>\n\t\t<\/section>\n\t\t\t\t<section class=\"elementor-section elementor-inner-section elementor-element elementor-element-a19ecc4 elementor-section-boxed elementor-section-height-default elementor-section-height-default wpr-particle-no wpr-jarallax-no wpr-parallax-no wpr-sticky-section-no\" data-id=\"a19ecc4\" data-element_type=\"section\">\n\t\t\t\t\t\t<div class=\"elementor-container elementor-column-gap-default\">\n\t\t\t\t\t<div class=\"elementor-column elementor-col-50 elementor-inner-column elementor-element elementor-element-bbf8f5f\" data-id=\"bbf8f5f\" data-element_type=\"column\">\n\t\t\t<div class=\"elementor-widget-wrap elementor-element-populated\">\n\t\t\t\t\t\t<div class=\"elementor-element elementor-element-b1ac7cc elementor-widget elementor-widget-text-editor\" data-id=\"b1ac7cc\" data-element_type=\"widget\" data-widget_type=\"text-editor.default\">\n\t\t\t\t<div class=\"elementor-widget-container\">\n\t\t\t\t\t\t\t\t\t<p>A Funda\u00e7\u00e3o Assistencial e Educativa Crist\u00e3 de Ariquemes &#8211; FAECA com sede e foro na cidade de Ariquemes, Estado de Rond\u00f4nia, se constitui em uma entidade de fins filantr\u00f3picos, sociais e assistenciais. Seu Estatuto est\u00e1 registrado no Cart\u00f3rio de Registro Civil das Pessoas Jur\u00eddicas da Comarca de Ariquemes &#8211; RO, com o n\u00ba de ordem 0186, na f. 143v do livro n.\u00ba A-3, datado de 24 de junho de 1993 e teve por objetivo inicial o ensino fundamental.<\/p><p>A FAECA, a partir de 2000, vem disponibilizando recursos humanos e financeiros para dar oportunidade aos jovens rondonienses de seguir seus estudos tamb\u00e9m no terceiro grau, com a qualidade necess\u00e1ria, prevista pelo Minist\u00e9rio da Educa\u00e7\u00e3o. Desta forma, desde 2000, a Institui\u00e7\u00e3o iniciou suas atividades, abrindo novas perspectivas para educa\u00e7\u00e3o e o desenvolvimento socioecon\u00f4mico da regi\u00e3o de Ariquemes e munic\u00edpios lim\u00edtrofes. Atualmente, a Institui\u00e7\u00e3o possui sete cursos em funcionamento, todos na modalidade presencial: Administra\u00e7\u00e3o, Ci\u00eancias Cont\u00e1beis, Direito, Enfermagem, Farm\u00e1cia, Psicologia e Nutri\u00e7\u00e3o.<\/p>\t\t\t\t\t\t\t\t<\/div>\n\t\t\t\t<\/div>\n\t\t\t\t\t<\/div>\n\t\t<\/div>\n\t\t\t\t<div class=\"elementor-column elementor-col-50 elementor-inner-column elementor-element elementor-element-b4f894f\" data-id=\"b4f894f\" data-element_type=\"column\">\n\t\t\t<div class=\"elementor-widget-wrap elementor-element-populated\">\n\t\t\t\t\t\t<div class=\"elementor-element elementor-element-aad7c91 elementor-widget elementor-widget-text-editor\" data-id=\"aad7c91\" data-element_type=\"widget\" data-widget_type=\"text-editor.default\">\n\t\t\t\t<div class=\"elementor-widget-container\">\n\t\t\t\t\t\t\t\t\t<p>Atrav\u00e9s de sua mantida IESUR a FAECA prioriza a qualidade do ensino calcado nos princ\u00edpios b\u00e1sicos da pol\u00edtica estabelecida para o ensino superior: a expans\u00e3o, a diversifica\u00e7\u00e3o de \u00e1reas de atua\u00e7\u00e3o, a avalia\u00e7\u00e3o e a qualifica\u00e7\u00e3o, buscando sempre contribuir para o bem-estar da sociedade de modo a participar no esfor\u00e7o pela melhoria da qualidade de vida.<\/p><p>\u00a0<\/p><p>Mais do que a real motiva\u00e7\u00e3o e apresenta\u00e7\u00e3o de possibilidades de alta qualifica\u00e7\u00e3o dos recursos humanos existentes, o verdadeiro sentido da cria\u00e7\u00e3o de cursos superiores no munic\u00edpio de Ariquemes e regi\u00e3o \u00e9 o de propiciar o desenvolvimento do progresso em todas as frentes sociais, capaz inclusive de gerar e desenvolver alternativas de produ\u00e7\u00e3o diversificada. Neste processo de desenvolvimento, o objetivo \u00e9 fixar o homem rondoniense e bem integr\u00e1-lo ao ambiente f\u00edsico-cultural.<\/p><p>\u00a0<\/p><p>Para tal fim, a IES mant\u00e9m os prop\u00f3sitos alicer\u00e7ados nos preceitos de responsabilidade socioambiental, sempre buscando alian\u00e7a entre ensino, extens\u00e3o e investiga\u00e7\u00e3o cient\u00edfica, contribuindo desta forma para o desenvolvimento social, da cidade de Ariquemes e regi\u00e3o.<\/p>\t\t\t\t\t\t\t\t<\/div>\n\t\t\t\t<\/div>\n\t\t\t\t\t<\/div>\n\t\t<\/div>\n\t\t\t\t\t<\/div>\n\t\t<\/section>\n\t\t\t\t\t<\/div>\n\t\t<\/div>\n\t\t\t\t\t<\/div>\n\t\t<\/section>\n\t\t\t\t<\/div>\n\t\t","protected":false},"excerpt":{"rendered":"<p>Sobre a FAAr Ensino de excel\u00eancia + Novas experi\u00eancias.\u2026 http:\/\/faar.edu.br\/sitenovo\/wp-content\/uploads\/2021\/09\/Faar-Ariquemes-video-institucional.mp4 IESUR O Instituto O Instituto de Ensino Superior de Rond\u00f4nia &#8211; IESUR, com limite territorial de atua\u00e7\u00e3o circunscrito ao munic\u00edpio de Ariquemes \u2013 RO, \u00e9 uma institui\u00e7\u00e3o particular de ensino superior, mantida pela Funda\u00e7\u00e3o Assistencial e Educativa Crist\u00e3 de Ariquemes-FAECA, pessoa jur\u00eddica de direito privado, sem fins lucrativos, CNPJ n\u00ba. 84.580.943\/0001-20, cujo Contrato Social encontra-se devidamente registrado no Cart\u00f3rio de Registro de T\u00edtulos e Documentos e Pessoas Jur\u00eddicas, \u00e0s fls. 143 v, do livro pr\u00f3prio n\u00ba A-3, sob o n\u00ba 0186. DOCUMENTOS INSTITUCIONAIS Regimento Geral &#8211; Clique e Acesse. Plano de Desenvolvimento Institucional &#8211; PDI &#8211; Clique e acesse. Pol\u00edtica de Comunica\u00e7\u00e3o Interna e Externa &#8211; Clique e acesse. Programa de Responsabilidade Social &#8211; Clique e acesse. Programa de Atendimento aos Portadores de Necessidades Especiais &#8211; Clique e Acesse. Regulamento Institucional de Presta\u00e7\u00f5es Alternativas \u00e0 Aplica\u00e7\u00e3o de Provas e \u00e0 Frequ\u00eancia de Aulas em Dia de Guarda Religiosa &#8211; Clique e Acesse. Hist\u00f3ria A Funda\u00e7\u00e3o Assistencial e Educativa Crist\u00e3 de Ariquemes &#8211; FAECA com sede e foro na cidade de Ariquemes, Estado de Rond\u00f4nia, se constitui em uma entidade de fins filantr\u00f3picos, sociais e assistenciais. Seu Estatuto est\u00e1 registrado no Cart\u00f3rio de Registro Civil das Pessoas Jur\u00eddicas da Comarca de Ariquemes &#8211; RO, com o n\u00ba de ordem 0186, na f. 143v do livro n.\u00ba A-3, datado de 24 de junho de 1993 e teve por objetivo inicial o ensino fundamental. A FAECA, a partir de 2000, vem disponibilizando recursos humanos e financeiros para dar oportunidade aos jovens rondonienses de seguir seus estudos tamb\u00e9m no terceiro grau, com a qualidade necess\u00e1ria, prevista pelo Minist\u00e9rio da Educa\u00e7\u00e3o. Desta forma, desde 2000, a Institui\u00e7\u00e3o iniciou suas atividades, abrindo novas perspectivas para educa\u00e7\u00e3o e o desenvolvimento socioecon\u00f4mico da regi\u00e3o de Ariquemes e munic\u00edpios lim\u00edtrofes. Atualmente, a Institui\u00e7\u00e3o possui sete cursos em funcionamento, todos na modalidade presencial: Administra\u00e7\u00e3o, Ci\u00eancias Cont\u00e1beis, Direito, Enfermagem, Farm\u00e1cia, Psicologia e Nutri\u00e7\u00e3o. Atrav\u00e9s de sua mantida IESUR a FAECA prioriza a qualidade do ensino calcado nos princ\u00edpios b\u00e1sicos da pol\u00edtica estabelecida para o ensino superior: a expans\u00e3o, a diversifica\u00e7\u00e3o de \u00e1reas de atua\u00e7\u00e3o, a avalia\u00e7\u00e3o e a qualifica\u00e7\u00e3o, buscando sempre contribuir para o bem-estar da sociedade de modo a participar no esfor\u00e7o pela melhoria da qualidade de vida. \u00a0 Mais do que a real motiva\u00e7\u00e3o e apresenta\u00e7\u00e3o de possibilidades de alta qualifica\u00e7\u00e3o dos recursos humanos existentes, o verdadeiro sentido da cria\u00e7\u00e3o de cursos superiores no munic\u00edpio de Ariquemes e regi\u00e3o \u00e9 o de propiciar o desenvolvimento do progresso em todas as frentes sociais, capaz inclusive de gerar e desenvolver alternativas de produ\u00e7\u00e3o diversificada. Neste processo de desenvolvimento, o objetivo \u00e9 fixar o homem rondoniense e bem integr\u00e1-lo ao ambiente f\u00edsico-cultural. \u00a0 Para tal fim, a IES mant\u00e9m os prop\u00f3sitos alicer\u00e7ados nos preceitos de responsabilidade socioambiental, sempre buscando alian\u00e7a entre ensino, extens\u00e3o e investiga\u00e7\u00e3o cient\u00edfica, contribuindo desta forma para o desenvolvimento social, da cidade de Ariquemes e regi\u00e3o.<\/p>\n","protected":false},"author":1,"featured_media":0,"parent":0,"menu_order":0,"comment_status":"closed","ping_status":"closed","template":"elementor_header_footer","meta":{"_acf_changed":false,"_uag_custom_page_level_css":"","footnotes":""},"class_list":["post-360","page","type-page","status-publish","hentry"],"acf":[],"uagb_featured_image_src":{"full":false,"thumbnail":false,"medium":false,"medium_large":false,"large":false,"1536x1536":false,"2048x2048":false},"uagb_author_info":{"display_name":"admin","author_link":"https:\/\/www.faar.edu.br\/sitenovo\/author\/admin\/"},"uagb_comment_info":0,"uagb_excerpt":"Sobre a FAAr Ensino de excel\u00eancia + Novas experi\u00eancias.\u2026 http:\/\/faar.edu.br\/sitenovo\/wp-content\/uploads\/2021\/09\/Faar-Ariquemes-video-institucional.mp4 IESUR O Instituto O Instituto de Ensino Superior de Rond\u00f4nia &#8211; IESUR, com limite territorial de atua\u00e7\u00e3o circunscrito ao munic\u00edpio de Ariquemes \u2013 RO, \u00e9 uma institui\u00e7\u00e3o particular de ensino superior, mantida pela Funda\u00e7\u00e3o Assistencial e Educativa Crist\u00e3 de Ariquemes-FAECA, pessoa jur\u00eddica de direito privado,&hellip;","_links":{"self":[{"href":"https:\/\/www.faar.edu.br\/sitenovo\/wp-json\/wp\/v2\/pages\/360","targetHints":{"allow":["GET"]}}],"collection":[{"href":"https:\/\/www.faar.edu.br\/sitenovo\/wp-json\/wp\/v2\/pages"}],"about":[{"href":"https:\/\/www.faar.edu.br\/sitenovo\/wp-json\/wp\/v2\/types\/page"}],"author":[{"embeddable":true,"href":"https:\/\/www.faar.edu.br\/sitenovo\/wp-json\/wp\/v2\/users\/1"}],"replies":[{"embeddable":true,"href":"https:\/\/www.faar.edu.br\/sitenovo\/wp-json\/wp\/v2\/comments?post=360"}],"version-history":[{"count":109,"href":"https:\/\/www.faar.edu.br\/sitenovo\/wp-json\/wp\/v2\/pages\/360\/revisions"}],"predecessor-version":[{"id":3633,"href":"https:\/\/www.faar.edu.br\/sitenovo\/wp-json\/wp\/v2\/pages\/360\/revisions\/3633"}],"wp:attachment":[{"href":"https:\/\/www.faar.edu.br\/sitenovo\/wp-json\/wp\/v2\/media?parent=360"}],"curies":[{"name":"wp","href":"https:\/\/api.w.org\/{rel}","templated":true}]}}