{"id":3445,"date":"2021-11-26T00:41:41","date_gmt":"2021-11-26T00:41:41","guid":{"rendered":"http:\/\/faar.edu.br\/sitenovo\/?page_id=3445"},"modified":"2021-11-26T00:43:45","modified_gmt":"2021-11-26T00:43:45","slug":"programas-de-bolsas-institucionais","status":"publish","type":"page","link":"https:\/\/www.faar.edu.br\/sitenovo\/programas-de-bolsas-institucionais\/","title":{"rendered":"Programas de Bolsas Institucionais"},"content":{"rendered":"\t\t<div data-elementor-type=\"wp-page\" data-elementor-id=\"3445\" class=\"elementor elementor-3445\" data-elementor-post-type=\"page\">\n\t\t\t\t\t\t<section class=\"elementor-section elementor-top-section elementor-element elementor-element-250cb27b elementor-section-boxed elementor-section-height-default elementor-section-height-default wpr-particle-no wpr-jarallax-no wpr-parallax-no wpr-sticky-section-no\" data-id=\"250cb27b\" data-element_type=\"section\" data-settings=\"{&quot;background_background&quot;:&quot;classic&quot;}\">\n\t\t\t\t\t\t<div class=\"elementor-container elementor-column-gap-no\">\n\t\t\t\t\t<div class=\"elementor-column elementor-col-100 elementor-top-column elementor-element elementor-element-6a984bd0\" data-id=\"6a984bd0\" data-element_type=\"column\">\n\t\t\t<div class=\"elementor-widget-wrap elementor-element-populated\">\n\t\t\t\t\t\t<section class=\"elementor-section elementor-inner-section elementor-element elementor-element-4e24e29a elementor-section-boxed elementor-section-height-default elementor-section-height-default wpr-particle-no wpr-jarallax-no wpr-parallax-no wpr-sticky-section-no\" data-id=\"4e24e29a\" data-element_type=\"section\">\n\t\t\t\t\t\t<div class=\"elementor-container elementor-column-gap-default\">\n\t\t\t\t\t<div class=\"elementor-column elementor-col-100 elementor-inner-column elementor-element elementor-element-78878d91\" data-id=\"78878d91\" data-element_type=\"column\">\n\t\t\t<div class=\"elementor-widget-wrap elementor-element-populated\">\n\t\t\t\t\t\t<div class=\"elementor-element elementor-element-280c50f1 elementor-invisible elementor-widget elementor-widget-heading\" data-id=\"280c50f1\" data-element_type=\"widget\" data-settings=\"{&quot;_animation&quot;:&quot;fadeIn&quot;}\" data-widget_type=\"heading.default\">\n\t\t\t\t<div class=\"elementor-widget-container\">\n\t\t\t\t\t<h3 class=\"elementor-heading-title elementor-size-default\">Programas de Bolsas Institucionais <\/h3>\t\t\t\t<\/div>\n\t\t\t\t<\/div>\n\t\t\t\t<div class=\"elementor-element elementor-element-1030d8ba elementor-widget-divider--view-line elementor-widget elementor-widget-divider\" data-id=\"1030d8ba\" data-element_type=\"widget\" data-widget_type=\"divider.default\">\n\t\t\t\t<div class=\"elementor-widget-container\">\n\t\t\t\t\t\t\t<div class=\"elementor-divider\">\n\t\t\t<span class=\"elementor-divider-separator\">\n\t\t\t\t\t\t<\/span>\n\t\t<\/div>\n\t\t\t\t\t\t<\/div>\n\t\t\t\t<\/div>\n\t\t\t\t\t<\/div>\n\t\t<\/div>\n\t\t\t\t\t<\/div>\n\t\t<\/section>\n\t\t\t\t<div class=\"elementor-element elementor-element-53cf5d6 elementor-widget elementor-widget-text-editor\" data-id=\"53cf5d6\" data-element_type=\"widget\" data-widget_type=\"text-editor.default\">\n\t\t\t\t<div class=\"elementor-widget-container\">\n\t\t\t\t\t\t\t\t\t<p><\/p>\n<h1><b>INVESTIMENTO INSTITUCIONAL<\/b><\/h1>\n<p>\u00a0<\/p>\n<p>O IESUR\/FAAr, consciente de sua responsabilidade social, implantou o seu Programa de Bolsas Institucionais, assim que obteve o reconhecimento do MEC, a saber:<\/p>\n<p>\u00a0<\/p>\n<h2><b>Antecipa\u00e7\u00e3o de Semestralidade<\/b><\/h2>\n<p>\u00a0<\/p>\n<p>Ser\u00e1 concedido nos casos de pagamento antecipado da semestralidade o percentual de 5% (cinco por cento) de desconto, n\u00e3o incluindo desconto sobre a matr\u00edcula.<\/p>\n<p>\u00a0<\/p>\n<h2><b>Desconto Fam\u00edlia<\/b><\/h2>\n<p>\u00a0<\/p>\n<p>Tem como princ\u00edpio auxiliar fam\u00edlias que possuam mais de um dependente estudando na <b>FAAr\/IESUR<\/b>, devendo ser esposa (o) ou irm\u00e3os.<\/p>\n<p>\u00a0<\/p>\n<p>A partir do segundo dependente, em mantendo a pontualidade de pagamentos, a mensalidade sofre redu\u00e7\u00e3o de mais 10% (dez por cento). O aluno que se enquadra nessa regra dever\u00e1 formalizar o pedido via requerimento pr\u00f3prio, indicando o nome completo, o n\u00famero da matr\u00edcula do parente e o grau de parentesco, que dever\u00e1 ser comprovado anexando a certid\u00e3o de nascimento ou casamento e declara\u00e7\u00e3o de Imposto de Renda.<\/p>\n<p>\u00a0<\/p>\n<h3><b>Incentivo \u2013 Bolsa Monitoria Volunt\u00e1ria<\/b><\/h3>\n<p>\u00a0<\/p>\n<p>O exerc\u00edcio da monitoria consiste na realiza\u00e7\u00e3o de atividades a serem desenvolvidas junto a professores, em tarefas de apoio ao ensino e projetos espec\u00edficos, em cursos de gradua\u00e7\u00e3o da IESUR, nos locais e hor\u00e1rios mutuamente acertados entre o professor respons\u00e1vel e o monitor, respeitado rigorosamente o hor\u00e1rio escolar do aluno.<\/p>\n<p>\u00a0<\/p>\n<p>A bolsa monitoria est\u00e1 devidamente regulamentada e foi implantada formalmente a partir a partir do 2\u00ba semestre de 2011. As bolsas monitoria correspondem at\u00e9 10% a 25% do valor da mensalidade do curso que o aluno estiver matriculado.<\/p>\n<p>\u00a0<\/p>\n<p>\u00c9 realizado processo seletivo entre interessados devidamente aprovados na disciplina a qual se candidata. O crit\u00e9rio de sele\u00e7\u00e3o ser\u00e1 o adotado pelo Coordenador do Curso<\/p>\n<p>\u00a0<\/p>\n<h3><b>Incentivo \u2013 Bolsa Inicia\u00e7\u00e3o Cient\u00edfica<\/b><\/h3>\n<p>\u00a0<\/p>\n<p>Esta bolsa \u00e9 um incentivo individual que se operacionaliza como estrat\u00e9gia exemplar de financiamento seletivo aos melhores alunos, vinculados a projetos desenvolvidos pelos pesquisadores docentes no contexto da gradua\u00e7\u00e3o.<\/p>\n<p>\u00a0<\/p>\n<p>Tem como objetivo introduzir o aluno no mundo da pesquisa cient\u00edfica, como estrat\u00e9gia pedag\u00f3gica para o ensino de qualidade centrado no processo ativo de constru\u00e7\u00e3o de conhecimento.<\/p>\n<p>\u00a0<\/p>\n<p>\u00c9 a possibilidade de colocar o aluno desde cedo em contato direto com a atividade cient\u00edfica e engaj\u00e1-lo na pesquisa.<\/p>\n<p>\u00a0<\/p>\n<p>A Coordena\u00e7\u00e3o de Pesquisa e Extens\u00e3o \u00e9 respons\u00e1vel programa \u201cBolsas de Inicia\u00e7\u00e3o Cient\u00edfica\u201d, e cuidar\u00e1 do processo de sele\u00e7\u00e3o e de acompanhamento dos bolsistas. O Programa de Inicia\u00e7\u00e3o Cient\u00edfica (fazer o link da p\u00e1gina do Programa de Inicia\u00e7\u00e3o Cient\u00edfica entrar no termo em azul) possui regulamenta\u00e7\u00e3o pr\u00f3pria e foi implantada formalmente a partir do 2\u00ba semestre de 2011.<\/p>\n<p>\u00a0<\/p>\n<h3><b>Incentivo \u2013 Bolsa Pontualidade<\/b><\/h3>\n<p>\u00a0<\/p>\n<p>Tem como princ\u00edpio valorizar a pontualidade de pagamento das mensalidades. A <b>FAAr\/IESUR<\/b> concede descontos escalonados para quem efetuar seu pagamento de forma antecipada e obedece a data estabelecida para os dias 01 (desconto especial) 05 (desconto intermedi\u00e1rio) que antecedem a data de vencimento das mensalidades dia 10 (desconto habitual), conforme instru\u00e7\u00f5es no boleto de pagamento.<\/p>\n<p>\u00a0<\/p>\n<p>Ap\u00f3s a renova\u00e7\u00e3o da matr\u00edcula ser\u00e1 disponibilizado no PORTAL ACAD\u00caMICO, os Boletos Banc\u00e1rios das demais mensalidades do semestre letivo que devem ser pagos nas Ag\u00eancias Banc\u00e1rias, Casas Lot\u00e9ricas ou Agencias Conveniadas.\u00a0<\/p>\n<p>\u00a0<\/p>\n<p>Fica a crit\u00e9rio de cada aluno e\/ou do seu respons\u00e1vel financeiro, a melhor data para efetuar seu pagamento, que deve ser liquidado exclusivamente na rede Banc\u00e1ria credenciada.<\/p>\n<p>\u00a0<\/p>\n<h3><b>Incentivo \u2013 Bolsa Funcion\u00e1rio e\/ou Dependente<\/b><\/h3>\n<p>\u00a0<\/p>\n<p>Tem como princ\u00edpio beneficiar funcion\u00e1rio da <b>FAAr\/IESUR <\/b>e\/ou dependente, permitindo-lhe a redu\u00e7\u00e3o acumulada das bolsas pontualidade e funcion\u00e1rio e\/ou dependente. A sistem\u00e1tica de concess\u00e3o de descontos \u00e9 definida pela Diretoria Geral, de acordo com cada caso, este \u00e9 um grande orgulho da institui\u00e7\u00e3o poder proporcionar crescimento intelectual ao funcion\u00e1rio;<\/p>\n<p>\u00a0<\/p>\n<h3><b>Incentivo \u2013 Bolsa Egresso ou Portador de Diploma<\/b><\/h3>\n<p>\u00a0<\/p>\n<p>Tem como princ\u00edpio beneficiar ex-alunos graduados, em qualquer curso da <b>FAAr\/IESUR <\/b>ou em outra institui\u00e7\u00e3o de ensino. Dever\u00e1 ser feito atrav\u00e9s de requerimento e anexado c\u00f3pia do certificado ou diploma.\u00a0<\/p>\n<p>\u00a0<\/p>\n<p>Consulte a e entenda mais: <b>RESOLU\u00c7\u00c3O N\u00ba 010\/2014-CONSEPE\/IESUR <\/b>no site <a href=\"http:\/\/www.faar.edu.br\">www.faar.edu.br<\/a>\u00a0<\/p>\n<p><br \/><br \/><br \/><br \/><br \/><\/p>\n<h3><b>Incentivo \u2013 Bolsa Conv\u00eanio<\/b><\/h3>\n<p>\u00a0<\/p>\n<p>Tem como princ\u00edpio beneficiar associados e seus dependentes legais diretos, em percentuais estabelecidos nos conv\u00eanios, desde que sejam atendidas as condi\u00e7\u00f5es contratuais do conv\u00eanio pelo aluno solicitante.<\/p>\n<p>\u00a0<\/p>\n<p>Deve ser solicitado atrav\u00e9s de requerimento individual anexando obrigatoriamente declara\u00e7\u00e3o original emitida pelo sindicato\/empresa conveniado com a <b>FAAr\/IESUR<\/b>, com assinatura\/carimbo do presidente do sindicato\/empresa ou respons\u00e1vel autorizado, devendo o nome do solicitante constar da listagem oficial emitida pelo \u00f3rg\u00e3o conveniado.<\/p>\n<p>\u00a0<\/p>\n<p><b>Incentivo \u2013 Bolsa Trabalho ou de Administra\u00e7\u00e3o<\/b><\/p>\n<p>\u00a0<\/p>\n<p>Esta bolsa tem por fundamento beneficiar o corpo de discentes do IESUR. Pode conceder descontos de 10% a 30 % do valor da mensalidade para alunos trabalhadores filiados a Associa\u00e7\u00f5es considerados carente e que sejam selecionados pelas respectivas Associa\u00e7\u00f5es, bem como tem como princ\u00edpio valorizar a pontualidade de pagamento das mensalidades pelos discentes.<\/p>\n<p>\u00a0<\/p>\n<h3><b>Incentivo \u2013 Bolsa Transporte<\/b><\/h3>\n<p>\u00a0<\/p>\n<p>Tem por objetivo auxiliar os alunos de outras localidades a se deslocarem at\u00e9 a institui\u00e7\u00e3o atrav\u00e9s de b\u00f4nus em dinheiro para o aux\u00edlio de transporte.<\/p>\n<p>\u00a0<\/p>\n<p><b>AVISO IMPORTANTE: &#8211; Todos os conv\u00eanios devem ser renovados semestralmente.<\/b><\/p>\n<p>\u00a0<\/p>\n<h3><b>INVESTIMENTO GOVERNAMENTAL<\/b><\/h3>\n<p>\u00c9 atrav\u00e9s dele que estudantes de institui\u00e7\u00f5es de ensino superior privadas t\u00eam a oportunidade de financiar em at\u00e9 100% seu curso, com juros iguais para todos os cursos.\u00a0<\/p>\n<p>Tem maior flexibilidade de pagamento dos encargos e dos prazos de pagamento, que agora \u00e9 de tr\u00eas vezes o tempo do curso, com um tempo de car\u00eancia ap\u00f3s a conclus\u00e3o do curso para come\u00e7ar a pagar. Para maiores informa\u00e7\u00f5es acesse o site: <a href=\"http:\/\/sisfiesportal.mec.gov.br\">http:\/\/sisfiesportal.mec.gov.br<\/a>\u00a0<\/p>\n<p>O financiamento pode ser requerido a qualquer momento e n\u00e3o mais apenas em processo seletivo. O agente operado passa a ser o FNDE (Fundo Nacional de desenvolvimento de Educa\u00e7\u00e3o), mas, os atuais agentes financeiros s\u00e3o: Caixa Econ\u00f4mica e Banco do Brasil.\u00a0<\/p>\n<p>O FIES \u00e9 para todos e para se candidatar, basta estar regularmente matriculado em Institui\u00e7\u00f5es de Ensino Superior n\u00e3o gratuita, em qualquer curso, devidamente cadastrada no Programa e com avalia\u00e7\u00e3o positiva nos processos de avalia\u00e7\u00e3o realizados pelo MEC.\u00a0<\/p>\n<p>Os estudantes que conclu\u00edram o ensino m\u00e9dio no ano de 2010 em diante devem comprovar tamb\u00e9m o resultado obtido em pelo menos uma edi\u00e7\u00e3o da prova do ENEM. A inscri\u00e7\u00e3o \u00e9 feita somente pelo site <a href=\"http:\/\/portalfies.mec.gov.br\">http:\/\/portalfies.mec.gov.br<\/a> onde outras informa\u00e7\u00f5es tamb\u00e9m poder\u00e3o ser obtidas.<\/p>\n<p><b>LOCAL DO ATENDIMENTO<\/b><\/p>\n<p>Sala do <b>NAD<\/b> &#8211; N\u00facleo de Atendimento ao Discente<\/p>\n<p><b>HOR\u00c1RIOS DE ATENDIMENTOS<\/b><\/p>\n<p>Segunda \u00e0s Sextas-feiras das 19h00 \u00e0s 22h00<\/p>\n<p>1\u00ba e 3\u00ba S\u00e1bado do m\u00eas de 14h00 \u00e0s 18h00<\/p>\n<p><b>DADOS DE CONTATO<\/b><\/p>\n<p><b>Coordenador:<\/b> Prof. Especialista Dione Pedro Feza<\/p>\n<p><b>Destinat\u00e1rio<\/b>: Instituto de Ensino Superior de Rond\u00f4nia\/Faculdades Associadas de Ariquemes (IESUR\/FAAR).<\/p>\n<p><b>Endere\u00e7o:<\/b> Av. Capit\u00e3o Silvio, n\u00ba 2738, Grandes \u00c1reas, Ariquemes\/RO. CEP: 78932-000.<\/p>\n<p><b>Telefone:<\/b> (69) 3535-5008; (69) 3535-5005 \u2013 <b>Ramal<\/b>: 237<\/p>\n<p><b>E-mail: <\/b><a href=\"mailto:dionefeza@faar.edu.br\"><b>dionefeza@faar.edu.br<\/b><\/a><\/p>\n<p>\u00a0<\/p>\n<p><\/p>\t\t\t\t\t\t\t\t<\/div>\n\t\t\t\t<\/div>\n\t\t\t\t\t<\/div>\n\t\t<\/div>\n\t\t\t\t\t<\/div>\n\t\t<\/section>\n\t\t\t\t<\/div>\n\t\t","protected":false},"excerpt":{"rendered":"<p>Programas de Bolsas Institucionais INVESTIMENTO INSTITUCIONAL \u00a0 O IESUR\/FAAr, consciente de sua responsabilidade social, implantou o seu Programa de Bolsas Institucionais, assim que obteve o reconhecimento do MEC, a saber: \u00a0 Antecipa\u00e7\u00e3o de Semestralidade \u00a0 Ser\u00e1 concedido nos casos de pagamento antecipado da semestralidade o percentual de 5% (cinco por cento) de desconto, n\u00e3o incluindo desconto sobre a matr\u00edcula. \u00a0 Desconto Fam\u00edlia \u00a0 Tem como princ\u00edpio auxiliar fam\u00edlias que possuam mais de um dependente estudando na FAAr\/IESUR, devendo ser esposa (o) ou irm\u00e3os. \u00a0 A partir do segundo dependente, em mantendo a pontualidade de pagamentos, a mensalidade sofre redu\u00e7\u00e3o de mais 10% (dez por cento). O aluno que se enquadra nessa regra dever\u00e1 formalizar o pedido via requerimento pr\u00f3prio, indicando o nome completo, o n\u00famero da matr\u00edcula do parente e o grau de parentesco, que dever\u00e1 ser comprovado anexando a certid\u00e3o de nascimento ou casamento e declara\u00e7\u00e3o de Imposto de Renda. \u00a0 Incentivo \u2013 Bolsa Monitoria Volunt\u00e1ria \u00a0 O exerc\u00edcio da monitoria consiste na realiza\u00e7\u00e3o de atividades a serem desenvolvidas junto a professores, em tarefas de apoio ao ensino e projetos espec\u00edficos, em cursos de gradua\u00e7\u00e3o da IESUR, nos locais e hor\u00e1rios mutuamente acertados entre o professor respons\u00e1vel e o monitor, respeitado rigorosamente o hor\u00e1rio escolar do aluno. \u00a0 A bolsa monitoria est\u00e1 devidamente regulamentada e foi implantada formalmente a partir a partir do 2\u00ba semestre de 2011. As bolsas monitoria correspondem at\u00e9 10% a 25% do valor da mensalidade do curso que o aluno estiver matriculado. \u00a0 \u00c9 realizado processo seletivo entre interessados devidamente aprovados na disciplina a qual se candidata. O crit\u00e9rio de sele\u00e7\u00e3o ser\u00e1 o adotado pelo Coordenador do Curso \u00a0 Incentivo \u2013 Bolsa Inicia\u00e7\u00e3o Cient\u00edfica \u00a0 Esta bolsa \u00e9 um incentivo individual que se operacionaliza como estrat\u00e9gia exemplar de financiamento seletivo aos melhores alunos, vinculados a projetos desenvolvidos pelos pesquisadores docentes no contexto da gradua\u00e7\u00e3o. \u00a0 Tem como objetivo introduzir o aluno no mundo da pesquisa cient\u00edfica, como estrat\u00e9gia pedag\u00f3gica para o ensino de qualidade centrado no processo ativo de constru\u00e7\u00e3o de conhecimento. \u00a0 \u00c9 a possibilidade de colocar o aluno desde cedo em contato direto com a atividade cient\u00edfica e engaj\u00e1-lo na pesquisa. \u00a0 A Coordena\u00e7\u00e3o de Pesquisa e Extens\u00e3o \u00e9 respons\u00e1vel programa \u201cBolsas de Inicia\u00e7\u00e3o Cient\u00edfica\u201d, e cuidar\u00e1 do processo de sele\u00e7\u00e3o e de acompanhamento dos bolsistas. O Programa de Inicia\u00e7\u00e3o Cient\u00edfica (fazer o link da p\u00e1gina do Programa de Inicia\u00e7\u00e3o Cient\u00edfica entrar no termo em azul) possui regulamenta\u00e7\u00e3o pr\u00f3pria e foi implantada formalmente a partir do 2\u00ba semestre de 2011. \u00a0 Incentivo \u2013 Bolsa Pontualidade \u00a0 Tem como princ\u00edpio valorizar a pontualidade de pagamento das mensalidades. A FAAr\/IESUR concede descontos escalonados para quem efetuar seu pagamento de forma antecipada e obedece a data estabelecida para os dias 01 (desconto especial) 05 (desconto intermedi\u00e1rio) que antecedem a data de vencimento das mensalidades dia 10 (desconto habitual), conforme instru\u00e7\u00f5es no boleto de pagamento. \u00a0 Ap\u00f3s a renova\u00e7\u00e3o da matr\u00edcula ser\u00e1 disponibilizado no PORTAL ACAD\u00caMICO, os Boletos Banc\u00e1rios das demais mensalidades do semestre letivo que devem ser pagos nas Ag\u00eancias Banc\u00e1rias, Casas Lot\u00e9ricas ou Agencias Conveniadas.\u00a0 \u00a0 Fica a crit\u00e9rio de cada aluno e\/ou do seu respons\u00e1vel financeiro, a melhor data para efetuar seu pagamento, que deve ser liquidado exclusivamente na rede Banc\u00e1ria credenciada. \u00a0 Incentivo \u2013 Bolsa Funcion\u00e1rio e\/ou Dependente \u00a0 Tem como princ\u00edpio beneficiar funcion\u00e1rio da FAAr\/IESUR e\/ou dependente, permitindo-lhe a redu\u00e7\u00e3o acumulada das bolsas pontualidade e funcion\u00e1rio e\/ou dependente. A sistem\u00e1tica de concess\u00e3o de descontos \u00e9 definida pela Diretoria Geral, de acordo com cada caso, este \u00e9 um grande orgulho da institui\u00e7\u00e3o poder proporcionar crescimento intelectual ao funcion\u00e1rio; \u00a0 Incentivo \u2013 Bolsa Egresso ou Portador de Diploma \u00a0 Tem como princ\u00edpio beneficiar ex-alunos graduados, em qualquer curso da FAAr\/IESUR ou em outra institui\u00e7\u00e3o de ensino. Dever\u00e1 ser feito atrav\u00e9s de requerimento e anexado c\u00f3pia do certificado ou diploma.\u00a0 \u00a0 Consulte a e entenda mais: RESOLU\u00c7\u00c3O N\u00ba 010\/2014-CONSEPE\/IESUR no site www.faar.edu.br\u00a0 Incentivo \u2013 Bolsa Conv\u00eanio \u00a0 Tem como princ\u00edpio beneficiar associados e seus dependentes legais diretos, em percentuais estabelecidos nos conv\u00eanios, desde que sejam atendidas as condi\u00e7\u00f5es contratuais do conv\u00eanio pelo aluno solicitante. \u00a0 Deve ser solicitado atrav\u00e9s de requerimento individual anexando obrigatoriamente declara\u00e7\u00e3o original emitida pelo sindicato\/empresa conveniado com a FAAr\/IESUR, com assinatura\/carimbo do presidente do sindicato\/empresa ou respons\u00e1vel autorizado, devendo o nome do solicitante constar da listagem oficial emitida pelo \u00f3rg\u00e3o conveniado. \u00a0 Incentivo \u2013 Bolsa Trabalho ou de Administra\u00e7\u00e3o \u00a0 Esta bolsa tem por fundamento beneficiar o corpo de discentes do IESUR. Pode conceder descontos de 10% a 30 % do valor da mensalidade para alunos trabalhadores filiados a Associa\u00e7\u00f5es considerados carente e que sejam selecionados pelas respectivas Associa\u00e7\u00f5es, bem como tem como princ\u00edpio valorizar a pontualidade de pagamento das mensalidades pelos discentes. \u00a0 Incentivo \u2013 Bolsa Transporte \u00a0 Tem por objetivo auxiliar os alunos de outras localidades a se deslocarem at\u00e9 a institui\u00e7\u00e3o atrav\u00e9s de b\u00f4nus em dinheiro para o aux\u00edlio de transporte. \u00a0 AVISO IMPORTANTE: &#8211; Todos os conv\u00eanios devem ser renovados semestralmente. \u00a0 INVESTIMENTO GOVERNAMENTAL \u00c9 atrav\u00e9s dele que estudantes de institui\u00e7\u00f5es de ensino superior privadas t\u00eam a oportunidade de financiar em at\u00e9 100% seu curso, com juros iguais para todos os cursos.\u00a0 Tem maior flexibilidade de pagamento dos encargos e dos prazos de pagamento, que agora \u00e9 de tr\u00eas vezes o tempo do curso, com um tempo de car\u00eancia ap\u00f3s a conclus\u00e3o do curso para come\u00e7ar a pagar. Para maiores informa\u00e7\u00f5es acesse o site: http:\/\/sisfiesportal.mec.gov.br\u00a0 O financiamento pode ser requerido a qualquer momento e n\u00e3o mais apenas em processo seletivo. O agente operado passa a ser o FNDE (Fundo Nacional de desenvolvimento de Educa\u00e7\u00e3o), mas, os atuais agentes financeiros s\u00e3o: Caixa Econ\u00f4mica e Banco do Brasil.\u00a0 O FIES \u00e9 para todos e para se candidatar, basta estar regularmente matriculado em Institui\u00e7\u00f5es de Ensino Superior n\u00e3o gratuita, em qualquer curso, devidamente cadastrada no Programa e com avalia\u00e7\u00e3o positiva nos processos de avalia\u00e7\u00e3o realizados pelo MEC.\u00a0 Os estudantes que conclu\u00edram o ensino m\u00e9dio no ano de 2010 em diante devem comprovar tamb\u00e9m o resultado obtido em pelo menos<\/p>\n","protected":false},"author":1,"featured_media":0,"parent":0,"menu_order":0,"comment_status":"closed","ping_status":"closed","template":"elementor_header_footer","meta":{"_acf_changed":false,"_uag_custom_page_level_css":"","footnotes":""},"class_list":["post-3445","page","type-page","status-publish","hentry"],"acf":[],"uagb_featured_image_src":{"full":false,"thumbnail":false,"medium":false,"medium_large":false,"large":false,"1536x1536":false,"2048x2048":false},"uagb_author_info":{"display_name":"admin","author_link":"https:\/\/www.faar.edu.br\/sitenovo\/author\/admin\/"},"uagb_comment_info":0,"uagb_excerpt":"Programas de Bolsas Institucionais INVESTIMENTO INSTITUCIONAL \u00a0 O IESUR\/FAAr, consciente de sua responsabilidade social, implantou o seu Programa de Bolsas Institucionais, assim que obteve o reconhecimento do MEC, a saber: \u00a0 Antecipa\u00e7\u00e3o de Semestralidade \u00a0 Ser\u00e1 concedido nos casos de pagamento antecipado da semestralidade o percentual de 5% (cinco por cento) de desconto, n\u00e3o incluindo&hellip;","_links":{"self":[{"href":"https:\/\/www.faar.edu.br\/sitenovo\/wp-json\/wp\/v2\/pages\/3445","targetHints":{"allow":["GET"]}}],"collection":[{"href":"https:\/\/www.faar.edu.br\/sitenovo\/wp-json\/wp\/v2\/pages"}],"about":[{"href":"https:\/\/www.faar.edu.br\/sitenovo\/wp-json\/wp\/v2\/types\/page"}],"author":[{"embeddable":true,"href":"https:\/\/www.faar.edu.br\/sitenovo\/wp-json\/wp\/v2\/users\/1"}],"replies":[{"embeddable":true,"href":"https:\/\/www.faar.edu.br\/sitenovo\/wp-json\/wp\/v2\/comments?post=3445"}],"version-history":[{"count":7,"href":"https:\/\/www.faar.edu.br\/sitenovo\/wp-json\/wp\/v2\/pages\/3445\/revisions"}],"predecessor-version":[{"id":3452,"href":"https:\/\/www.faar.edu.br\/sitenovo\/wp-json\/wp\/v2\/pages\/3445\/revisions\/3452"}],"wp:attachment":[{"href":"https:\/\/www.faar.edu.br\/sitenovo\/wp-json\/wp\/v2\/media?parent=3445"}],"curies":[{"name":"wp","href":"https:\/\/api.w.org\/{rel}","templated":true}]}}