{"id":3428,"date":"2021-11-26T00:31:57","date_gmt":"2021-11-26T00:31:57","guid":{"rendered":"http:\/\/faar.edu.br\/sitenovo\/?page_id=3428"},"modified":"2021-11-26T00:33:45","modified_gmt":"2021-11-26T00:33:45","slug":"programa-de-atendimento-aos-portadores-de-necessidades-especiais","status":"publish","type":"page","link":"https:\/\/www.faar.edu.br\/sitenovo\/programa-de-atendimento-aos-portadores-de-necessidades-especiais\/","title":{"rendered":"Programa de Atendimento aos Portadores de Necessidades Especiais"},"content":{"rendered":"\t\t<div data-elementor-type=\"wp-page\" data-elementor-id=\"3428\" class=\"elementor elementor-3428\" data-elementor-post-type=\"page\">\n\t\t\t\t\t\t<section class=\"elementor-section elementor-top-section elementor-element elementor-element-250cb27b elementor-section-boxed elementor-section-height-default elementor-section-height-default wpr-particle-no wpr-jarallax-no wpr-parallax-no wpr-sticky-section-no\" data-id=\"250cb27b\" data-element_type=\"section\" data-settings=\"{&quot;background_background&quot;:&quot;classic&quot;}\">\n\t\t\t\t\t\t<div class=\"elementor-container elementor-column-gap-no\">\n\t\t\t\t\t<div class=\"elementor-column elementor-col-100 elementor-top-column elementor-element elementor-element-6a984bd0\" data-id=\"6a984bd0\" data-element_type=\"column\">\n\t\t\t<div class=\"elementor-widget-wrap elementor-element-populated\">\n\t\t\t\t\t\t<section class=\"elementor-section elementor-inner-section elementor-element elementor-element-4e24e29a elementor-section-boxed elementor-section-height-default elementor-section-height-default wpr-particle-no wpr-jarallax-no wpr-parallax-no wpr-sticky-section-no\" data-id=\"4e24e29a\" data-element_type=\"section\">\n\t\t\t\t\t\t<div class=\"elementor-container elementor-column-gap-default\">\n\t\t\t\t\t<div class=\"elementor-column elementor-col-100 elementor-inner-column elementor-element elementor-element-78878d91\" data-id=\"78878d91\" data-element_type=\"column\">\n\t\t\t<div class=\"elementor-widget-wrap elementor-element-populated\">\n\t\t\t\t\t\t<div class=\"elementor-element elementor-element-280c50f1 elementor-invisible elementor-widget elementor-widget-heading\" data-id=\"280c50f1\" data-element_type=\"widget\" data-settings=\"{&quot;_animation&quot;:&quot;fadeIn&quot;}\" data-widget_type=\"heading.default\">\n\t\t\t\t<div class=\"elementor-widget-container\">\n\t\t\t\t\t<h3 class=\"elementor-heading-title elementor-size-default\">Programa de Atendimento aos Portadores de Necessidades Especiais<\/h3>\t\t\t\t<\/div>\n\t\t\t\t<\/div>\n\t\t\t\t<div class=\"elementor-element elementor-element-1030d8ba elementor-widget-divider--view-line elementor-widget elementor-widget-divider\" data-id=\"1030d8ba\" data-element_type=\"widget\" data-widget_type=\"divider.default\">\n\t\t\t\t<div class=\"elementor-widget-container\">\n\t\t\t\t\t\t\t<div class=\"elementor-divider\">\n\t\t\t<span class=\"elementor-divider-separator\">\n\t\t\t\t\t\t<\/span>\n\t\t<\/div>\n\t\t\t\t\t\t<\/div>\n\t\t\t\t<\/div>\n\t\t\t\t\t<\/div>\n\t\t<\/div>\n\t\t\t\t\t<\/div>\n\t\t<\/section>\n\t\t\t\t<div class=\"elementor-element elementor-element-53cf5d6 elementor-widget elementor-widget-text-editor\" data-id=\"53cf5d6\" data-element_type=\"widget\" data-widget_type=\"text-editor.default\">\n\t\t\t\t<div class=\"elementor-widget-container\">\n\t\t\t\t\t\t\t\t\t<p><\/p>\n<p>Mais do que a real motiva\u00e7\u00e3o e apresenta\u00e7\u00e3o de possibilidades de alta qualifica\u00e7\u00e3o dos recursos humanos, o verdadeiro sentido de operacionaliza\u00e7\u00e3o do IESUR\/FAAr e seus cursos superiores no munic\u00edpio de Ariquemes e regi\u00f5es vizinhas \u00e9 o de propiciar o progresso em todas as frentes sociais, capaz inclusive de gerar e desenvolver alternativas de produ\u00e7\u00e3o diversificada.<\/p>\n<p>Este processo consolida o objetivo de capacita\u00e7\u00e3o do homem rondoniense e sua integra\u00e7\u00e3o ao ambiente f\u00edsico-cultural.<\/p>\n<p>\u00c9 neste contexto que o Programa de Atendimento aos portadores de necessidades especiais foi implantado no IESUR\/FAAr, para colaborar com a cidade de Ariquemes e regi\u00f5es vizinhas, trazendo uma verdadeira e resplandecente luz de esperan\u00e7a para muitos brasileiros que estiveram longe do acesso a um pensamento cr\u00edtico e com densidade te\u00f3rica.<\/p>\n<p>O IESUR\/FAAr est\u00e1 comprometido com a realiza\u00e7\u00e3o do disposto no Decreto 5.626\/2004, que regulamenta a Lei n\u00ba 10.436, bem como as Leis n\u00ba 10.048, de 8 de novembro de 2000 e 10.098, de 19 de dezembro de 2000.<\/p>\n<p>Para isso, possui profissionais capacitados para atender condignamente os portadores de necessidades especiais (deficientes f\u00edsicos, visuais e auditivos), que venham a se matricular em seus cursos.<\/p>\n<p>Os espa\u00e7os f\u00edsicos da institui\u00e7\u00e3o est\u00e3o em constante adapta\u00e7\u00e3o para a circula\u00e7\u00e3o de cadeirantes e possui vagas de estacionamento espec\u00edficas para portadores de defici\u00eancias, al\u00e9m de salas de aula preparadas para o acesso destes.<\/p>\n<p>Este Programa \u00e9 gratuito para os inclu\u00eddos, cabendo ao IESUR\/FAAr fornecer a estrutura f\u00edsica, como sala de aula e material did\u00e1tico e aos professores e aos acad\u00eamicos, em conjunto, realizar as atividades pr\u00e1ticas que fazem parte da estrutura curricular de ensino necess\u00e1rias aos portadores de necessidades especiais.<\/p>\n<p>O IESUR\/FAAr acredita que a troca de experi\u00eancias e as ideias dentro dessas atividades de Responsabilidade Social e Sustentabilidade no atendimento da comunidade do munic\u00edpio de Ariquemes e regi\u00f5es vizinhas contribuir\u00e1 tanto para a forma\u00e7\u00e3o profissional e acad\u00eamica do aluno da gradua\u00e7\u00e3o e da p\u00f3s-gradua\u00e7\u00e3o quanto para seu desenvolvimento pessoal, contribuindo com a preserva\u00e7\u00e3o da floresta amaz\u00f4nica e seus povos e a conviv\u00eancia respeitosa com a comunidade rondoniense.<\/p>\n<p><b>LOCAL DO ATENDIMENTO<\/b><\/p>\n<p>Sala do <b>NAD<\/b> &#8211; N\u00facleo de Atendimento ao Discente<\/p>\n<p><b>HOR\u00c1RIOS DE ATENDIMENTOS<\/b><\/p>\n<p>Segunda \u00e0s Sextas-feiras das 19h00 \u00e0s 22h00<\/p>\n<p>1\u00ba e 3\u00ba S\u00e1bado do m\u00eas de 14h00 \u00e0s 18h00<\/p>\n<p><b>DADOS DE CONTATO<\/b><\/p>\n<p><b>Coordenador:<\/b> Prof. Especialista Dione Pedro Feza<\/p>\n<p><b>Destinat\u00e1rio<\/b>: Instituto de Ensino Superior de Rond\u00f4nia\/Faculdades Associadas de Ariquemes (IESUR\/FAAR).<\/p>\n<p><b>Endere\u00e7o:<\/b> Av. Capit\u00e3o Silvio, n\u00ba 2738, Grandes \u00c1reas, Ariquemes\/RO. CEP: 78932-000.<\/p>\n<p><b>Telefone:<\/b> (69) 3535-5008; (69) 3535-5005 \u2013 <b>Ramal<\/b>: 237<\/p>\n<p><b>E-mail: <\/b><a href=\"mailto:dionefeza@faar.edu.br\"><b>dionefeza@faar.edu.br<\/b><\/a><b>\u00a0<\/b><\/p>\n<p>\u00a0<\/p>\n<p><\/p>\t\t\t\t\t\t\t\t<\/div>\n\t\t\t\t<\/div>\n\t\t\t\t\t<\/div>\n\t\t<\/div>\n\t\t\t\t\t<\/div>\n\t\t<\/section>\n\t\t\t\t<\/div>\n\t\t","protected":false},"excerpt":{"rendered":"<p>Programa de Atendimento aos Portadores de Necessidades Especiais Mais do que a real motiva\u00e7\u00e3o e apresenta\u00e7\u00e3o de possibilidades de alta qualifica\u00e7\u00e3o dos recursos humanos, o verdadeiro sentido de operacionaliza\u00e7\u00e3o do IESUR\/FAAr e seus cursos superiores no munic\u00edpio de Ariquemes e regi\u00f5es vizinhas \u00e9 o de propiciar o progresso em todas as frentes sociais, capaz inclusive de gerar e desenvolver alternativas de produ\u00e7\u00e3o diversificada. Este processo consolida o objetivo de capacita\u00e7\u00e3o do homem rondoniense e sua integra\u00e7\u00e3o ao ambiente f\u00edsico-cultural. \u00c9 neste contexto que o Programa de Atendimento aos portadores de necessidades especiais foi implantado no IESUR\/FAAr, para colaborar com a cidade de Ariquemes e regi\u00f5es vizinhas, trazendo uma verdadeira e resplandecente luz de esperan\u00e7a para muitos brasileiros que estiveram longe do acesso a um pensamento cr\u00edtico e com densidade te\u00f3rica. O IESUR\/FAAr est\u00e1 comprometido com a realiza\u00e7\u00e3o do disposto no Decreto 5.626\/2004, que regulamenta a Lei n\u00ba 10.436, bem como as Leis n\u00ba 10.048, de 8 de novembro de 2000 e 10.098, de 19 de dezembro de 2000. Para isso, possui profissionais capacitados para atender condignamente os portadores de necessidades especiais (deficientes f\u00edsicos, visuais e auditivos), que venham a se matricular em seus cursos. Os espa\u00e7os f\u00edsicos da institui\u00e7\u00e3o est\u00e3o em constante adapta\u00e7\u00e3o para a circula\u00e7\u00e3o de cadeirantes e possui vagas de estacionamento espec\u00edficas para portadores de defici\u00eancias, al\u00e9m de salas de aula preparadas para o acesso destes. Este Programa \u00e9 gratuito para os inclu\u00eddos, cabendo ao IESUR\/FAAr fornecer a estrutura f\u00edsica, como sala de aula e material did\u00e1tico e aos professores e aos acad\u00eamicos, em conjunto, realizar as atividades pr\u00e1ticas que fazem parte da estrutura curricular de ensino necess\u00e1rias aos portadores de necessidades especiais. O IESUR\/FAAr acredita que a troca de experi\u00eancias e as ideias dentro dessas atividades de Responsabilidade Social e Sustentabilidade no atendimento da comunidade do munic\u00edpio de Ariquemes e regi\u00f5es vizinhas contribuir\u00e1 tanto para a forma\u00e7\u00e3o profissional e acad\u00eamica do aluno da gradua\u00e7\u00e3o e da p\u00f3s-gradua\u00e7\u00e3o quanto para seu desenvolvimento pessoal, contribuindo com a preserva\u00e7\u00e3o da floresta amaz\u00f4nica e seus povos e a conviv\u00eancia respeitosa com a comunidade rondoniense. LOCAL DO ATENDIMENTO Sala do NAD &#8211; N\u00facleo de Atendimento ao Discente HOR\u00c1RIOS DE ATENDIMENTOS Segunda \u00e0s Sextas-feiras das 19h00 \u00e0s 22h00 1\u00ba e 3\u00ba S\u00e1bado do m\u00eas de 14h00 \u00e0s 18h00 DADOS DE CONTATO Coordenador: Prof. Especialista Dione Pedro Feza Destinat\u00e1rio: Instituto de Ensino Superior de Rond\u00f4nia\/Faculdades Associadas de Ariquemes (IESUR\/FAAR). Endere\u00e7o: Av. Capit\u00e3o Silvio, n\u00ba 2738, Grandes \u00c1reas, Ariquemes\/RO. CEP: 78932-000. Telefone: (69) 3535-5008; (69) 3535-5005 \u2013 Ramal: 237 E-mail: dionefeza@faar.edu.br\u00a0 \u00a0<\/p>\n","protected":false},"author":1,"featured_media":0,"parent":0,"menu_order":0,"comment_status":"closed","ping_status":"closed","template":"elementor_header_footer","meta":{"_acf_changed":false,"_uag_custom_page_level_css":"","footnotes":""},"class_list":["post-3428","page","type-page","status-publish","hentry"],"acf":[],"uagb_featured_image_src":{"full":false,"thumbnail":false,"medium":false,"medium_large":false,"large":false,"1536x1536":false,"2048x2048":false},"uagb_author_info":{"display_name":"admin","author_link":"https:\/\/www.faar.edu.br\/sitenovo\/author\/admin\/"},"uagb_comment_info":0,"uagb_excerpt":"Programa de Atendimento aos Portadores de Necessidades Especiais Mais do que a real motiva\u00e7\u00e3o e apresenta\u00e7\u00e3o de possibilidades de alta qualifica\u00e7\u00e3o dos recursos humanos, o verdadeiro sentido de operacionaliza\u00e7\u00e3o do IESUR\/FAAr e seus cursos superiores no munic\u00edpio de Ariquemes e regi\u00f5es vizinhas \u00e9 o de propiciar o progresso em todas as frentes sociais, capaz inclusive&hellip;","_links":{"self":[{"href":"https:\/\/www.faar.edu.br\/sitenovo\/wp-json\/wp\/v2\/pages\/3428","targetHints":{"allow":["GET"]}}],"collection":[{"href":"https:\/\/www.faar.edu.br\/sitenovo\/wp-json\/wp\/v2\/pages"}],"about":[{"href":"https:\/\/www.faar.edu.br\/sitenovo\/wp-json\/wp\/v2\/types\/page"}],"author":[{"embeddable":true,"href":"https:\/\/www.faar.edu.br\/sitenovo\/wp-json\/wp\/v2\/users\/1"}],"replies":[{"embeddable":true,"href":"https:\/\/www.faar.edu.br\/sitenovo\/wp-json\/wp\/v2\/comments?post=3428"}],"version-history":[{"count":7,"href":"https:\/\/www.faar.edu.br\/sitenovo\/wp-json\/wp\/v2\/pages\/3428\/revisions"}],"predecessor-version":[{"id":3435,"href":"https:\/\/www.faar.edu.br\/sitenovo\/wp-json\/wp\/v2\/pages\/3428\/revisions\/3435"}],"wp:attachment":[{"href":"https:\/\/www.faar.edu.br\/sitenovo\/wp-json\/wp\/v2\/media?parent=3428"}],"curies":[{"name":"wp","href":"https:\/\/api.w.org\/{rel}","templated":true}]}}