{"id":2228,"date":"2021-10-03T05:39:27","date_gmt":"2021-10-03T05:39:27","guid":{"rendered":"http:\/\/faar.edu.br\/sitenovo\/?page_id=2228"},"modified":"2023-05-18T19:49:23","modified_gmt":"2023-05-18T19:49:23","slug":"cooperacoes","status":"publish","type":"page","link":"https:\/\/www.faar.edu.br\/sitenovo\/cooperacoes\/","title":{"rendered":"Coopera\u00e7\u00f5es"},"content":{"rendered":"\t\t<div data-elementor-type=\"wp-page\" data-elementor-id=\"2228\" class=\"elementor elementor-2228\" data-elementor-post-type=\"page\">\n\t\t\t\t\t\t<section class=\"elementor-section elementor-top-section elementor-element elementor-element-dfdc760 elementor-section-height-min-height elementor-section-boxed elementor-section-height-default elementor-section-items-middle wpr-particle-no wpr-jarallax-no wpr-parallax-no wpr-sticky-section-no\" data-id=\"dfdc760\" data-element_type=\"section\" data-settings=\"{&quot;background_background&quot;:&quot;classic&quot;}\">\n\t\t\t\t\t\t\t<div class=\"elementor-background-overlay\"><\/div>\n\t\t\t\t\t\t\t<div class=\"elementor-container elementor-column-gap-default\">\n\t\t\t\t\t<div class=\"elementor-column elementor-col-100 elementor-top-column elementor-element elementor-element-4c3d64d\" data-id=\"4c3d64d\" data-element_type=\"column\">\n\t\t\t<div class=\"elementor-widget-wrap elementor-element-populated\">\n\t\t\t\t\t\t<div class=\"elementor-element elementor-element-7450eacc elementor-invisible elementor-widget elementor-widget-heading\" data-id=\"7450eacc\" data-element_type=\"widget\" data-settings=\"{&quot;_animation&quot;:&quot;fadeIn&quot;}\" data-widget_type=\"heading.default\">\n\t\t\t\t<div class=\"elementor-widget-container\">\n\t\t\t\t\t<h3 class=\"elementor-heading-title elementor-size-default\">Coopera\u00e7\u00f5es<\/h3>\t\t\t\t<\/div>\n\t\t\t\t<\/div>\n\t\t\t\t<div class=\"elementor-element elementor-element-637f1af0 elementor-widget-divider--view-line elementor-widget elementor-widget-divider\" data-id=\"637f1af0\" data-element_type=\"widget\" data-widget_type=\"divider.default\">\n\t\t\t\t<div class=\"elementor-widget-container\">\n\t\t\t\t\t\t\t<div class=\"elementor-divider\">\n\t\t\t<span class=\"elementor-divider-separator\">\n\t\t\t\t\t\t<\/span>\n\t\t<\/div>\n\t\t\t\t\t\t<\/div>\n\t\t\t\t<\/div>\n\t\t\t\t\t<\/div>\n\t\t<\/div>\n\t\t\t\t\t<\/div>\n\t\t<\/section>\n\t\t\t\t<section class=\"elementor-section elementor-top-section elementor-element elementor-element-3d7de98c elementor-section-boxed elementor-section-height-default elementor-section-height-default wpr-particle-no wpr-jarallax-no wpr-parallax-no wpr-sticky-section-no\" data-id=\"3d7de98c\" data-element_type=\"section\" data-settings=\"{&quot;background_background&quot;:&quot;classic&quot;}\">\n\t\t\t\t\t\t<div class=\"elementor-container elementor-column-gap-no\">\n\t\t\t\t\t<div class=\"elementor-column elementor-col-100 elementor-top-column elementor-element elementor-element-447c2055\" data-id=\"447c2055\" data-element_type=\"column\">\n\t\t\t<div class=\"elementor-widget-wrap elementor-element-populated\">\n\t\t\t\t\t\t<div class=\"elementor-element elementor-element-ea42933 elementor-tabs-view-horizontal elementor-widget elementor-widget-tabs\" data-id=\"ea42933\" data-element_type=\"widget\" data-widget_type=\"tabs.default\">\n\t\t\t\t<div class=\"elementor-widget-container\">\n\t\t\t\t\t\t\t<div class=\"elementor-tabs\">\n\t\t\t<div class=\"elementor-tabs-wrapper\" role=\"tablist\" >\n\t\t\t\t\t\t\t\t\t<div id=\"elementor-tab-title-2451\" class=\"elementor-tab-title elementor-tab-desktop-title\" aria-selected=\"true\" data-tab=\"1\" role=\"tab\" tabindex=\"0\" aria-controls=\"elementor-tab-content-2451\" aria-expanded=\"false\">Programa de Acordos de Coopera\u00e7\u00e3o Internacional - Cooperation Agreement<\/div>\n\t\t\t\t\t\t\t\t\t<div id=\"elementor-tab-title-2452\" class=\"elementor-tab-title elementor-tab-desktop-title\" aria-selected=\"false\" data-tab=\"2\" role=\"tab\" tabindex=\"-1\" aria-controls=\"elementor-tab-content-2452\" aria-expanded=\"false\">Programa de Acordos de Coopera\u00e7\u00e3o Nacional<\/div>\n\t\t\t\t\t\t\t<\/div>\n\t\t\t<div class=\"elementor-tabs-content-wrapper\" role=\"tablist\" aria-orientation=\"vertical\">\n\t\t\t\t\t\t\t\t\t<div class=\"elementor-tab-title elementor-tab-mobile-title\" aria-selected=\"true\" data-tab=\"1\" role=\"tab\" tabindex=\"0\" aria-controls=\"elementor-tab-content-2451\" aria-expanded=\"false\">Programa de Acordos de Coopera\u00e7\u00e3o Internacional - Cooperation Agreement<\/div>\n\t\t\t\t\t<div id=\"elementor-tab-content-2451\" class=\"elementor-tab-content elementor-clearfix\" data-tab=\"1\" role=\"tabpanel\" aria-labelledby=\"elementor-tab-title-2451\" tabindex=\"0\" hidden=\"false\"><p>O Instituto de Ensino Superior de Rond\u00f4nia &#8211; IESUR &#8211; alicer\u00e7a o seu desenvolvimento e crescimento priorizando a qualidade do ensino, calcado nos quatro princ\u00edpios b\u00e1sicos da pol\u00edtica estabelecida para o ensino superior: a expans\u00e3o, a diversifica\u00e7\u00e3o de \u00e1reas de atua\u00e7\u00e3o, a avalia\u00e7\u00e3o e a qualifica\u00e7\u00e3o\/moderniza\u00e7\u00e3o. Estes princ\u00edpios s\u00e3o os pilares que sustentam o IESUR desde o seu credenciamento.<\/p><p>A miss\u00e3o primordial do IESUR \u00e9 a de servir a comunidade rondoniense, provendo-a de s\u00f3lidos conhecimentos, gerando, consequentemente, importante progresso cient\u00edfico, econ\u00f4mico, profissional, social e cultural do munic\u00edpio de Ariquemes e regi\u00f5es vizinhas. Trata-se de uma Institui\u00e7\u00e3o comprometida com o bem estar da comunidade na qual est\u00e1 inserida, que n\u00e3o mede esfor\u00e7os em contribuir com a melhoria da qualidade de vida, defesa da express\u00e3o e cumprimento da verdade. E, mais do que isso, oferece uma perspectiva de ensino diferenciada, guiada pela necess\u00e1ria vis\u00e3o interdisciplinar voltada para a transforma\u00e7\u00e3o social.<\/p><p>Dessa forma, para cumprir seus ideais, o IESUR oferece cursos de gradua\u00e7\u00e3o, p\u00f3s-gradua\u00e7\u00e3o lato sensu e muitas outras atividades que fazem parte do Programa de Extens\u00e3o e Responsabilidade Social que atendem a comunidade de Ariquemes.<\/p><p>Por isso, o IESUR\/FAAr em aten\u00e7\u00e3o ao cumprimento das a\u00e7\u00f5es do seu PDI, busca firmar acordos de coopera\u00e7\u00e3o internacional gratuita e por prazo indeterminado, proporcionando a todos os integrantes do IESUR as seguintes possibilidades acad\u00eamicas:<\/p><p><b>I<\/b> &#8211; interc\u00e2mbio de estudantes (gradua\u00e7\u00e3o e p\u00f3s-gradua\u00e7\u00e3o);<\/p><p><b>II<\/b> &#8211; interc\u00e2mbio de estudiosos (docentes e investigadores ou pesquisadores com a finalidade de realizar semin\u00e1rios e pesquisas conjuntamente no IESUR\/FAAr ou no estrangeiro);<\/p><p><b>III<\/b> &#8211; organizar Programas ou Projetos sistem\u00e1ticos e relevantes em conjunto, particularmente relativas \u00e0s linhas de pesquisa j\u00e1 inseridas na IES; e<\/p><p><b>IV<\/b> &#8211; outras bolsas acad\u00eamicas acordadas por ambas as institui\u00e7\u00f5es, como os semin\u00e1rios proferidos por palestrantes internacionais para os alunos da IES ao longo do ano letivo e cursos de ver\u00e3o para alunos nacionais e estrangeiros.<\/p><p>Com a coopera\u00e7\u00e3o internacional implantada, o IESUR\/FAAr cumpre mais um dos seus objetivos, que \u00e9 o de estimular o ensino, a pesquisa e a reflex\u00e3o, especialmente \u00e0s linhas de pesquisa institu\u00eddas em 2012 e 2013, respectivamente: (i) Sociedade, Empresa e Sustentabilidade e (ii) Direitos Fundamentais e suas dimens\u00f5es.<\/p><p>Os acad\u00eamicos e docentes do IESUR\/FAAr podem participar de programa de interc\u00e2mbio, aprofundando o estudo de determinados temas, realizar um estudo comparado de disciplinas e ter contato com um sistema jur\u00eddico distinto do brasileiro.<\/p><p>Ademais, a viv\u00eancia internacional permite o contato com diferentes culturas e a troca de experi\u00eancias e ideias com pessoas de diversas partes do mundo.<\/p><p>Sendo assim, o <b>PROGRAMA DE INTERC\u00c2MBIO<\/b>\u00a0contribui tanto para a forma\u00e7\u00e3o profissional e acad\u00eamica do aluno e do docente, quanto para seu desenvolvimento pessoal.<\/p><p><b>DADOS DE CONTATO<\/b><\/p><p><b>Coordena\u00e7\u00e3o: <\/b>Coordena\u00e7\u00e3o de Pesquisa Extens\u00e3o-COOPEX<\/p><p><b>Destinat\u00e1rio:<\/b> Instituto de Ensino Superior de Rond\u00f4nia\/Faculdades Associadas de Ariquemes (IESUR\/FAAR) &#8211; N\u00facleo de Pesquisas Cient\u00edficas em Direito.<\/p><p><b>Endere\u00e7o:<\/b> Av. Capit\u00e3o Silvio, n\u00ba 2738, Grandes \u00c1reas, Ariquemes\/RO. CEP: 76.876-696<\/p><p><b>Telefone:<\/b> (69) 3535-5005<\/p><p><b>E-mail<\/b>: <a href=\"mailto:coopex@faar.edu.br\">coopex@faar.edu.br<\/a><\/p><p><b>Aten\u00e7\u00e3o!<\/b><\/p><p>A c\u00f3pia e a reprodu\u00e7\u00e3o s\u00e3o destinadas \u00fanica e exclusivamente aos alunos do IESUR\/FAAR.<\/p><p><b>ARQUIVOS<\/b><\/p><p><a href=\"http:\/\/www.faar.edu.br\/portal\/arquivos\/arquivos-nupes\/convenio-faar-agreement.pdf\"><b>Minuta em ingl\u00eas do Acordo de Coopera\u00e7\u00e3o Internacional &#8211; COOPERATION AGREEMENT (arquivo pdf)<\/b><\/a>\u00a0<\/p><p><a href=\"https:\/\/drive.google.com\/file\/d\/1OdflxW1oF65o1WEVQKgodjXqwKfzcyTy\/view?usp=sharing\"><b>https:\/\/drive.google.com\/file\/d\/1OdflxW1oF65o1WEVQKgodjXqwKfzcyTy\/view?usp=sharing<\/b><\/a><b>\u00a0<\/b><\/p><\/div>\n\t\t\t\t\t\t\t\t\t<div class=\"elementor-tab-title elementor-tab-mobile-title\" aria-selected=\"false\" data-tab=\"2\" role=\"tab\" tabindex=\"-1\" aria-controls=\"elementor-tab-content-2452\" aria-expanded=\"false\">Programa de Acordos de Coopera\u00e7\u00e3o Nacional<\/div>\n\t\t\t\t\t<div id=\"elementor-tab-content-2452\" class=\"elementor-tab-content elementor-clearfix\" data-tab=\"2\" role=\"tabpanel\" aria-labelledby=\"elementor-tab-title-2452\" tabindex=\"0\" hidden=\"hidden\"><p>O Instituto de Ensino Superior de Rond\u00f4nia &#8211; IESUR &#8211; alicer\u00e7a o seu desenvolvimento e crescimento priorizando a qualidade do ensino, calcado nos quatro princ\u00edpios b\u00e1sicos da pol\u00edtica estabelecida para o ensino superior: a expans\u00e3o, a diversifica\u00e7\u00e3o de \u00e1reas de atua\u00e7\u00e3o, a avalia\u00e7\u00e3o e a qualifica\u00e7\u00e3o\/moderniza\u00e7\u00e3o. Estes princ\u00edpios s\u00e3o os pilares que sustentam o IESUR desde o seu credenciamento.<\/p><p>\u00a0<\/p><p>A miss\u00e3o primordial do IESUR \u00e9 a de servir a comunidade rondoniense, provendo-a de s\u00f3lidos conhecimentos, gerando, consequentemente, importante progresso cient\u00edfico, econ\u00f4mico, profissional, social e cultural do munic\u00edpio de Ariquemes e regi\u00f5es vizinhas. Trata-se de uma Institui\u00e7\u00e3o comprometida com o bem estar da comunidade na qual est\u00e1 inserida, que n\u00e3o mede esfor\u00e7os em contribuir com a melhoria da qualidade de vida, defesa da express\u00e3o e cumprimento da verdade. E, mais do que isso, oferece uma perspectiva de ensino diferenciada, guiada pela necess\u00e1ria vis\u00e3o interdisciplinar voltada para a transforma\u00e7\u00e3o social.<\/p><p>\u00a0<\/p><p>Dessa forma, para cumprir seus ideais, o IESUR oferece cursos de gradua\u00e7\u00e3o, p\u00f3s-gradua\u00e7\u00e3o lato sensu e muitas outras atividades que fazem parte do Programa de Extens\u00e3o e Responsabilidade Social que atendem a comunidade de Ariquemes.<\/p><p>\u00a0<\/p><p>Por isso, o IESUR\/FAAr em aten\u00e7\u00e3o ao cumprimento das a\u00e7\u00f5es do seu PDI, busca firmar acordos de coopera\u00e7\u00e3o internacional gratuita e por prazo indeterminado, proporcionando a todos os integrantes do IESUR as seguintes possibilidades acad\u00eamicas:<\/p><p>\u00a0<\/p><p><b>I<\/b> &#8211; interc\u00e2mbio de estudantes (gradua\u00e7\u00e3o e p\u00f3s-gradua\u00e7\u00e3o);<\/p><p>\u00a0<\/p><p><b>II<\/b> &#8211; interc\u00e2mbio de estudiosos (docentes e investigadores ou pesquisadores com a finalidade de realizar semin\u00e1rios e pesquisas conjuntamente no IESUR\/FAAr ou no estrangeiro);<\/p><p>\u00a0<\/p><p><b>III<\/b> &#8211; organizar Programas ou Projetos sistem\u00e1ticos e relevantes em conjunto, particularmente relativas \u00e0s linhas de pesquisa j\u00e1 inseridas na IES; e<\/p><p>\u00a0<\/p><p><b>IV<\/b> &#8211; outras bolsas acad\u00eamicas acordadas por ambas as institui\u00e7\u00f5es, como os semin\u00e1rios proferidos por palestrantes internacionais para os alunos da IES ao longo do ano letivo e cursos de ver\u00e3o para alunos nacionais e estrangeiros.<\/p><p>\u00a0<\/p><p>\u00a0<\/p><p>Com a coopera\u00e7\u00e3o com universidades brasileiras\u00a0implantada, o IESUR\/FAAr cumpre mais um dos seus objetivos, que \u00e9 o de estimular o ensino, a pesquisa e a reflex\u00e3o, especialmente \u00e0s linhas de pesquisa institu\u00eddas em 2012 e 2013, respectivamente: (i) Sociedade, Empresa e Sustentabilidade e (ii) Direitos Fundamentais e suas dimens\u00f5es.<\/p><p>\u00a0<\/p><p>Os acad\u00eamicos e docentes do IESUR\/FAAr podem participar do programa de coopera\u00e7\u00e3o com universidades brasileiras, por meio da estrutura\u00e7\u00e3o de Grupos de Pesquisas que podem vir a ser institu\u00eddos, aprofundando o estudo de determinados temas, realizar um estudo comparado de disciplinas e ter contato com um sistema jur\u00eddico distinto do brasileiro.<\/p><p>\u00a0<\/p><p><b>DADOS DE CONTATO<\/b><\/p><p>\u00a0<\/p><p><b>Coordena\u00e7\u00e3o: <\/b>Coordena\u00e7\u00e3o de Pesquisa Extens\u00e3o-COOPEX<\/p><p>\u00a0<\/p><p><b>Destinat\u00e1rio:<\/b> Instituto de Ensino Superior de Rond\u00f4nia\/Faculdades Associadas de Ariquemes (IESUR\/FAAR) &#8211; N\u00facleo de Pesquisas Cient\u00edficas em Direito.<\/p><p>\u00a0<\/p><p><b>Endere\u00e7o:<\/b> Av. Capit\u00e3o Silvio, n\u00ba 2738, Grandes \u00c1reas, Ariquemes\/RO. CEP: 76.876-696<\/p><p>\u00a0<\/p><p><b>Telefone:<\/b> (69) 3535-5005<\/p><p>\u00a0<\/p><p><b>E-mail<\/b>: <a href=\"mailto:coopex@faar.edu.br\">coopex@faar.edu.br<\/a>\u00a0<\/p><p>\u00a0<\/p><p><b>Aten\u00e7\u00e3o!<\/b><\/p><p>\u00a0<\/p><p>A c\u00f3pia e a reprodu\u00e7\u00e3o s\u00e3o destinadas \u00fanica e exclusivamente aos alunos do IESUR\/FAAR.<\/p><p>\u00a0<\/p><p>\u00a0<\/p><p><b>ARQUIVOS<\/b><\/p><p>\u00a0<\/p><p><a href=\"http:\/\/www.faar.edu.br\/portal\/arquivos\/arquivos-nupes\/Convenio%20Nacional.pdf\"><b>Minuta em Portugu\u00eas do Acordo de Coopera\u00e7\u00e3o com Universidades Brasileiras (arquivo pdf)<\/b><\/a><\/p><p><a href=\"https:\/\/drive.google.com\/file\/d\/11dGSXoLqry46pxZlw28cIMz1h0wb2nJq\/view?usp=sharing\">https:\/\/drive.google.com\/file\/d\/11dGSXoLqry46pxZlw28cIMz1h0wb2nJq\/view?usp=sharing<\/a>\u00a0<\/p><\/div>\n\t\t\t\t\t\t\t<\/div>\n\t\t<\/div>\n\t\t\t\t\t\t<\/div>\n\t\t\t\t<\/div>\n\t\t\t\t\t<\/div>\n\t\t<\/div>\n\t\t\t\t\t<\/div>\n\t\t<\/section>\n\t\t\t\t<\/div>\n\t\t","protected":false},"excerpt":{"rendered":"<p>Coopera\u00e7\u00f5es Programa de Acordos de Coopera\u00e7\u00e3o Internacional &#8211; Cooperation Agreement Programa de Acordos de Coopera\u00e7\u00e3o Nacional Programa de Acordos de Coopera\u00e7\u00e3o Internacional &#8211; Cooperation Agreement O Instituto de Ensino Superior de Rond\u00f4nia &#8211; IESUR &#8211; alicer\u00e7a o seu desenvolvimento e crescimento priorizando a qualidade do ensino, calcado nos quatro princ\u00edpios b\u00e1sicos da pol\u00edtica estabelecida para o ensino superior: a expans\u00e3o, a diversifica\u00e7\u00e3o de \u00e1reas de atua\u00e7\u00e3o, a avalia\u00e7\u00e3o e a qualifica\u00e7\u00e3o\/moderniza\u00e7\u00e3o. Estes princ\u00edpios s\u00e3o os pilares que sustentam o IESUR desde o seu credenciamento. A miss\u00e3o primordial do IESUR \u00e9 a de servir a comunidade rondoniense, provendo-a de s\u00f3lidos conhecimentos, gerando, consequentemente, importante progresso cient\u00edfico, econ\u00f4mico, profissional, social e cultural do munic\u00edpio de Ariquemes e regi\u00f5es vizinhas. Trata-se de uma Institui\u00e7\u00e3o comprometida com o bem estar da comunidade na qual est\u00e1 inserida, que n\u00e3o mede esfor\u00e7os em contribuir com a melhoria da qualidade de vida, defesa da express\u00e3o e cumprimento da verdade. E, mais do que isso, oferece uma perspectiva de ensino diferenciada, guiada pela necess\u00e1ria vis\u00e3o interdisciplinar voltada para a transforma\u00e7\u00e3o social. Dessa forma, para cumprir seus ideais, o IESUR oferece cursos de gradua\u00e7\u00e3o, p\u00f3s-gradua\u00e7\u00e3o lato sensu e muitas outras atividades que fazem parte do Programa de Extens\u00e3o e Responsabilidade Social que atendem a comunidade de Ariquemes. Por isso, o IESUR\/FAAr em aten\u00e7\u00e3o ao cumprimento das a\u00e7\u00f5es do seu PDI, busca firmar acordos de coopera\u00e7\u00e3o internacional gratuita e por prazo indeterminado, proporcionando a todos os integrantes do IESUR as seguintes possibilidades acad\u00eamicas: I &#8211; interc\u00e2mbio de estudantes (gradua\u00e7\u00e3o e p\u00f3s-gradua\u00e7\u00e3o); II &#8211; interc\u00e2mbio de estudiosos (docentes e investigadores ou pesquisadores com a finalidade de realizar semin\u00e1rios e pesquisas conjuntamente no IESUR\/FAAr ou no estrangeiro); III &#8211; organizar Programas ou Projetos sistem\u00e1ticos e relevantes em conjunto, particularmente relativas \u00e0s linhas de pesquisa j\u00e1 inseridas na IES; e IV &#8211; outras bolsas acad\u00eamicas acordadas por ambas as institui\u00e7\u00f5es, como os semin\u00e1rios proferidos por palestrantes internacionais para os alunos da IES ao longo do ano letivo e cursos de ver\u00e3o para alunos nacionais e estrangeiros. Com a coopera\u00e7\u00e3o internacional implantada, o IESUR\/FAAr cumpre mais um dos seus objetivos, que \u00e9 o de estimular o ensino, a pesquisa e a reflex\u00e3o, especialmente \u00e0s linhas de pesquisa institu\u00eddas em 2012 e 2013, respectivamente: (i) Sociedade, Empresa e Sustentabilidade e (ii) Direitos Fundamentais e suas dimens\u00f5es. Os acad\u00eamicos e docentes do IESUR\/FAAr podem participar de programa de interc\u00e2mbio, aprofundando o estudo de determinados temas, realizar um estudo comparado de disciplinas e ter contato com um sistema jur\u00eddico distinto do brasileiro. Ademais, a viv\u00eancia internacional permite o contato com diferentes culturas e a troca de experi\u00eancias e ideias com pessoas de diversas partes do mundo. Sendo assim, o PROGRAMA DE INTERC\u00c2MBIO\u00a0contribui tanto para a forma\u00e7\u00e3o profissional e acad\u00eamica do aluno e do docente, quanto para seu desenvolvimento pessoal. DADOS DE CONTATO Coordena\u00e7\u00e3o: Coordena\u00e7\u00e3o de Pesquisa Extens\u00e3o-COOPEX Destinat\u00e1rio: Instituto de Ensino Superior de Rond\u00f4nia\/Faculdades Associadas de Ariquemes (IESUR\/FAAR) &#8211; N\u00facleo de Pesquisas Cient\u00edficas em Direito. Endere\u00e7o: Av. Capit\u00e3o Silvio, n\u00ba 2738, Grandes \u00c1reas, Ariquemes\/RO. CEP: 76.876-696 Telefone: (69) 3535-5005 E-mail: coopex@faar.edu.br Aten\u00e7\u00e3o! A c\u00f3pia e a reprodu\u00e7\u00e3o s\u00e3o destinadas \u00fanica e exclusivamente aos alunos do IESUR\/FAAR. ARQUIVOS Minuta em ingl\u00eas do Acordo de Coopera\u00e7\u00e3o Internacional &#8211; COOPERATION AGREEMENT (arquivo pdf)\u00a0 https:\/\/drive.google.com\/file\/d\/1OdflxW1oF65o1WEVQKgodjXqwKfzcyTy\/view?usp=sharing\u00a0 Programa de Acordos de Coopera\u00e7\u00e3o Nacional O Instituto de Ensino Superior de Rond\u00f4nia &#8211; IESUR &#8211; alicer\u00e7a o seu desenvolvimento e crescimento priorizando a qualidade do ensino, calcado nos quatro princ\u00edpios b\u00e1sicos da pol\u00edtica estabelecida para o ensino superior: a expans\u00e3o, a diversifica\u00e7\u00e3o de \u00e1reas de atua\u00e7\u00e3o, a avalia\u00e7\u00e3o e a qualifica\u00e7\u00e3o\/moderniza\u00e7\u00e3o. Estes princ\u00edpios s\u00e3o os pilares que sustentam o IESUR desde o seu credenciamento. \u00a0 A miss\u00e3o primordial do IESUR \u00e9 a de servir a comunidade rondoniense, provendo-a de s\u00f3lidos conhecimentos, gerando, consequentemente, importante progresso cient\u00edfico, econ\u00f4mico, profissional, social e cultural do munic\u00edpio de Ariquemes e regi\u00f5es vizinhas. Trata-se de uma Institui\u00e7\u00e3o comprometida com o bem estar da comunidade na qual est\u00e1 inserida, que n\u00e3o mede esfor\u00e7os em contribuir com a melhoria da qualidade de vida, defesa da express\u00e3o e cumprimento da verdade. E, mais do que isso, oferece uma perspectiva de ensino diferenciada, guiada pela necess\u00e1ria vis\u00e3o interdisciplinar voltada para a transforma\u00e7\u00e3o social. \u00a0 Dessa forma, para cumprir seus ideais, o IESUR oferece cursos de gradua\u00e7\u00e3o, p\u00f3s-gradua\u00e7\u00e3o lato sensu e muitas outras atividades que fazem parte do Programa de Extens\u00e3o e Responsabilidade Social que atendem a comunidade de Ariquemes. \u00a0 Por isso, o IESUR\/FAAr em aten\u00e7\u00e3o ao cumprimento das a\u00e7\u00f5es do seu PDI, busca firmar acordos de coopera\u00e7\u00e3o internacional gratuita e por prazo indeterminado, proporcionando a todos os integrantes do IESUR as seguintes possibilidades acad\u00eamicas: \u00a0 I &#8211; interc\u00e2mbio de estudantes (gradua\u00e7\u00e3o e p\u00f3s-gradua\u00e7\u00e3o); \u00a0 II &#8211; interc\u00e2mbio de estudiosos (docentes e investigadores ou pesquisadores com a finalidade de realizar semin\u00e1rios e pesquisas conjuntamente no IESUR\/FAAr ou no estrangeiro); \u00a0 III &#8211; organizar Programas ou Projetos sistem\u00e1ticos e relevantes em conjunto, particularmente relativas \u00e0s linhas de pesquisa j\u00e1 inseridas na IES; e \u00a0 IV &#8211; outras bolsas acad\u00eamicas acordadas por ambas as institui\u00e7\u00f5es, como os semin\u00e1rios proferidos por palestrantes internacionais para os alunos da IES ao longo do ano letivo e cursos de ver\u00e3o para alunos nacionais e estrangeiros. \u00a0 \u00a0 Com a coopera\u00e7\u00e3o com universidades brasileiras\u00a0implantada, o IESUR\/FAAr cumpre mais um dos seus objetivos, que \u00e9 o de estimular o ensino, a pesquisa e a reflex\u00e3o, especialmente \u00e0s linhas de pesquisa institu\u00eddas em 2012 e 2013, respectivamente: (i) Sociedade, Empresa e Sustentabilidade e (ii) Direitos Fundamentais e suas dimens\u00f5es. \u00a0 Os acad\u00eamicos e docentes do IESUR\/FAAr podem participar do programa de coopera\u00e7\u00e3o com universidades brasileiras, por meio da estrutura\u00e7\u00e3o de Grupos de Pesquisas que podem vir a ser institu\u00eddos, aprofundando o estudo de determinados temas, realizar um estudo comparado de disciplinas e ter contato com um sistema jur\u00eddico distinto do brasileiro. \u00a0 DADOS DE CONTATO \u00a0 Coordena\u00e7\u00e3o: Coordena\u00e7\u00e3o de Pesquisa Extens\u00e3o-COOPEX \u00a0 Destinat\u00e1rio: Instituto de Ensino Superior de Rond\u00f4nia\/Faculdades Associadas de Ariquemes (IESUR\/FAAR) &#8211; N\u00facleo de Pesquisas Cient\u00edficas em Direito. \u00a0 Endere\u00e7o: Av. Capit\u00e3o Silvio, n\u00ba 2738, Grandes \u00c1reas, Ariquemes\/RO. CEP: 76.876-696<\/p>\n","protected":false},"author":1,"featured_media":0,"parent":0,"menu_order":0,"comment_status":"closed","ping_status":"closed","template":"elementor_header_footer","meta":{"_acf_changed":false,"_uag_custom_page_level_css":"","footnotes":""},"class_list":["post-2228","page","type-page","status-publish","hentry"],"acf":[],"uagb_featured_image_src":{"full":false,"thumbnail":false,"medium":false,"medium_large":false,"large":false,"1536x1536":false,"2048x2048":false},"uagb_author_info":{"display_name":"admin","author_link":"https:\/\/www.faar.edu.br\/sitenovo\/author\/admin\/"},"uagb_comment_info":0,"uagb_excerpt":"Coopera\u00e7\u00f5es Programa de Acordos de Coopera\u00e7\u00e3o Internacional &#8211; Cooperation Agreement Programa de Acordos de Coopera\u00e7\u00e3o Nacional Programa de Acordos de Coopera\u00e7\u00e3o Internacional &#8211; Cooperation Agreement O Instituto de Ensino Superior de Rond\u00f4nia &#8211; IESUR &#8211; alicer\u00e7a o seu desenvolvimento e crescimento priorizando a qualidade do ensino, calcado nos quatro princ\u00edpios b\u00e1sicos da pol\u00edtica estabelecida para&hellip;","_links":{"self":[{"href":"https:\/\/www.faar.edu.br\/sitenovo\/wp-json\/wp\/v2\/pages\/2228","targetHints":{"allow":["GET"]}}],"collection":[{"href":"https:\/\/www.faar.edu.br\/sitenovo\/wp-json\/wp\/v2\/pages"}],"about":[{"href":"https:\/\/www.faar.edu.br\/sitenovo\/wp-json\/wp\/v2\/types\/page"}],"author":[{"embeddable":true,"href":"https:\/\/www.faar.edu.br\/sitenovo\/wp-json\/wp\/v2\/users\/1"}],"replies":[{"embeddable":true,"href":"https:\/\/www.faar.edu.br\/sitenovo\/wp-json\/wp\/v2\/comments?post=2228"}],"version-history":[{"count":31,"href":"https:\/\/www.faar.edu.br\/sitenovo\/wp-json\/wp\/v2\/pages\/2228\/revisions"}],"predecessor-version":[{"id":3206,"href":"https:\/\/www.faar.edu.br\/sitenovo\/wp-json\/wp\/v2\/pages\/2228\/revisions\/3206"}],"wp:attachment":[{"href":"https:\/\/www.faar.edu.br\/sitenovo\/wp-json\/wp\/v2\/media?parent=2228"}],"curies":[{"name":"wp","href":"https:\/\/api.w.org\/{rel}","templated":true}]}}